{"id":1882,"date":"2025-08-22T09:12:52","date_gmt":"2025-08-22T01:12:52","guid":{"rendered":"https:\/\/www.hbyesonsteel.com\/?post_type=product&#038;p=1882"},"modified":"2025-08-22T09:12:52","modified_gmt":"2025-08-22T01:12:52","slug":"202-stainless-steel-sheet","status":"publish","type":"product","link":"https:\/\/www.hbyesonsteel.com\/de\/produkt\/202-stainless-steel-sheet\/","title":{"rendered":"202 Edelstahlblech"},"content":{"rendered":"<p>Edelstahlblech 202 wird in verschiedenen Branchen als ausscheidungsh\u00e4rtendes, nicht magnetisches Blech eingesetzt. Es kann sowohl warm- als auch kaltgewalzt werden und bietet somit Vielseitigkeit f\u00fcr unterschiedliche Anwendungen. HByesonsteel bietet professionelle, ma\u00dfgeschneiderte Dienstleistungen f\u00fcr verschiedene Gr\u00f6\u00dfen, Formen und spezifische Anforderungen. Teilen Sie uns einfach Ihre W\u00fcnsche mit, und wir setzen alles daran, Sie zufriedenzustellen.<\/p>\n<table width=\"441\" data-extentions-extra-tablecapture-id=\"36388\">\n<tbody>\n<tr>\n<td width=\"121\">Breite<\/td>\n<td width=\"320\">1000 \u2013 3500 mm<\/td>\n<\/tr>\n<tr>\n<td>Dicke<\/td>\n<td width=\"320\">0,5 \u2013 200 mm<\/td>\n<\/tr>\n<tr>\n<td>L\u00e4nge<\/td>\n<td width=\"320\">2400 \u2013 6000 mm, oder auf L\u00e4nge geschnitten<\/td>\n<\/tr>\n<tr>\n<td>Oberfl\u00e4chenbeschaffenheit<\/td>\n<td width=\"320\">Walzoberfl\u00e4che, Nr. 1, 2B, 2D, Nr. 4, Nr. 8, Spiegel, Pinsel, Haaransatz<\/td>\n<\/tr>\n<tr>\n<td>Standard<\/td>\n<td width=\"320\">JIS, AISI, ASTM, GB, DIN, EN<\/td>\n<\/tr>\n<tr>\n<td>Spezifikation<\/td>\n<td width=\"320\">ASTM A240 \/ ASME SA240<\/td>\n<\/tr>\n<\/tbody>\n<\/table>","protected":false},"excerpt":{"rendered":"<p>202 stainless steel sheet is widely used in various industries as a precipitation hardening grade that does not possess magnetism. It can be both hot rolled and cold rolled, offering versatility for different applications. At HByesonsteel, we provide professional customized services, catering to different sizes, shapes, and specific requirements. Simply share your needs, and we [&hellip;]<\/p>\n","protected":false},"featured_media":1830,"template":"","meta":{"site-sidebar-layout":"default","site-content-layout":"","ast-site-content-layout":"default","site-content-style":"default","site-sidebar-style":"default","ast-global-header-display":"","ast-banner-title-visibility":"","ast-main-header-display":"","ast-hfb-above-header-display":"","ast-hfb-below-header-display":"","ast-hfb-mobile-header-display":"","site-post-title":"","ast-breadcrumbs-content":"","ast-featured-img":"","footer-sml-layout":"","ast-disable-related-posts":"","theme-transparent-header-meta":"default","adv-header-id-meta":"","stick-header-meta":"","header-above-stick-meta":"","header-main-stick-meta":"","header-below-stick-meta":"","astra-migrate-meta-layouts":"set","ast-page-background-enabled":"default","ast-page-background-meta":{"desktop":{"background-color":"","background-image":"","background-repeat":"repeat","background-position":"center center","background-size":"auto","background-attachment":"scroll","background-type":"","background-media":"","overlay-type":"","overlay-color":"","overlay-opacity":"","overlay-gradient":""},"tablet":{"background-color":"","background-image":"","background-repeat":"repeat","background-position":"center center","background-size":"auto","background-attachment":"scroll","background-type":"","background-media":"","overlay-type":"","overlay-color":"","overlay-opacity":"","overlay-gradient":""},"mobile":{"background-color":"","background-image":"","background-repeat":"repeat","background-position":"center center","background-size":"auto","background-attachment":"scroll","background-type":"","background-media":"","overlay-type":"","overlay-color":"","overlay-opacity":"","overlay-gradient":""}},"ast-content-background-meta":{"desktop":{"background-color":"var(--ast-global-color-5)","background-image":"","background-repeat":"repeat","background-position":"center center","background-size":"auto","background-attachment":"scroll","background-type":"","background-media":"","overlay-type":"","overlay-color":"","overlay-opacity":"","overlay-gradient":""},"tablet":{"background-color":"var(--ast-global-color-5)","background-image":"","background-repeat":"repeat","background-position":"center center","background-size":"auto","background-attachment":"scroll","background-type":"","background-media":"","overlay-type":"","overlay-color":"","overlay-opacity":"","overlay-gradient":""},"mobile":{"background-color":"var(--ast-global-color-5)","background-image":"","background-repeat":"repeat","background-position":"center center","background-size":"auto","background-attachment":"scroll","background-type":"","background-media":"","overlay-type":"","overlay-color":"","overlay-opacity":"","overlay-gradient":""}}},"product_brand":[],"product_cat":[48],"product_tag":[51],"class_list":{"0":"post-1882","1":"product","2":"type-product","3":"status-publish","4":"has-post-thumbnail","6":"product_cat-steel-sheet-plate","7":"product_tag-202-stainless-steel-sheet","8":"desktop-align-left","9":"tablet-align-left","10":"mobile-align-left","12":"first","13":"instock","14":"shipping-taxable","15":"product-type-simple"},"_links":{"self":[{"href":"https:\/\/www.hbyesonsteel.com\/de\/wp-json\/wp\/v2\/product\/1882","targetHints":{"allow":["GET"]}}],"collection":[{"href":"https:\/\/www.hbyesonsteel.com\/de\/wp-json\/wp\/v2\/product"}],"about":[{"href":"https:\/\/www.hbyesonsteel.com\/de\/wp-json\/wp\/v2\/types\/product"}],"wp:featuredmedia":[{"embeddable":true,"href":"https:\/\/www.hbyesonsteel.com\/de\/wp-json\/wp\/v2\/media\/1830"}],"wp:attachment":[{"href":"https:\/\/www.hbyesonsteel.com\/de\/wp-json\/wp\/v2\/media?parent=1882"}],"wp:term":[{"taxonomy":"product_brand","embeddable":true,"href":"https:\/\/www.hbyesonsteel.com\/de\/wp-json\/wp\/v2\/product_brand?post=1882"},{"taxonomy":"product_cat","embeddable":true,"href":"https:\/\/www.hbyesonsteel.com\/de\/wp-json\/wp\/v2\/product_cat?post=1882"},{"taxonomy":"product_tag","embeddable":true,"href":"https:\/\/www.hbyesonsteel.com\/de\/wp-json\/wp\/v2\/product_tag?post=1882"}],"curies":[{"name":"wp","href":"https:\/\/api.w.org\/{rel}","templated":true}]}}