{"id":1950,"date":"2025-08-25T16:17:08","date_gmt":"2025-08-25T08:17:08","guid":{"rendered":"https:\/\/www.hbyesonsteel.com\/?post_type=product&#038;p=1950"},"modified":"2025-08-25T16:17:08","modified_gmt":"2025-08-25T08:17:08","slug":"309s-stainless-steel-sheet","status":"publish","type":"product","link":"https:\/\/www.hbyesonsteel.com\/de\/produkt\/309s-stainless-steel-sheet\/","title":{"rendered":"309S Edelstahlblech"},"content":{"rendered":"<p>309S-Edelstahlblech ist ein austenitischer Edelstahl, der kalt- oder warmgewalzt werden kann. Es l\u00e4sst sich leicht verarbeiten, schwei\u00dfen und stanzen, kann jedoch nicht durch W\u00e4rmebehandlung geh\u00e4rtet werden. HByesonsteel bietet ma\u00dfgeschneiderte Dienstleistungen f\u00fcr verschiedene Gr\u00f6\u00dfen und G\u00fcten und gew\u00e4hrleistet so die Kundenzufriedenheit.<\/p>\n<table width=\"471\" data-extentions-extra-tablecapture-id=\"17534\">\n<tbody>\n<tr>\n<td width=\"110\">Breite<\/td>\n<td width=\"361\">1000-3500 mm<\/td>\n<\/tr>\n<tr>\n<td>Dicke<\/td>\n<td>0,6\u2013100 mm<\/td>\n<\/tr>\n<tr>\n<td>L\u00e4nge<\/td>\n<td>Wir bieten einen Zuschnittservice an.<\/td>\n<\/tr>\n<tr>\n<td>Formulare<\/td>\n<td width=\"361\">Spulen, St\u00e4be, Streifen, Flachst\u00e4be, Rohre, Rohlinge (Kreise), Lochbleche, Riffelbleche usw.<\/td>\n<\/tr>\n<tr>\n<td>Oberfl\u00e4chenbeschaffenheit<\/td>\n<td width=\"361\">2B, 2D, Spiegel, Haaransatz, kariert, gepr\u00e4gt, SATIN, BA, Nr. 8, 8K, Nr. 1, Nr. 4, Sandstrahlen, Pinsel, \u00c4tzen usw.<\/td>\n<\/tr>\n<tr>\n<td>H\u00e4rte<\/td>\n<td width=\"361\">Weich, Feder, Hart, Halbhart, Viertelhart usw.<\/td>\n<\/tr>\n<tr>\n<td>Normen<\/td>\n<td>ASME SA240, AMS 5523, ASTM A240<\/td>\n<\/tr>\n<\/tbody>\n<\/table>","protected":false},"excerpt":{"rendered":"<p>309S stainless steel sheet is a type of austenitic stainless steel that can be cold rolled or hot rolled. It offers easy fabrication, welding, and stamping capabilities, but it cannot be hardened through heat treatment. At HByesonsteel, we provide customized services to cater to different sizes and various grades, ensuring customer satisfaction. Width 1000-3500mm Thickness [&hellip;]<\/p>\n","protected":false},"featured_media":1438,"template":"","meta":{"site-sidebar-layout":"default","site-content-layout":"","ast-site-content-layout":"default","site-content-style":"default","site-sidebar-style":"default","ast-global-header-display":"","ast-banner-title-visibility":"","ast-main-header-display":"","ast-hfb-above-header-display":"","ast-hfb-below-header-display":"","ast-hfb-mobile-header-display":"","site-post-title":"","ast-breadcrumbs-content":"","ast-featured-img":"","footer-sml-layout":"","ast-disable-related-posts":"","theme-transparent-header-meta":"default","adv-header-id-meta":"","stick-header-meta":"","header-above-stick-meta":"","header-main-stick-meta":"","header-below-stick-meta":"","astra-migrate-meta-layouts":"set","ast-page-background-enabled":"default","ast-page-background-meta":{"desktop":{"background-color":"","background-image":"","background-repeat":"repeat","background-position":"center center","background-size":"auto","background-attachment":"scroll","background-type":"","background-media":"","overlay-type":"","overlay-color":"","overlay-opacity":"","overlay-gradient":""},"tablet":{"background-color":"","background-image":"","background-repeat":"repeat","background-position":"center center","background-size":"auto","background-attachment":"scroll","background-type":"","background-media":"","overlay-type":"","overlay-color":"","overlay-opacity":"","overlay-gradient":""},"mobile":{"background-color":"","background-image":"","background-repeat":"repeat","background-position":"center center","background-size":"auto","background-attachment":"scroll","background-type":"","background-media":"","overlay-type":"","overlay-color":"","overlay-opacity":"","overlay-gradient":""}},"ast-content-background-meta":{"desktop":{"background-color":"var(--ast-global-color-5)","background-image":"","background-repeat":"repeat","background-position":"center center","background-size":"auto","background-attachment":"scroll","background-type":"","background-media":"","overlay-type":"","overlay-color":"","overlay-opacity":"","overlay-gradient":""},"tablet":{"background-color":"var(--ast-global-color-5)","background-image":"","background-repeat":"repeat","background-position":"center center","background-size":"auto","background-attachment":"scroll","background-type":"","background-media":"","overlay-type":"","overlay-color":"","overlay-opacity":"","overlay-gradient":""},"mobile":{"background-color":"var(--ast-global-color-5)","background-image":"","background-repeat":"repeat","background-position":"center center","background-size":"auto","background-attachment":"scroll","background-type":"","background-media":"","overlay-type":"","overlay-color":"","overlay-opacity":"","overlay-gradient":""}}},"product_brand":[],"product_cat":[48],"product_tag":[55],"class_list":{"0":"post-1950","1":"product","2":"type-product","3":"status-publish","4":"has-post-thumbnail","6":"product_cat-steel-sheet-plate","7":"product_tag-309s-stainless-steel-sheet","8":"desktop-align-left","9":"tablet-align-left","10":"mobile-align-left","12":"first","13":"instock","14":"shipping-taxable","15":"product-type-simple"},"_links":{"self":[{"href":"https:\/\/www.hbyesonsteel.com\/de\/wp-json\/wp\/v2\/product\/1950","targetHints":{"allow":["GET"]}}],"collection":[{"href":"https:\/\/www.hbyesonsteel.com\/de\/wp-json\/wp\/v2\/product"}],"about":[{"href":"https:\/\/www.hbyesonsteel.com\/de\/wp-json\/wp\/v2\/types\/product"}],"wp:featuredmedia":[{"embeddable":true,"href":"https:\/\/www.hbyesonsteel.com\/de\/wp-json\/wp\/v2\/media\/1438"}],"wp:attachment":[{"href":"https:\/\/www.hbyesonsteel.com\/de\/wp-json\/wp\/v2\/media?parent=1950"}],"wp:term":[{"taxonomy":"product_brand","embeddable":true,"href":"https:\/\/www.hbyesonsteel.com\/de\/wp-json\/wp\/v2\/product_brand?post=1950"},{"taxonomy":"product_cat","embeddable":true,"href":"https:\/\/www.hbyesonsteel.com\/de\/wp-json\/wp\/v2\/product_cat?post=1950"},{"taxonomy":"product_tag","embeddable":true,"href":"https:\/\/www.hbyesonsteel.com\/de\/wp-json\/wp\/v2\/product_tag?post=1950"}],"curies":[{"name":"wp","href":"https:\/\/api.w.org\/{rel}","templated":true}]}}