{"id":1996,"date":"2025-08-28T14:50:16","date_gmt":"2025-08-28T06:50:16","guid":{"rendered":"https:\/\/www.hbyesonsteel.com\/?post_type=product&#038;p=1996"},"modified":"2025-08-28T14:50:16","modified_gmt":"2025-08-28T06:50:16","slug":"316-stainless-steel-sheet","status":"publish","type":"product","link":"https:\/\/www.hbyesonsteel.com\/de\/produkt\/316-stainless-steel-sheet\/","title":{"rendered":"316 Edelstahlblech"},"content":{"rendered":"<p data-start=\"149\" data-end=\"413\">316 Edelstahlblech geh\u00f6rt zu den <strong data-start=\"190\" data-end=\"231\">austenitische Familie rostfreier St\u00e4hle<\/strong> und ist im gegl\u00fchten Zustand nicht magnetisch. Bekannt als <strong data-start=\"288\" data-end=\"320\">Edelstahl in Marinequalit\u00e4t<\/strong>, es wird h\u00e4ufig f\u00fcr Anwendungen in Meerwasser und anderen stark korrosiven Umgebungen gew\u00e4hlt.<\/p>\n<p data-start=\"415\" data-end=\"694\">Wir liefern <strong data-start=\"425\" data-end=\"455\">316 Edelstahlbleche<\/strong> in Breiten von <strong data-start=\"479\" data-end=\"495\">1 Fu\u00df bis 4 Fu\u00df<\/strong> (oder individuell zugeschnitten) und L\u00e4ngen von <strong data-start=\"529\" data-end=\"545\">1 Fu\u00df bis 8 Fu\u00df<\/strong> (oder individuell zugeschnitten). Alle Bl\u00e4tter erf\u00fcllen internationale Qualit\u00e4tsstandards, einschlie\u00dflich <strong data-start=\"621\" data-end=\"691\">ASTM A240 \/ A480 \/ A666, ASME SA240, AMS 5524 \/ 5507 und QQ-S 766<\/strong>.<\/p>\n<h3 data-start=\"701\" data-end=\"719\">Hauptmerkmale<\/h3>\n<ul data-start=\"720\" data-end=\"1120\">\n<li data-start=\"720\" data-end=\"834\">\n<p data-start=\"722\" data-end=\"834\"><strong data-start=\"722\" data-end=\"752\">Hohe Festigkeit und Haltbarkeit<\/strong> \u2013 ausgezeichnete Tragf\u00e4higkeit und Best\u00e4ndigkeit gegen Hochtemperaturbruch.<\/p>\n<\/li>\n<li data-start=\"835\" data-end=\"928\">\n<p data-start=\"837\" data-end=\"928\"><strong data-start=\"837\" data-end=\"873\">Korrosions- und Oxidationsbest\u00e4ndigkeit<\/strong> \u2013 ideal f\u00fcr raue Meeres- und Witterungsbedingungen.<\/p>\n<\/li>\n<li data-start=\"929\" data-end=\"1021\">\n<p data-start=\"931\" data-end=\"1021\"><strong data-start=\"931\" data-end=\"960\">Formbarkeit und Schwei\u00dfbarkeit<\/strong> \u2013 einfach herzustellen und f\u00fcr komplexe Anwendungen geeignet.<\/p>\n<\/li>\n<li data-start=\"1022\" data-end=\"1120\">\n<p data-start=\"1024\" data-end=\"1120\"><strong data-start=\"1024\" data-end=\"1054\">Lochfra\u00df- und Kriechfestigkeit<\/strong> \u2013 zuverl\u00e4ssig in anspruchsvollen chemischen und industriellen Umgebungen.<\/p>\n<\/li>\n<\/ul>\n<h3 data-start=\"1127\" data-end=\"1145\">Anwendungen<\/h3>\n<p data-start=\"1146\" data-end=\"1228\">Abgesehen von der <strong data-start=\"1161\" data-end=\"1180\">Schifffahrtsindustrie<\/strong>, Edelstahlblech 316 wird h\u00e4ufig verwendet in:<\/p>\n<ul data-start=\"1229\" data-end=\"1558\">\n<li data-start=\"1229\" data-end=\"1271\">\n<p data-start=\"1231\" data-end=\"1271\"><strong data-start=\"1231\" data-end=\"1269\">Pharmazeutische und medizinische Ger\u00e4te<\/strong><\/p>\n<\/li>\n<li data-start=\"1272\" data-end=\"1315\">\n<p data-start=\"1274\" data-end=\"1315\"><strong data-start=\"1274\" data-end=\"1313\">Chemische und petrochemische Verarbeitung<\/strong><\/p>\n<\/li>\n<li data-start=\"1316\" data-end=\"1345\">\n<p data-start=\"1318\" data-end=\"1345\"><strong data-start=\"1318\" data-end=\"1343\">Zellstoff- und Papierindustrie<\/strong><\/p>\n<\/li>\n<li data-start=\"1346\" data-end=\"1385\">\n<p data-start=\"1348\" data-end=\"1385\"><strong data-start=\"1348\" data-end=\"1383\">Luft- und Raumfahrt sowie Textilmaschinen<\/strong><\/p>\n<\/li>\n<li data-start=\"1386\" data-end=\"1433\">\n<p data-start=\"1388\" data-end=\"1433\"><strong data-start=\"1388\" data-end=\"1431\">Architektonische und dekorative Anwendungen<\/strong><\/p>\n<\/li>\n<li data-start=\"1434\" data-end=\"1467\">\n<p data-start=\"1436\" data-end=\"1467\"><strong data-start=\"1436\" data-end=\"1465\">Lebensmittelverarbeitungsger\u00e4te<\/strong><\/p>\n<\/li>\n<li data-start=\"1468\" data-end=\"1515\">\n<p data-start=\"1470\" data-end=\"1515\"><strong data-start=\"1470\" data-end=\"1513\">Motoren, Maschinen und Maschinenbauteile<\/strong><\/p>\n<\/li>\n<li data-start=\"1516\" data-end=\"1558\">\n<p data-start=\"1518\" data-end=\"1558\"><strong data-start=\"1518\" data-end=\"1556\">\u00d6l- und Erd\u00f6lraffinerieausr\u00fcstung<\/strong><\/p>\n<\/li>\n<\/ul>\n<p data-start=\"1560\" data-end=\"1746\">Typische Produkte sind <strong data-start=\"1585\" data-end=\"1743\">W\u00e4rmetauscher, Chemikalienbeh\u00e4lter, Labortische, Druckbeh\u00e4lter, Tanks, Ventile, Pumpen, Flansche, Armaturen, Gewindebefestigungen und Bootsbeschl\u00e4ge<\/strong>.<\/p>\n<h3 data-start=\"1753\" data-end=\"1804\">Oberfl\u00e4chenbeschaffenheit von Edelstahlblech 316<\/h3>\n<p data-start=\"1806\" data-end=\"1940\">316 Edelstahlbleche sind in einer Vielzahl von Oberfl\u00e4chenausf\u00fchrungen erh\u00e4ltlich, die jeweils einzigartige Leistungs- und \u00e4sthetische Eigenschaften bieten:<\/p>\n<ul data-start=\"1942\" data-end=\"3091\">\n<li data-start=\"1942\" data-end=\"2101\">\n<p data-start=\"1944\" data-end=\"2101\"><strong data-start=\"1944\" data-end=\"1957\">2B-Finish<\/strong> \u2013 Glatte, matte, reflektierende Oberfl\u00e4che durch Kaltwalzen, Gl\u00fchen und Beizen. Weit verbreitet f\u00fcr industrielle und architektonische Zwecke.<\/p>\n<\/li>\n<li data-start=\"2102\" data-end=\"2244\">\n<p data-start=\"2104\" data-end=\"2244\"><strong data-start=\"2104\" data-end=\"2136\">Nr. 4 (Geb\u00fcrstet\/Satiniert) Finish<\/strong> \u2013 Strukturiertes Aussehen durch mechanisches Polieren; weniger reflektierend als 2B, ideal f\u00fcr dekorative Zwecke.<\/p>\n<\/li>\n<li data-start=\"2245\" data-end=\"2372\">\n<p data-start=\"2247\" data-end=\"2372\"><strong data-start=\"2247\" data-end=\"2278\">BA-Oberfl\u00e4che (blank gegl\u00fcht)<\/strong> \u2013 Hochreflektierende, spiegel\u00e4hnliche Oberfl\u00e4che durch Gl\u00fchen in einem Ofen mit kontrollierter Atmosph\u00e4re.<\/p>\n<\/li>\n<li data-start=\"2373\" data-end=\"2495\">\n<p data-start=\"2375\" data-end=\"2495\"><strong data-start=\"2375\" data-end=\"2394\">Haaransatz-Finish<\/strong> \u2013 Feine, gleichm\u00e4\u00dfige, unidirektionale Politur, die Haarlinien \u00e4hnelt; beliebt f\u00fcr architektonische Designs.<\/p>\n<\/li>\n<li data-start=\"2496\" data-end=\"2602\">\n<p data-start=\"2498\" data-end=\"2602\"><strong data-start=\"2498\" data-end=\"2515\">Hochglanzpoliert<\/strong> \u2013 Extrem glatte und reflektierende Oberfl\u00e4che; wird in hochwertigen dekorativen Anwendungen verwendet.<\/p>\n<\/li>\n<li data-start=\"2603\" data-end=\"2726\">\n<p data-start=\"2605\" data-end=\"2726\"><strong data-start=\"2605\" data-end=\"2624\">Gepr\u00e4gtes Finish<\/strong> \u2013 Durch mechanisches Pr\u00e4gen erzeugte erhabene oder vertiefte Muster; verleihen optische und funktionale Struktur.<\/p>\n<\/li>\n<li data-start=\"2727\" data-end=\"2845\">\n<p data-start=\"2729\" data-end=\"2845\"><strong data-start=\"2729\" data-end=\"2746\">Ge\u00e4tztes Finish<\/strong> \u2013 Chemisch oder elektrolytisch ge\u00e4tzte Designs; werden h\u00e4ufig in k\u00fcnstlerischen und dekorativen Projekten verwendet.<\/p>\n<\/li>\n<li data-start=\"2846\" data-end=\"2980\">\n<p data-start=\"2848\" data-end=\"2980\"><strong data-start=\"2848\" data-end=\"2866\">Farbiges Finish<\/strong> \u2013 Erreicht durch Galvanisierung, PVD (Physical Vapor Deposition) oder Pulverbeschichtung f\u00fcr eine breite Palette von Farbt\u00f6nen.<\/p>\n<\/li>\n<li data-start=\"2981\" data-end=\"3091\">\n<p data-start=\"2983\" data-end=\"3091\"><strong data-start=\"2983\" data-end=\"3003\">Gemusterte Oberfl\u00e4che<\/strong> \u2013 Benutzerdefinierte Texturen oder Designs, die sowohl f\u00fcr das Aussehen als auch f\u00fcr die Leistung gepresst oder gepr\u00e4gt werden.<\/p>\n<\/li>\n<\/ul>\n<p data-start=\"3093\" data-end=\"3241\"><strong data-start=\"3093\" data-end=\"3122\">Die Wahl des richtigen Finishs<\/strong> h\u00e4ngt von den Anwendungsanforderungen ab \u2013 Ausgleich <strong data-start=\"3169\" data-end=\"3238\">\u00c4sthetik, Korrosionsbest\u00e4ndigkeit, Reinigungsf\u00e4higkeit und Funktionalit\u00e4t<\/strong>.<\/p>\n<table data-extentions-extra-tablecapture-id=\"362438\">\n<tbody>\n<tr>\n<td>Zugfestigkeit<\/td>\n<td>Elastizit\u00e4t<\/td>\n<td>Scherfestigkeit<\/td>\n<td>Brinellh\u00e4rte<\/td>\n<td>Dichte<\/td>\n<td>Streckgrenze<\/td>\n<td>Verl\u00e4ngerung<\/td>\n<\/tr>\n<tr>\n<td>70.000 psi<\/td>\n<td>29.000 ksi<\/td>\n<td>11.500 psi<\/td>\n<td>217<\/td>\n<td>0,29 lb\/Zoll<\/td>\n<td>34.800 psi<\/td>\n<td>40%<\/td>\n<\/tr>\n<\/tbody>\n<\/table>","protected":false},"excerpt":{"rendered":"<p>316 stainless steel sheet belongs to the austenitic family of stainless steels and is non-magnetic in the annealed condition. Known as marine grade stainless steel, it is widely chosen for applications in seawater and other highly corrosive environments. We supply 316 stainless steel sheets in widths ranging from 1 ft to 4 ft (or custom [&hellip;]<\/p>\n","protected":false},"featured_media":1997,"template":"","meta":{"site-sidebar-layout":"default","site-content-layout":"","ast-site-content-layout":"default","site-content-style":"default","site-sidebar-style":"default","ast-global-header-display":"","ast-banner-title-visibility":"","ast-main-header-display":"","ast-hfb-above-header-display":"","ast-hfb-below-header-display":"","ast-hfb-mobile-header-display":"","site-post-title":"","ast-breadcrumbs-content":"","ast-featured-img":"","footer-sml-layout":"","ast-disable-related-posts":"","theme-transparent-header-meta":"default","adv-header-id-meta":"","stick-header-meta":"","header-above-stick-meta":"","header-main-stick-meta":"","header-below-stick-meta":"","astra-migrate-meta-layouts":"set","ast-page-background-enabled":"default","ast-page-background-meta":{"desktop":{"background-color":"","background-image":"","background-repeat":"repeat","background-position":"center center","background-size":"auto","background-attachment":"scroll","background-type":"","background-media":"","overlay-type":"","overlay-color":"","overlay-opacity":"","overlay-gradient":""},"tablet":{"background-color":"","background-image":"","background-repeat":"repeat","background-position":"center center","background-size":"auto","background-attachment":"scroll","background-type":"","background-media":"","overlay-type":"","overlay-color":"","overlay-opacity":"","overlay-gradient":""},"mobile":{"background-color":"","background-image":"","background-repeat":"repeat","background-position":"center center","background-size":"auto","background-attachment":"scroll","background-type":"","background-media":"","overlay-type":"","overlay-color":"","overlay-opacity":"","overlay-gradient":""}},"ast-content-background-meta":{"desktop":{"background-color":"var(--ast-global-color-5)","background-image":"","background-repeat":"repeat","background-position":"center center","background-size":"auto","background-attachment":"scroll","background-type":"","background-media":"","overlay-type":"","overlay-color":"","overlay-opacity":"","overlay-gradient":""},"tablet":{"background-color":"var(--ast-global-color-5)","background-image":"","background-repeat":"repeat","background-position":"center center","background-size":"auto","background-attachment":"scroll","background-type":"","background-media":"","overlay-type":"","overlay-color":"","overlay-opacity":"","overlay-gradient":""},"mobile":{"background-color":"var(--ast-global-color-5)","background-image":"","background-repeat":"repeat","background-position":"center center","background-size":"auto","background-attachment":"scroll","background-type":"","background-media":"","overlay-type":"","overlay-color":"","overlay-opacity":"","overlay-gradient":""}}},"product_brand":[],"product_cat":[48],"product_tag":[57],"class_list":{"0":"post-1996","1":"product","2":"type-product","3":"status-publish","4":"has-post-thumbnail","6":"product_cat-steel-sheet-plate","7":"product_tag-316-stainless-steel-sheet","8":"desktop-align-left","9":"tablet-align-left","10":"mobile-align-left","12":"first","13":"instock","14":"shipping-taxable","15":"product-type-simple"},"_links":{"self":[{"href":"https:\/\/www.hbyesonsteel.com\/de\/wp-json\/wp\/v2\/product\/1996","targetHints":{"allow":["GET"]}}],"collection":[{"href":"https:\/\/www.hbyesonsteel.com\/de\/wp-json\/wp\/v2\/product"}],"about":[{"href":"https:\/\/www.hbyesonsteel.com\/de\/wp-json\/wp\/v2\/types\/product"}],"wp:featuredmedia":[{"embeddable":true,"href":"https:\/\/www.hbyesonsteel.com\/de\/wp-json\/wp\/v2\/media\/1997"}],"wp:attachment":[{"href":"https:\/\/www.hbyesonsteel.com\/de\/wp-json\/wp\/v2\/media?parent=1996"}],"wp:term":[{"taxonomy":"product_brand","embeddable":true,"href":"https:\/\/www.hbyesonsteel.com\/de\/wp-json\/wp\/v2\/product_brand?post=1996"},{"taxonomy":"product_cat","embeddable":true,"href":"https:\/\/www.hbyesonsteel.com\/de\/wp-json\/wp\/v2\/product_cat?post=1996"},{"taxonomy":"product_tag","embeddable":true,"href":"https:\/\/www.hbyesonsteel.com\/de\/wp-json\/wp\/v2\/product_tag?post=1996"}],"curies":[{"name":"wp","href":"https:\/\/api.w.org\/{rel}","templated":true}]}}