{"id":2470,"date":"2025-10-20T14:19:33","date_gmt":"2025-10-20T06:19:33","guid":{"rendered":"https:\/\/www.hbyesonsteel.com\/?post_type=product&#038;p=2470"},"modified":"2025-10-20T14:21:59","modified_gmt":"2025-10-20T06:21:59","slug":"galvanized-steel-roofing-sheet","status":"publish","type":"product","link":"https:\/\/www.hbyesonsteel.com\/de\/produkt\/galvanized-steel-roofing-sheet\/","title":{"rendered":"Verzinktes Stahldachblech"},"content":{"rendered":"<p>Verzinktes Stahldachblech kombiniert verzinkten Stahl mit einem gewellten Design und bietet so eine hohe Festigkeit. Au\u00dferdem ist es leicht, so dass es einfach und schnell zu installieren ist. Aus diesem Grund werden verzinkte Dachbleche h\u00e4ufig in landwirtschaftlichen, industriellen, gewerblichen und Wohngeb\u00e4uden wie Lagerhallen, Behelfsh\u00e4usern, Scheunen, Garagen usw. verwendet. HBYeson Steel bietet verzinkte Dachbleche in verschiedenen St\u00e4rken, L\u00e4ngen und Ausf\u00fchrungen zum Verkauf an. Wir bieten auch kundenspezifische L\u00f6sungen an, um Ihre Projekte besser zu erf\u00fcllen. Bitte kontaktieren Sie uns f\u00fcr weitere Informationen!<\/p>\n<table width=\"100%\" data-extentions-extra-tablecapture-id=\"411427\">\n<tbody>\n<tr>\n<td width=\"193\">Verzinkung Dicke der Beschichtung<\/td>\n<td width=\"658\">40 g\/m<sup>2<\/sup>-275 g\/m<sup>2<\/sup><\/td>\n<\/tr>\n<tr>\n<td width=\"193\">Dicke<\/td>\n<td width=\"658\">0,15 mm-0,8 mm<\/td>\n<\/tr>\n<tr>\n<td width=\"193\">Gesamtbreite<\/td>\n<td width=\"658\">750 mm-1.250 mm<\/td>\n<\/tr>\n<tr>\n<td width=\"193\">Effektive Breite<\/td>\n<td width=\"658\">600 mm-1.050 mm<\/td>\n<\/tr>\n<tr>\n<td width=\"193\">Profile<\/td>\n<td width=\"658\">Wellenf\u00f6rmig, Kacheln, IBR, etc.<\/td>\n<\/tr>\n<tr>\n<td width=\"193\">L\u00e4nge<\/td>\n<td width=\"658\">Je nach Ihren Anforderungen<\/td>\n<\/tr>\n<tr>\n<td width=\"193\">Pailletten<\/td>\n<td width=\"658\">Gro\u00dfe Pailletten, normale Pailletten, kleine Pailletten, Null-Pailletten<\/td>\n<\/tr>\n<tr>\n<td width=\"193\">MOQ<\/td>\n<td width=\"658\">10 Tonnen oder 500 St\u00fcck<\/td>\n<\/tr>\n<tr>\n<td width=\"193\">Verpackung<\/td>\n<td width=\"658\">Standard-Exportverpackung<\/td>\n<\/tr>\n<\/tbody>\n<\/table>","protected":false},"excerpt":{"rendered":"<p>Zinc roofing is galvanized corrugated sheets, base material is galvanized steel sheet. After cold forming through the module, it became the corrugated sheet. The product has various designed type and specification, such as Wave type,Trapezoidal type,Glazed type. As widely used for roofing material, it is also called roof sheet.<\/p>","protected":false},"featured_media":2471,"template":"","meta":{"site-sidebar-layout":"default","site-content-layout":"","ast-site-content-layout":"default","site-content-style":"default","site-sidebar-style":"default","ast-global-header-display":"","ast-banner-title-visibility":"","ast-main-header-display":"","ast-hfb-above-header-display":"","ast-hfb-below-header-display":"","ast-hfb-mobile-header-display":"","site-post-title":"","ast-breadcrumbs-content":"","ast-featured-img":"","footer-sml-layout":"","ast-disable-related-posts":"","theme-transparent-header-meta":"default","adv-header-id-meta":"","stick-header-meta":"","header-above-stick-meta":"","header-main-stick-meta":"","header-below-stick-meta":"","astra-migrate-meta-layouts":"set","ast-page-background-enabled":"default","ast-page-background-meta":{"desktop":{"background-color":"","background-image":"","background-repeat":"repeat","background-position":"center center","background-size":"auto","background-attachment":"scroll","background-type":"","background-media":"","overlay-type":"","overlay-color":"","overlay-opacity":"","overlay-gradient":""},"tablet":{"background-color":"","background-image":"","background-repeat":"repeat","background-position":"center center","background-size":"auto","background-attachment":"scroll","background-type":"","background-media":"","overlay-type":"","overlay-color":"","overlay-opacity":"","overlay-gradient":""},"mobile":{"background-color":"","background-image":"","background-repeat":"repeat","background-position":"center center","background-size":"auto","background-attachment":"scroll","background-type":"","background-media":"","overlay-type":"","overlay-color":"","overlay-opacity":"","overlay-gradient":""}},"ast-content-background-meta":{"desktop":{"background-color":"var(--ast-global-color-5)","background-image":"","background-repeat":"repeat","background-position":"center center","background-size":"auto","background-attachment":"scroll","background-type":"","background-media":"","overlay-type":"","overlay-color":"","overlay-opacity":"","overlay-gradient":""},"tablet":{"background-color":"var(--ast-global-color-5)","background-image":"","background-repeat":"repeat","background-position":"center center","background-size":"auto","background-attachment":"scroll","background-type":"","background-media":"","overlay-type":"","overlay-color":"","overlay-opacity":"","overlay-gradient":""},"mobile":{"background-color":"var(--ast-global-color-5)","background-image":"","background-repeat":"repeat","background-position":"center center","background-size":"auto","background-attachment":"scroll","background-type":"","background-media":"","overlay-type":"","overlay-color":"","overlay-opacity":"","overlay-gradient":""}}},"product_brand":[],"product_cat":[79],"product_tag":[83],"class_list":{"0":"post-2470","1":"product","2":"type-product","3":"status-publish","4":"has-post-thumbnail","6":"product_cat-roofing-sheet","7":"product_tag-galvanized-steel-roofing-sheet","8":"desktop-align-left","9":"tablet-align-left","10":"mobile-align-left","12":"first","13":"instock","14":"shipping-taxable","15":"product-type-simple"},"_links":{"self":[{"href":"https:\/\/www.hbyesonsteel.com\/de\/wp-json\/wp\/v2\/product\/2470","targetHints":{"allow":["GET"]}}],"collection":[{"href":"https:\/\/www.hbyesonsteel.com\/de\/wp-json\/wp\/v2\/product"}],"about":[{"href":"https:\/\/www.hbyesonsteel.com\/de\/wp-json\/wp\/v2\/types\/product"}],"wp:featuredmedia":[{"embeddable":true,"href":"https:\/\/www.hbyesonsteel.com\/de\/wp-json\/wp\/v2\/media\/2471"}],"wp:attachment":[{"href":"https:\/\/www.hbyesonsteel.com\/de\/wp-json\/wp\/v2\/media?parent=2470"}],"wp:term":[{"taxonomy":"product_brand","embeddable":true,"href":"https:\/\/www.hbyesonsteel.com\/de\/wp-json\/wp\/v2\/product_brand?post=2470"},{"taxonomy":"product_cat","embeddable":true,"href":"https:\/\/www.hbyesonsteel.com\/de\/wp-json\/wp\/v2\/product_cat?post=2470"},{"taxonomy":"product_tag","embeddable":true,"href":"https:\/\/www.hbyesonsteel.com\/de\/wp-json\/wp\/v2\/product_tag?post=2470"}],"curies":[{"name":"wp","href":"https:\/\/api.w.org\/{rel}","templated":true}]}}