{"id":1730,"date":"2025-02-06T17:20:05","date_gmt":"2025-02-06T09:20:05","guid":{"rendered":"https:\/\/www.hbyesonsteel.com\/?post_type=product&#038;p=1730"},"modified":"2025-08-21T16:08:29","modified_gmt":"2025-08-21T08:08:29","slug":"ei-core-three-phase-lamination","status":"publish","type":"product","link":"https:\/\/www.hbyesonsteel.com\/es\/producto\/ei-core-three-phase-lamination\/","title":{"rendered":"Laminaci\u00f3n trif\u00e1sica del n\u00facleo EI"},"content":{"rendered":"<p>Los n\u00facleos de laminaci\u00f3n trif\u00e1sicos son esenciales en la producci\u00f3n de transformadores trif\u00e1sicos. En los transformadores que utilizan n\u00facleos de laminaci\u00f3n 3UI, cada uno de los tres brazos del n\u00facleo soporta un cuerpo de bobina. A diferencia de las l\u00e1minas EI, las l\u00e1minas 3UI no se pueden soldar, ya que las uniones de las l\u00e1minas E e I se ubican dentro del cuerpo de la bobina. Por lo tanto, las l\u00e1minas E e I deben anidarse alternativamente durante el proceso de fabricaci\u00f3n. Para ello, se insertan una o m\u00e1s l\u00e1minas id\u00e9nticas desde un lado del cuerpo de la bobina. Existen m\u00e1quinas de anidaci\u00f3n especializadas para l\u00e1minas 3UI, lo que ayuda a reducir significativamente el tiempo de fabricaci\u00f3n.<\/p>","protected":false},"excerpt":{"rendered":"<p>Three phase lamination cores are essential in the production of three-phase transformers. In transformers utilizing 3UI lamination cores, each of the three core arms supports a coil body. Unlike EI sheets, the 3UI sheets cannot be welded, as the joints of the E and I sheets are positioned within the coil body. As a result, [&hellip;]<\/p>\n","protected":false},"featured_media":1731,"template":"","meta":{"site-sidebar-layout":"default","site-content-layout":"","ast-site-content-layout":"default","site-content-style":"default","site-sidebar-style":"default","ast-global-header-display":"","ast-banner-title-visibility":"","ast-main-header-display":"","ast-hfb-above-header-display":"","ast-hfb-below-header-display":"","ast-hfb-mobile-header-display":"","site-post-title":"","ast-breadcrumbs-content":"","ast-featured-img":"","footer-sml-layout":"","ast-disable-related-posts":"","theme-transparent-header-meta":"default","adv-header-id-meta":"","stick-header-meta":"","header-above-stick-meta":"","header-main-stick-meta":"","header-below-stick-meta":"","astra-migrate-meta-layouts":"set","ast-page-background-enabled":"default","ast-page-background-meta":{"desktop":{"background-color":"","background-image":"","background-repeat":"repeat","background-position":"center center","background-size":"auto","background-attachment":"scroll","background-type":"","background-media":"","overlay-type":"","overlay-color":"","overlay-opacity":"","overlay-gradient":""},"tablet":{"background-color":"","background-image":"","background-repeat":"repeat","background-position":"center center","background-size":"auto","background-attachment":"scroll","background-type":"","background-media":"","overlay-type":"","overlay-color":"","overlay-opacity":"","overlay-gradient":""},"mobile":{"background-color":"","background-image":"","background-repeat":"repeat","background-position":"center center","background-size":"auto","background-attachment":"scroll","background-type":"","background-media":"","overlay-type":"","overlay-color":"","overlay-opacity":"","overlay-gradient":""}},"ast-content-background-meta":{"desktop":{"background-color":"var(--ast-global-color-5)","background-image":"","background-repeat":"repeat","background-position":"center center","background-size":"auto","background-attachment":"scroll","background-type":"","background-media":"","overlay-type":"","overlay-color":"","overlay-opacity":"","overlay-gradient":""},"tablet":{"background-color":"var(--ast-global-color-5)","background-image":"","background-repeat":"repeat","background-position":"center center","background-size":"auto","background-attachment":"scroll","background-type":"","background-media":"","overlay-type":"","overlay-color":"","overlay-opacity":"","overlay-gradient":""},"mobile":{"background-color":"var(--ast-global-color-5)","background-image":"","background-repeat":"repeat","background-position":"center center","background-size":"auto","background-attachment":"scroll","background-type":"","background-media":"","overlay-type":"","overlay-color":"","overlay-opacity":"","overlay-gradient":""}}},"product_brand":[],"product_cat":[49],"product_tag":[43],"class_list":{"0":"post-1730","1":"product","2":"type-product","3":"status-publish","4":"has-post-thumbnail","6":"product_cat-transformer-core","7":"product_tag-three-phase-lamination","8":"desktop-align-left","9":"tablet-align-left","10":"mobile-align-left","12":"first","13":"instock","14":"shipping-taxable","15":"product-type-simple"},"_links":{"self":[{"href":"https:\/\/www.hbyesonsteel.com\/es\/wp-json\/wp\/v2\/product\/1730","targetHints":{"allow":["GET"]}}],"collection":[{"href":"https:\/\/www.hbyesonsteel.com\/es\/wp-json\/wp\/v2\/product"}],"about":[{"href":"https:\/\/www.hbyesonsteel.com\/es\/wp-json\/wp\/v2\/types\/product"}],"wp:featuredmedia":[{"embeddable":true,"href":"https:\/\/www.hbyesonsteel.com\/es\/wp-json\/wp\/v2\/media\/1731"}],"wp:attachment":[{"href":"https:\/\/www.hbyesonsteel.com\/es\/wp-json\/wp\/v2\/media?parent=1730"}],"wp:term":[{"taxonomy":"product_brand","embeddable":true,"href":"https:\/\/www.hbyesonsteel.com\/es\/wp-json\/wp\/v2\/product_brand?post=1730"},{"taxonomy":"product_cat","embeddable":true,"href":"https:\/\/www.hbyesonsteel.com\/es\/wp-json\/wp\/v2\/product_cat?post=1730"},{"taxonomy":"product_tag","embeddable":true,"href":"https:\/\/www.hbyesonsteel.com\/es\/wp-json\/wp\/v2\/product_tag?post=1730"}],"curies":[{"name":"wp","href":"https:\/\/api.w.org\/{rel}","templated":true}]}}