{"id":1826,"date":"2025-08-20T17:49:16","date_gmt":"2025-08-20T09:49:16","guid":{"rendered":"https:\/\/www.hbyesonsteel.com\/?post_type=product&#038;p=1826"},"modified":"2025-08-21T16:07:18","modified_gmt":"2025-08-21T08:07:18","slug":"201-stainless-steel-sheet","status":"publish","type":"product","link":"https:\/\/www.hbyesonsteel.com\/es\/producto\/201-stainless-steel-sheet\/","title":{"rendered":"Chapa de acero inoxidable 201"},"content":{"rendered":"<p>La placa de acero inoxidable 201 es un acero austen\u00edtico de alto rendimiento. Presenta un aumento en el l\u00edmite el\u00e1stico y la resistencia a la tracci\u00f3n al disminuir la temperatura. Entre sus cualidades se encuentran la resistencia a \u00e1cidos y \u00e1lcalis, su alta densidad, la ausencia de poros y la ausencia de pulido. El tipo 201 es un sustituto m\u00e1s econ\u00f3mico de los aceros inoxidables 301 y 304.<\/p>\n<p>HBYesonSteel suministra l\u00e1minas de acero inoxidable 201 ideales para aplicaciones de soldadura. Tambi\u00e9n son ideales para entornos comerciales, arquitect\u00f3nicos, dom\u00e9sticos y otros. Incluye tuber\u00edas industriales, tuber\u00edas decorativas, la producci\u00f3n de todo tipo de cajas de relojes y m\u00e1s. En HBYesonSteel, ofrecemos diferentes tipos de placas de acero inoxidable 201, dimensiones, tratamientos superficiales y otras opciones.<\/p>\n<p>\u00a1Para una soluci\u00f3n inmediata cont\u00e1ctenos hoy!<\/p>\n<table data-extentions-extra-tablecapture-id=\"509440\">\n<tbody>\n<tr>\n<td colspan=\"4\" width=\"1146\"><strong><b>Par\u00e1metros del producto: Chapa\/placa de acero inoxidable<\/b><\/strong><\/td>\n<\/tr>\n<tr>\n<td width=\"195\"><strong><b>Ancho<\/b><\/strong><\/td>\n<td colspan=\"3\" width=\"950\">10 mm ~ 2500 mm<\/td>\n<\/tr>\n<tr>\n<td width=\"195\"><strong><b>Espesor<\/b><\/strong><\/td>\n<td width=\"241\">0,2 mm ~ 100 mm<\/td>\n<td width=\"422\"><strong><b>Espesor<\/b><\/strong><strong><b>\u00a0<\/b><\/strong><strong><b>tolerancia<\/b><\/strong><\/td>\n<td width=\"287\">+\/-0,03 mm<\/td>\n<\/tr>\n<tr>\n<td width=\"195\"><strong><b>Est\u00e1ndar<\/b><\/strong><\/td>\n<td colspan=\"3\" width=\"950\">ASTM\/ASME 240\/480, JIS 4305, DIN EN 10088-2<\/td>\n<\/tr>\n<tr>\n<td width=\"195\"><strong><b>Superficie<\/b><\/strong><\/td>\n<td colspan=\"3\" width=\"950\">2B, BA, 8K, N.\u00b0 1, N.\u00b0 4, N.\u00b0 3, rayita, a cuadros, dorado, negro, oro rosa, etc.<\/td>\n<\/tr>\n<tr>\n<td width=\"195\"><strong><b>especificaci\u00f3n<\/b><\/strong><\/td>\n<td colspan=\"3\" width=\"950\">1000*2000\/L, 1219*2438\/L, 1250*2500\/L, 1500*3000\/L1500*6000\/L, 1800*6000\/L, 2000*6000\/L2200*6000L<\/td>\n<\/tr>\n<tr>\n<td width=\"195\"><strong><b>Calificaci\u00f3n<\/b><\/strong><\/td>\n<td colspan=\"3\" width=\"950\">304\u00a0304DQ\u00a0201\u00a0301\u00a0304L\u00a0304H\u00a0309S\u00a0310S\u00a0316L\u00a0316TI\u00a0317L\u00a0321\u00a0347\u00a0347H\u00a0430\u00a0410\u00a0410S\u00a0420\u00a0420J2\u00a0430\u00a0430LNT\u00a0430J1L\u00a0434\u00a0436L\u00a0439\u00a0441\u00a0443\u00a0444\u00a0904L\u00a02205\u00a02507\u00a0S32750\u00a0S32760\u00a0445J2\u00a0442etc<\/td>\n<\/tr>\n<\/tbody>\n<\/table>\n<p>&nbsp;<\/p>","protected":false},"excerpt":{"rendered":"<p>The 201 stainless steel plate is high-performance austenitic steel. It exhibits an increase in yield and tensile strength with decreasing temperatures. Acid and alkali resistance, high density, no pinholes, and no polishing were among its qualities. Type 201 is a less expensive substitute for stainless steel 301 and 304. HBYesonSteel supplies 201 stainless steel sheets [&hellip;]<\/p>\n","protected":false},"featured_media":1432,"template":"","meta":{"site-sidebar-layout":"default","site-content-layout":"","ast-site-content-layout":"default","site-content-style":"default","site-sidebar-style":"default","ast-global-header-display":"","ast-banner-title-visibility":"","ast-main-header-display":"","ast-hfb-above-header-display":"","ast-hfb-below-header-display":"","ast-hfb-mobile-header-display":"","site-post-title":"","ast-breadcrumbs-content":"","ast-featured-img":"","footer-sml-layout":"","ast-disable-related-posts":"","theme-transparent-header-meta":"default","adv-header-id-meta":"","stick-header-meta":"","header-above-stick-meta":"","header-main-stick-meta":"","header-below-stick-meta":"","astra-migrate-meta-layouts":"set","ast-page-background-enabled":"default","ast-page-background-meta":{"desktop":{"background-color":"","background-image":"","background-repeat":"repeat","background-position":"center center","background-size":"auto","background-attachment":"scroll","background-type":"","background-media":"","overlay-type":"","overlay-color":"","overlay-opacity":"","overlay-gradient":""},"tablet":{"background-color":"","background-image":"","background-repeat":"repeat","background-position":"center center","background-size":"auto","background-attachment":"scroll","background-type":"","background-media":"","overlay-type":"","overlay-color":"","overlay-opacity":"","overlay-gradient":""},"mobile":{"background-color":"","background-image":"","background-repeat":"repeat","background-position":"center center","background-size":"auto","background-attachment":"scroll","background-type":"","background-media":"","overlay-type":"","overlay-color":"","overlay-opacity":"","overlay-gradient":""}},"ast-content-background-meta":{"desktop":{"background-color":"var(--ast-global-color-5)","background-image":"","background-repeat":"repeat","background-position":"center center","background-size":"auto","background-attachment":"scroll","background-type":"","background-media":"","overlay-type":"","overlay-color":"","overlay-opacity":"","overlay-gradient":""},"tablet":{"background-color":"var(--ast-global-color-5)","background-image":"","background-repeat":"repeat","background-position":"center center","background-size":"auto","background-attachment":"scroll","background-type":"","background-media":"","overlay-type":"","overlay-color":"","overlay-opacity":"","overlay-gradient":""},"mobile":{"background-color":"var(--ast-global-color-5)","background-image":"","background-repeat":"repeat","background-position":"center center","background-size":"auto","background-attachment":"scroll","background-type":"","background-media":"","overlay-type":"","overlay-color":"","overlay-opacity":"","overlay-gradient":""}}},"product_brand":[],"product_cat":[48],"product_tag":[47],"class_list":{"0":"post-1826","1":"product","2":"type-product","3":"status-publish","4":"has-post-thumbnail","6":"product_cat-steel-sheet-plate","7":"product_tag-201-stainless-steel-sheet","8":"desktop-align-left","9":"tablet-align-left","10":"mobile-align-left","12":"first","13":"instock","14":"shipping-taxable","15":"product-type-simple"},"_links":{"self":[{"href":"https:\/\/www.hbyesonsteel.com\/es\/wp-json\/wp\/v2\/product\/1826","targetHints":{"allow":["GET"]}}],"collection":[{"href":"https:\/\/www.hbyesonsteel.com\/es\/wp-json\/wp\/v2\/product"}],"about":[{"href":"https:\/\/www.hbyesonsteel.com\/es\/wp-json\/wp\/v2\/types\/product"}],"wp:featuredmedia":[{"embeddable":true,"href":"https:\/\/www.hbyesonsteel.com\/es\/wp-json\/wp\/v2\/media\/1432"}],"wp:attachment":[{"href":"https:\/\/www.hbyesonsteel.com\/es\/wp-json\/wp\/v2\/media?parent=1826"}],"wp:term":[{"taxonomy":"product_brand","embeddable":true,"href":"https:\/\/www.hbyesonsteel.com\/es\/wp-json\/wp\/v2\/product_brand?post=1826"},{"taxonomy":"product_cat","embeddable":true,"href":"https:\/\/www.hbyesonsteel.com\/es\/wp-json\/wp\/v2\/product_cat?post=1826"},{"taxonomy":"product_tag","embeddable":true,"href":"https:\/\/www.hbyesonsteel.com\/es\/wp-json\/wp\/v2\/product_tag?post=1826"}],"curies":[{"name":"wp","href":"https:\/\/api.w.org\/{rel}","templated":true}]}}