{"id":1904,"date":"2025-08-22T11:21:12","date_gmt":"2025-08-22T03:21:12","guid":{"rendered":"https:\/\/www.hbyesonsteel.com\/?post_type=product&#038;p=1904"},"modified":"2025-08-22T11:21:12","modified_gmt":"2025-08-22T03:21:12","slug":"301-stainless-steel-sheet","status":"publish","type":"product","link":"https:\/\/www.hbyesonsteel.com\/es\/producto\/301-stainless-steel-sheet\/","title":{"rendered":"Chapa de acero inoxidable 301"},"content":{"rendered":"<p>La l\u00e1mina de acero inoxidable 301 es un tipo de acero inoxidable austen\u00edtico que se puede trabajar en fr\u00edo en diversos temples. Es apta para soldadura, conformado y embutici\u00f3n, y est\u00e1 disponible en m\u00faltiples acabados superficiales. La dureza de las l\u00e1minas de acero inoxidable 301 aumenta r\u00e1pidamente durante el mecanizado, y ofrecemos l\u00e1minas de 1\/4 de dureza, 1\/2 de dureza y dureza total para satisfacer diferentes requisitos de trabajo.<\/p>\n<h2>Especificaciones t\u00e9cnicas<\/h2>\n<table data-extentions-extra-tablecapture-id=\"672956\">\n<tbody>\n<tr>\n<td>Ancho<\/td>\n<td>10 mm ~ 2500 mm<\/td>\n<\/tr>\n<tr>\n<td>Espesor<\/td>\n<td>0,032\u2033 ~ 0,063\u2033<\/td>\n<\/tr>\n<tr>\n<td>Tama\u00f1o<\/td>\n<td>1000*2000\/L, 1219*2438\/L, 1250*2500\/L, 1500*3000\/L, 1500*6000\/L, 1800*6000\/L, 2000*6000\/L, 2200*6000L<\/td>\n<\/tr>\n<tr>\n<td>Est\u00e1ndar<\/td>\n<td>AMS 5519, ASTM A666, AMS 5517, AMS 5518, AMS5901, AISI 301, ASTM-A167, ASTM-A177, ASTM-A554, DIN 1.4310, MIL S-5059, QQ S766, UNS S30100<\/td>\n<\/tr>\n<tr>\n<td>Superficie<\/td>\n<td>2B, BA, 8K, N.\u00b0 1, N.\u00b0 4, N.\u00b0 3, L\u00ednea del cabello<\/td>\n<\/tr>\n<\/tbody>\n<\/table>","protected":false},"excerpt":{"rendered":"<p>301 stainless steel sheet is a type of austenitic stainless steel that can be cold worked into various tempers. It is suitable for welding, forming, and drawing, and is available in multiple surface finishes. The hardness of 301 stainless steel sheets increases rapidly during mechanical working, and we offer 1\/4 hard, 1\/2 hard, and full [&hellip;]<\/p>\n","protected":false},"featured_media":1433,"template":"","meta":{"site-sidebar-layout":"default","site-content-layout":"","ast-site-content-layout":"default","site-content-style":"default","site-sidebar-style":"default","ast-global-header-display":"","ast-banner-title-visibility":"","ast-main-header-display":"","ast-hfb-above-header-display":"","ast-hfb-below-header-display":"","ast-hfb-mobile-header-display":"","site-post-title":"","ast-breadcrumbs-content":"","ast-featured-img":"","footer-sml-layout":"","ast-disable-related-posts":"","theme-transparent-header-meta":"default","adv-header-id-meta":"","stick-header-meta":"","header-above-stick-meta":"","header-main-stick-meta":"","header-below-stick-meta":"","astra-migrate-meta-layouts":"set","ast-page-background-enabled":"default","ast-page-background-meta":{"desktop":{"background-color":"","background-image":"","background-repeat":"repeat","background-position":"center center","background-size":"auto","background-attachment":"scroll","background-type":"","background-media":"","overlay-type":"","overlay-color":"","overlay-opacity":"","overlay-gradient":""},"tablet":{"background-color":"","background-image":"","background-repeat":"repeat","background-position":"center center","background-size":"auto","background-attachment":"scroll","background-type":"","background-media":"","overlay-type":"","overlay-color":"","overlay-opacity":"","overlay-gradient":""},"mobile":{"background-color":"","background-image":"","background-repeat":"repeat","background-position":"center center","background-size":"auto","background-attachment":"scroll","background-type":"","background-media":"","overlay-type":"","overlay-color":"","overlay-opacity":"","overlay-gradient":""}},"ast-content-background-meta":{"desktop":{"background-color":"var(--ast-global-color-5)","background-image":"","background-repeat":"repeat","background-position":"center center","background-size":"auto","background-attachment":"scroll","background-type":"","background-media":"","overlay-type":"","overlay-color":"","overlay-opacity":"","overlay-gradient":""},"tablet":{"background-color":"var(--ast-global-color-5)","background-image":"","background-repeat":"repeat","background-position":"center center","background-size":"auto","background-attachment":"scroll","background-type":"","background-media":"","overlay-type":"","overlay-color":"","overlay-opacity":"","overlay-gradient":""},"mobile":{"background-color":"var(--ast-global-color-5)","background-image":"","background-repeat":"repeat","background-position":"center center","background-size":"auto","background-attachment":"scroll","background-type":"","background-media":"","overlay-type":"","overlay-color":"","overlay-opacity":"","overlay-gradient":""}}},"product_brand":[],"product_cat":[48],"product_tag":[52],"class_list":{"0":"post-1904","1":"product","2":"type-product","3":"status-publish","4":"has-post-thumbnail","6":"product_cat-steel-sheet-plate","7":"product_tag-301-stainless-steel-sheet","8":"desktop-align-left","9":"tablet-align-left","10":"mobile-align-left","12":"first","13":"instock","14":"shipping-taxable","15":"product-type-simple"},"_links":{"self":[{"href":"https:\/\/www.hbyesonsteel.com\/es\/wp-json\/wp\/v2\/product\/1904","targetHints":{"allow":["GET"]}}],"collection":[{"href":"https:\/\/www.hbyesonsteel.com\/es\/wp-json\/wp\/v2\/product"}],"about":[{"href":"https:\/\/www.hbyesonsteel.com\/es\/wp-json\/wp\/v2\/types\/product"}],"wp:featuredmedia":[{"embeddable":true,"href":"https:\/\/www.hbyesonsteel.com\/es\/wp-json\/wp\/v2\/media\/1433"}],"wp:attachment":[{"href":"https:\/\/www.hbyesonsteel.com\/es\/wp-json\/wp\/v2\/media?parent=1904"}],"wp:term":[{"taxonomy":"product_brand","embeddable":true,"href":"https:\/\/www.hbyesonsteel.com\/es\/wp-json\/wp\/v2\/product_brand?post=1904"},{"taxonomy":"product_cat","embeddable":true,"href":"https:\/\/www.hbyesonsteel.com\/es\/wp-json\/wp\/v2\/product_cat?post=1904"},{"taxonomy":"product_tag","embeddable":true,"href":"https:\/\/www.hbyesonsteel.com\/es\/wp-json\/wp\/v2\/product_tag?post=1904"}],"curies":[{"name":"wp","href":"https:\/\/api.w.org\/{rel}","templated":true}]}}