{"id":1950,"date":"2025-08-25T16:17:08","date_gmt":"2025-08-25T08:17:08","guid":{"rendered":"https:\/\/www.hbyesonsteel.com\/?post_type=product&#038;p=1950"},"modified":"2025-08-25T16:17:08","modified_gmt":"2025-08-25T08:17:08","slug":"309s-stainless-steel-sheet","status":"publish","type":"product","link":"https:\/\/www.hbyesonsteel.com\/es\/producto\/309s-stainless-steel-sheet\/","title":{"rendered":"Chapa de acero inoxidable 309S"},"content":{"rendered":"<p>La chapa de acero inoxidable 309S es un tipo de acero inoxidable austen\u00edtico que puede laminarse en fr\u00edo o en caliente. Ofrece facilidad de fabricaci\u00f3n, soldadura y estampaci\u00f3n, pero no se endurece mediante tratamiento t\u00e9rmico. En HByesonsteel, ofrecemos servicios personalizados para diferentes tama\u00f1os y grados, garantizando la satisfacci\u00f3n del cliente.<\/p>\n<table width=\"471\" data-extentions-extra-tablecapture-id=\"17534\">\n<tbody>\n<tr>\n<td width=\"110\">Ancho<\/td>\n<td width=\"361\">1000-3500 mm<\/td>\n<\/tr>\n<tr>\n<td>Espesor<\/td>\n<td>0,6-100 mm<\/td>\n<\/tr>\n<tr>\n<td>Longitud<\/td>\n<td>Ofrecemos servicio de corte a medida.<\/td>\n<\/tr>\n<tr>\n<td>Formularios<\/td>\n<td width=\"361\">Bobinas, varillas, flejes, barras planas, tubos, piezas en bruto (c\u00edrculo), chapas perforadas, placas estriadas, etc.<\/td>\n<\/tr>\n<tr>\n<td>Acabado de la superficie<\/td>\n<td width=\"361\">2B, 2D, espejo, rayado, damero, relieve, SATINADO, BA, NO.8, 8K, NO.1, NO.4, chorro de arena, pincel, grabado, etc.<\/td>\n<\/tr>\n<tr>\n<td>Dureza<\/td>\n<td width=\"361\">Suave, el\u00e1stico, duro, semiduro, un cuarto de duro, etc.<\/td>\n<\/tr>\n<tr>\n<td>Normas<\/td>\n<td>ASME SA240, AMS 5523, ASTM A240<\/td>\n<\/tr>\n<\/tbody>\n<\/table>","protected":false},"excerpt":{"rendered":"<p>309S stainless steel sheet is a type of austenitic stainless steel that can be cold rolled or hot rolled. It offers easy fabrication, welding, and stamping capabilities, but it cannot be hardened through heat treatment. At HByesonsteel, we provide customized services to cater to different sizes and various grades, ensuring customer satisfaction. Width 1000-3500mm Thickness [&hellip;]<\/p>\n","protected":false},"featured_media":1438,"template":"","meta":{"site-sidebar-layout":"default","site-content-layout":"","ast-site-content-layout":"default","site-content-style":"default","site-sidebar-style":"default","ast-global-header-display":"","ast-banner-title-visibility":"","ast-main-header-display":"","ast-hfb-above-header-display":"","ast-hfb-below-header-display":"","ast-hfb-mobile-header-display":"","site-post-title":"","ast-breadcrumbs-content":"","ast-featured-img":"","footer-sml-layout":"","ast-disable-related-posts":"","theme-transparent-header-meta":"default","adv-header-id-meta":"","stick-header-meta":"","header-above-stick-meta":"","header-main-stick-meta":"","header-below-stick-meta":"","astra-migrate-meta-layouts":"set","ast-page-background-enabled":"default","ast-page-background-meta":{"desktop":{"background-color":"","background-image":"","background-repeat":"repeat","background-position":"center center","background-size":"auto","background-attachment":"scroll","background-type":"","background-media":"","overlay-type":"","overlay-color":"","overlay-opacity":"","overlay-gradient":""},"tablet":{"background-color":"","background-image":"","background-repeat":"repeat","background-position":"center center","background-size":"auto","background-attachment":"scroll","background-type":"","background-media":"","overlay-type":"","overlay-color":"","overlay-opacity":"","overlay-gradient":""},"mobile":{"background-color":"","background-image":"","background-repeat":"repeat","background-position":"center center","background-size":"auto","background-attachment":"scroll","background-type":"","background-media":"","overlay-type":"","overlay-color":"","overlay-opacity":"","overlay-gradient":""}},"ast-content-background-meta":{"desktop":{"background-color":"var(--ast-global-color-5)","background-image":"","background-repeat":"repeat","background-position":"center center","background-size":"auto","background-attachment":"scroll","background-type":"","background-media":"","overlay-type":"","overlay-color":"","overlay-opacity":"","overlay-gradient":""},"tablet":{"background-color":"var(--ast-global-color-5)","background-image":"","background-repeat":"repeat","background-position":"center center","background-size":"auto","background-attachment":"scroll","background-type":"","background-media":"","overlay-type":"","overlay-color":"","overlay-opacity":"","overlay-gradient":""},"mobile":{"background-color":"var(--ast-global-color-5)","background-image":"","background-repeat":"repeat","background-position":"center center","background-size":"auto","background-attachment":"scroll","background-type":"","background-media":"","overlay-type":"","overlay-color":"","overlay-opacity":"","overlay-gradient":""}}},"product_brand":[],"product_cat":[48],"product_tag":[55],"class_list":{"0":"post-1950","1":"product","2":"type-product","3":"status-publish","4":"has-post-thumbnail","6":"product_cat-steel-sheet-plate","7":"product_tag-309s-stainless-steel-sheet","8":"desktop-align-left","9":"tablet-align-left","10":"mobile-align-left","12":"first","13":"instock","14":"shipping-taxable","15":"product-type-simple"},"_links":{"self":[{"href":"https:\/\/www.hbyesonsteel.com\/es\/wp-json\/wp\/v2\/product\/1950","targetHints":{"allow":["GET"]}}],"collection":[{"href":"https:\/\/www.hbyesonsteel.com\/es\/wp-json\/wp\/v2\/product"}],"about":[{"href":"https:\/\/www.hbyesonsteel.com\/es\/wp-json\/wp\/v2\/types\/product"}],"wp:featuredmedia":[{"embeddable":true,"href":"https:\/\/www.hbyesonsteel.com\/es\/wp-json\/wp\/v2\/media\/1438"}],"wp:attachment":[{"href":"https:\/\/www.hbyesonsteel.com\/es\/wp-json\/wp\/v2\/media?parent=1950"}],"wp:term":[{"taxonomy":"product_brand","embeddable":true,"href":"https:\/\/www.hbyesonsteel.com\/es\/wp-json\/wp\/v2\/product_brand?post=1950"},{"taxonomy":"product_cat","embeddable":true,"href":"https:\/\/www.hbyesonsteel.com\/es\/wp-json\/wp\/v2\/product_cat?post=1950"},{"taxonomy":"product_tag","embeddable":true,"href":"https:\/\/www.hbyesonsteel.com\/es\/wp-json\/wp\/v2\/product_tag?post=1950"}],"curies":[{"name":"wp","href":"https:\/\/api.w.org\/{rel}","templated":true}]}}