{"id":1996,"date":"2025-08-28T14:50:16","date_gmt":"2025-08-28T06:50:16","guid":{"rendered":"https:\/\/www.hbyesonsteel.com\/?post_type=product&#038;p=1996"},"modified":"2025-08-28T14:50:16","modified_gmt":"2025-08-28T06:50:16","slug":"316-stainless-steel-sheet","status":"publish","type":"product","link":"https:\/\/www.hbyesonsteel.com\/es\/producto\/316-stainless-steel-sheet\/","title":{"rendered":"Chapa de acero inoxidable 316"},"content":{"rendered":"<p data-start=\"149\" data-end=\"413\">La chapa de acero inoxidable 316 pertenece a la <strong data-start=\"190\" data-end=\"231\">familia austen\u00edtica de aceros inoxidables<\/strong> y no es magn\u00e9tico en estado recocido. Conocido como <strong data-start=\"288\" data-end=\"320\">acero inoxidable de grado marino<\/strong>Es ampliamente elegido para aplicaciones en agua de mar y otros entornos altamente corrosivos.<\/p>\n<p data-start=\"415\" data-end=\"694\">Nosotros suministramos <strong data-start=\"425\" data-end=\"455\">L\u00e1minas de acero inoxidable 316<\/strong> en anchos que van desde <strong data-start=\"479\" data-end=\"495\">1 pie a 4 pies<\/strong> (o corte personalizado) y longitudes desde <strong data-start=\"529\" data-end=\"545\">1 pie a 8 pies<\/strong> (o corte personalizado). Todas las l\u00e1minas cumplen con los est\u00e1ndares internacionales de calidad, incluidos <strong data-start=\"621\" data-end=\"691\">ASTM A240\/A480\/A666, ASME SA240, AMS 5524\/5507 y QQ-S 766<\/strong>.<\/p>\n<h3 data-start=\"701\" data-end=\"719\">Caracter\u00edsticas principales<\/h3>\n<ul data-start=\"720\" data-end=\"1120\">\n<li data-start=\"720\" data-end=\"834\">\n<p data-start=\"722\" data-end=\"834\"><strong data-start=\"722\" data-end=\"752\">Alta resistencia y durabilidad<\/strong> \u2013 Excelente capacidad de carga y resistencia a la rotura a altas temperaturas.<\/p>\n<\/li>\n<li data-start=\"835\" data-end=\"928\">\n<p data-start=\"837\" data-end=\"928\"><strong data-start=\"837\" data-end=\"873\">Resistencia a la corrosi\u00f3n y la oxidaci\u00f3n<\/strong> \u2013 Ideal para condiciones atmosf\u00e9ricas y marinas adversas.<\/p>\n<\/li>\n<li data-start=\"929\" data-end=\"1021\">\n<p data-start=\"931\" data-end=\"1021\"><strong data-start=\"931\" data-end=\"960\">Formabilidad y soldabilidad<\/strong> \u2013 F\u00e1cil de fabricar y adecuado para aplicaciones complejas.<\/p>\n<\/li>\n<li data-start=\"1022\" data-end=\"1120\">\n<p data-start=\"1024\" data-end=\"1120\"><strong data-start=\"1024\" data-end=\"1054\">Resistencia a las picaduras y a la fluencia<\/strong> \u2013 confiable en entornos qu\u00edmicos e industriales desafiantes.<\/p>\n<\/li>\n<\/ul>\n<h3 data-start=\"1127\" data-end=\"1145\">Aplicaciones<\/h3>\n<p data-start=\"1146\" data-end=\"1228\">Aparte de la <strong data-start=\"1161\" data-end=\"1180\">industria marina<\/strong>La chapa de acero inoxidable 316 se utiliza ampliamente en:<\/p>\n<ul data-start=\"1229\" data-end=\"1558\">\n<li data-start=\"1229\" data-end=\"1271\">\n<p data-start=\"1231\" data-end=\"1271\"><strong data-start=\"1231\" data-end=\"1269\">Equipos farmac\u00e9uticos y m\u00e9dicos<\/strong><\/p>\n<\/li>\n<li data-start=\"1272\" data-end=\"1315\">\n<p data-start=\"1274\" data-end=\"1315\"><strong data-start=\"1274\" data-end=\"1313\">Procesamiento qu\u00edmico y petroqu\u00edmico<\/strong><\/p>\n<\/li>\n<li data-start=\"1316\" data-end=\"1345\">\n<p data-start=\"1318\" data-end=\"1345\"><strong data-start=\"1318\" data-end=\"1343\">Industria de pulpa y papel<\/strong><\/p>\n<\/li>\n<li data-start=\"1346\" data-end=\"1385\">\n<p data-start=\"1348\" data-end=\"1385\"><strong data-start=\"1348\" data-end=\"1383\">Maquinaria aeroespacial y textil<\/strong><\/p>\n<\/li>\n<li data-start=\"1386\" data-end=\"1433\">\n<p data-start=\"1388\" data-end=\"1433\"><strong data-start=\"1388\" data-end=\"1431\">Aplicaciones arquitect\u00f3nicas y decorativas<\/strong><\/p>\n<\/li>\n<li data-start=\"1434\" data-end=\"1467\">\n<p data-start=\"1436\" data-end=\"1467\"><strong data-start=\"1436\" data-end=\"1465\">Equipos de procesamiento de alimentos<\/strong><\/p>\n<\/li>\n<li data-start=\"1468\" data-end=\"1515\">\n<p data-start=\"1470\" data-end=\"1515\"><strong data-start=\"1470\" data-end=\"1513\">Motores, motores y componentes de m\u00e1quinas<\/strong><\/p>\n<\/li>\n<li data-start=\"1516\" data-end=\"1558\">\n<p data-start=\"1518\" data-end=\"1558\"><strong data-start=\"1518\" data-end=\"1556\">Equipos de refinaci\u00f3n de petr\u00f3leo y petr\u00f3leo<\/strong><\/p>\n<\/li>\n<\/ul>\n<p data-start=\"1560\" data-end=\"1746\">Los productos t\u00edpicos incluyen: <strong data-start=\"1585\" data-end=\"1743\">Intercambiadores de calor, contenedores de productos qu\u00edmicos, bancos de laboratorio, recipientes a presi\u00f3n, tanques, v\u00e1lvulas, bombas, bridas, accesorios, sujetadores roscados y accesorios para embarcaciones.<\/strong>.<\/p>\n<h3 data-start=\"1753\" data-end=\"1804\">Acabados superficiales de chapa de acero inoxidable 316<\/h3>\n<p data-start=\"1806\" data-end=\"1940\">Las l\u00e1minas de acero inoxidable 316 est\u00e1n disponibles en una variedad de acabados de superficie, cada uno de los cuales ofrece un rendimiento y cualidades est\u00e9ticas \u00fanicas:<\/p>\n<ul data-start=\"1942\" data-end=\"3091\">\n<li data-start=\"1942\" data-end=\"2101\">\n<p data-start=\"1944\" data-end=\"2101\"><strong data-start=\"1944\" data-end=\"1957\">Acabado 2B<\/strong> Superficie lisa, mate y reflectante, obtenida mediante laminado en fr\u00edo, recocido y decapado. Ampliamente utilizada en la industria y la arquitectura.<\/p>\n<\/li>\n<li data-start=\"2102\" data-end=\"2244\">\n<p data-start=\"2104\" data-end=\"2244\"><strong data-start=\"2104\" data-end=\"2136\">Acabado n.\u00b0 4 (cepillado\/satinado)<\/strong> \u2013 Aspecto texturizado creado mediante pulido mec\u00e1nico; menos reflectante que el 2B, ideal para uso decorativo.<\/p>\n<\/li>\n<li data-start=\"2245\" data-end=\"2372\">\n<p data-start=\"2247\" data-end=\"2372\"><strong data-start=\"2247\" data-end=\"2278\">Acabado BA (recocido brillante)<\/strong> \u2013 Superficie altamente reflectante, similar a un espejo, obtenida del recocido en un horno de atm\u00f3sfera controlada.<\/p>\n<\/li>\n<li data-start=\"2373\" data-end=\"2495\">\n<p data-start=\"2375\" data-end=\"2495\"><strong data-start=\"2375\" data-end=\"2394\">Acabado de l\u00ednea de cabello<\/strong> \u2013 Pulido fino, consistente y unidireccional que se asemeja a l\u00edneas de cabello; popular para dise\u00f1os arquitect\u00f3nicos.<\/p>\n<\/li>\n<li data-start=\"2496\" data-end=\"2602\">\n<p data-start=\"2498\" data-end=\"2602\"><strong data-start=\"2498\" data-end=\"2515\">Acabado de espejo<\/strong> \u2013 Superficie extremadamente lisa y reflectante; utilizada en aplicaciones decorativas de alta gama.<\/p>\n<\/li>\n<li data-start=\"2603\" data-end=\"2726\">\n<p data-start=\"2605\" data-end=\"2726\"><strong data-start=\"2605\" data-end=\"2624\">Acabado en relieve<\/strong> \u2013 Patrones en relieve o hundidos producidos mediante estampado mec\u00e1nico; a\u00f1ade textura visual y funcional.<\/p>\n<\/li>\n<li data-start=\"2727\" data-end=\"2845\">\n<p data-start=\"2729\" data-end=\"2845\"><strong data-start=\"2729\" data-end=\"2746\">Acabado grabado<\/strong> \u2013 Dise\u00f1os grabados qu\u00edmicamente o electrol\u00edticamente; a menudo utilizados en proyectos art\u00edsticos y decorativos.<\/p>\n<\/li>\n<li data-start=\"2846\" data-end=\"2980\">\n<p data-start=\"2848\" data-end=\"2980\"><strong data-start=\"2848\" data-end=\"2866\">Acabado coloreado<\/strong> \u2013 Se logra mediante galvanoplastia, PVD (deposici\u00f3n f\u00edsica de vapor) o recubrimiento en polvo para una amplia gama de tonos.<\/p>\n<\/li>\n<li data-start=\"2981\" data-end=\"3091\">\n<p data-start=\"2983\" data-end=\"3091\"><strong data-start=\"2983\" data-end=\"3003\">Acabado estampado<\/strong> \u2013 Texturas o dise\u00f1os personalizados prensados o grabados tanto para apariencia como para rendimiento.<\/p>\n<\/li>\n<\/ul>\n<p data-start=\"3093\" data-end=\"3241\"><strong data-start=\"3093\" data-end=\"3122\">Elegir el acabado adecuado<\/strong> Depende de los requisitos de la aplicaci\u00f3n: equilibrio <strong data-start=\"3169\" data-end=\"3238\">Est\u00e9tica, resistencia a la corrosi\u00f3n, facilidad de limpieza y funcionalidad<\/strong>.<\/p>\n<table data-extentions-extra-tablecapture-id=\"362438\">\n<tbody>\n<tr>\n<td>Resistencia a la tracci\u00f3n<\/td>\n<td>Elasticidad<\/td>\n<td>Resistencia al corte<\/td>\n<td>Dureza Brinell<\/td>\n<td>Densidad<\/td>\n<td>Fuerza de fluencia<\/td>\n<td>Alargamiento<\/td>\n<\/tr>\n<tr>\n<td>70.000 psi<\/td>\n<td>29.000 ksi<\/td>\n<td>11.500 psi<\/td>\n<td>217<\/td>\n<td>.29 libras\/pulgada<\/td>\n<td>34.800 psi<\/td>\n<td>40%<\/td>\n<\/tr>\n<\/tbody>\n<\/table>","protected":false},"excerpt":{"rendered":"<p>316 stainless steel sheet belongs to the austenitic family of stainless steels and is non-magnetic in the annealed condition. Known as marine grade stainless steel, it is widely chosen for applications in seawater and other highly corrosive environments. We supply 316 stainless steel sheets in widths ranging from 1 ft to 4 ft (or custom [&hellip;]<\/p>\n","protected":false},"featured_media":1997,"template":"","meta":{"site-sidebar-layout":"default","site-content-layout":"","ast-site-content-layout":"default","site-content-style":"default","site-sidebar-style":"default","ast-global-header-display":"","ast-banner-title-visibility":"","ast-main-header-display":"","ast-hfb-above-header-display":"","ast-hfb-below-header-display":"","ast-hfb-mobile-header-display":"","site-post-title":"","ast-breadcrumbs-content":"","ast-featured-img":"","footer-sml-layout":"","ast-disable-related-posts":"","theme-transparent-header-meta":"default","adv-header-id-meta":"","stick-header-meta":"","header-above-stick-meta":"","header-main-stick-meta":"","header-below-stick-meta":"","astra-migrate-meta-layouts":"set","ast-page-background-enabled":"default","ast-page-background-meta":{"desktop":{"background-color":"","background-image":"","background-repeat":"repeat","background-position":"center center","background-size":"auto","background-attachment":"scroll","background-type":"","background-media":"","overlay-type":"","overlay-color":"","overlay-opacity":"","overlay-gradient":""},"tablet":{"background-color":"","background-image":"","background-repeat":"repeat","background-position":"center center","background-size":"auto","background-attachment":"scroll","background-type":"","background-media":"","overlay-type":"","overlay-color":"","overlay-opacity":"","overlay-gradient":""},"mobile":{"background-color":"","background-image":"","background-repeat":"repeat","background-position":"center center","background-size":"auto","background-attachment":"scroll","background-type":"","background-media":"","overlay-type":"","overlay-color":"","overlay-opacity":"","overlay-gradient":""}},"ast-content-background-meta":{"desktop":{"background-color":"var(--ast-global-color-5)","background-image":"","background-repeat":"repeat","background-position":"center center","background-size":"auto","background-attachment":"scroll","background-type":"","background-media":"","overlay-type":"","overlay-color":"","overlay-opacity":"","overlay-gradient":""},"tablet":{"background-color":"var(--ast-global-color-5)","background-image":"","background-repeat":"repeat","background-position":"center center","background-size":"auto","background-attachment":"scroll","background-type":"","background-media":"","overlay-type":"","overlay-color":"","overlay-opacity":"","overlay-gradient":""},"mobile":{"background-color":"var(--ast-global-color-5)","background-image":"","background-repeat":"repeat","background-position":"center center","background-size":"auto","background-attachment":"scroll","background-type":"","background-media":"","overlay-type":"","overlay-color":"","overlay-opacity":"","overlay-gradient":""}}},"product_brand":[],"product_cat":[48],"product_tag":[57],"class_list":{"0":"post-1996","1":"product","2":"type-product","3":"status-publish","4":"has-post-thumbnail","6":"product_cat-steel-sheet-plate","7":"product_tag-316-stainless-steel-sheet","8":"desktop-align-left","9":"tablet-align-left","10":"mobile-align-left","12":"first","13":"instock","14":"shipping-taxable","15":"product-type-simple"},"_links":{"self":[{"href":"https:\/\/www.hbyesonsteel.com\/es\/wp-json\/wp\/v2\/product\/1996","targetHints":{"allow":["GET"]}}],"collection":[{"href":"https:\/\/www.hbyesonsteel.com\/es\/wp-json\/wp\/v2\/product"}],"about":[{"href":"https:\/\/www.hbyesonsteel.com\/es\/wp-json\/wp\/v2\/types\/product"}],"wp:featuredmedia":[{"embeddable":true,"href":"https:\/\/www.hbyesonsteel.com\/es\/wp-json\/wp\/v2\/media\/1997"}],"wp:attachment":[{"href":"https:\/\/www.hbyesonsteel.com\/es\/wp-json\/wp\/v2\/media?parent=1996"}],"wp:term":[{"taxonomy":"product_brand","embeddable":true,"href":"https:\/\/www.hbyesonsteel.com\/es\/wp-json\/wp\/v2\/product_brand?post=1996"},{"taxonomy":"product_cat","embeddable":true,"href":"https:\/\/www.hbyesonsteel.com\/es\/wp-json\/wp\/v2\/product_cat?post=1996"},{"taxonomy":"product_tag","embeddable":true,"href":"https:\/\/www.hbyesonsteel.com\/es\/wp-json\/wp\/v2\/product_tag?post=1996"}],"curies":[{"name":"wp","href":"https:\/\/api.w.org\/{rel}","templated":true}]}}