{"id":2470,"date":"2025-10-20T14:19:33","date_gmt":"2025-10-20T06:19:33","guid":{"rendered":"https:\/\/www.hbyesonsteel.com\/?post_type=product&#038;p=2470"},"modified":"2025-10-20T14:21:59","modified_gmt":"2025-10-20T06:21:59","slug":"galvanized-steel-roofing-sheet","status":"publish","type":"product","link":"https:\/\/www.hbyesonsteel.com\/es\/producto\/galvanized-steel-roofing-sheet\/","title":{"rendered":"Chapa de acero galvanizado para tejados"},"content":{"rendered":"<p>La chapa de acero galvanizado para tejados combina el acero galvanizado con un dise\u00f1o ondulado para ofrecer una gran resistencia. Adem\u00e1s, es ligera, lo que facilita y agiliza su instalaci\u00f3n. Por eso, las chapas galvanizadas para tejados se utilizan mucho en edificios agr\u00edcolas, industriales, comerciales y residenciales, como almacenes, casas improvisadas, graneros, garajes, etc. HBYeson Steel tiene a la venta chapas galvanizadas para tejados de diferentes grosores, longitudes y dise\u00f1os. Adem\u00e1s, ofrecemos soluciones personalizadas para satisfacer mejor sus proyectos. P\u00f3ngase en contacto con nosotros para obtener m\u00e1s informaci\u00f3n.<\/p>\n<table width=\"100%\" data-extentions-extra-tablecapture-id=\"411427\">\n<tbody>\n<tr>\n<td width=\"193\">Espesor del revestimiento de zinc<\/td>\n<td width=\"658\">40 g\/m<sup>2<\/sup>-275 g\/m<sup>2<\/sup><\/td>\n<\/tr>\n<tr>\n<td width=\"193\">Espesor<\/td>\n<td width=\"658\">0,15 mm-0,8 mm<\/td>\n<\/tr>\n<tr>\n<td width=\"193\">Anchura total<\/td>\n<td width=\"658\">750 mm-1.250 mm<\/td>\n<\/tr>\n<tr>\n<td width=\"193\">Anchura efectiva<\/td>\n<td width=\"658\">600 mm-1.050 mm<\/td>\n<\/tr>\n<tr>\n<td width=\"193\">Perfiles<\/td>\n<td width=\"658\">Ondulado, Baldosas, IBR, etc.<\/td>\n<\/tr>\n<tr>\n<td width=\"193\">Longitud<\/td>\n<td width=\"658\">Seg\u00fan sus necesidades<\/td>\n<\/tr>\n<tr>\n<td width=\"193\">Lentejuelas<\/td>\n<td width=\"658\">Lentejuelas grandes, lentejuelas normales, lentejuelas peque\u00f1as, lentejuelas cero<\/td>\n<\/tr>\n<tr>\n<td width=\"193\">MOQ<\/td>\n<td width=\"658\">10 toneladas o 500 piezas<\/td>\n<\/tr>\n<tr>\n<td width=\"193\">Embalaje<\/td>\n<td width=\"658\">Embalaje est\u00e1ndar para exportaci\u00f3n<\/td>\n<\/tr>\n<\/tbody>\n<\/table>","protected":false},"excerpt":{"rendered":"<p>Zinc roofing is galvanized corrugated sheets, base material is galvanized steel sheet. After cold forming through the module, it became the corrugated sheet. The product has various designed type and specification, such as Wave type,Trapezoidal type,Glazed type. As widely used for roofing material, it is also called roof sheet.<\/p>","protected":false},"featured_media":2471,"template":"","meta":{"site-sidebar-layout":"default","site-content-layout":"","ast-site-content-layout":"default","site-content-style":"default","site-sidebar-style":"default","ast-global-header-display":"","ast-banner-title-visibility":"","ast-main-header-display":"","ast-hfb-above-header-display":"","ast-hfb-below-header-display":"","ast-hfb-mobile-header-display":"","site-post-title":"","ast-breadcrumbs-content":"","ast-featured-img":"","footer-sml-layout":"","ast-disable-related-posts":"","theme-transparent-header-meta":"default","adv-header-id-meta":"","stick-header-meta":"","header-above-stick-meta":"","header-main-stick-meta":"","header-below-stick-meta":"","astra-migrate-meta-layouts":"set","ast-page-background-enabled":"default","ast-page-background-meta":{"desktop":{"background-color":"","background-image":"","background-repeat":"repeat","background-position":"center center","background-size":"auto","background-attachment":"scroll","background-type":"","background-media":"","overlay-type":"","overlay-color":"","overlay-opacity":"","overlay-gradient":""},"tablet":{"background-color":"","background-image":"","background-repeat":"repeat","background-position":"center center","background-size":"auto","background-attachment":"scroll","background-type":"","background-media":"","overlay-type":"","overlay-color":"","overlay-opacity":"","overlay-gradient":""},"mobile":{"background-color":"","background-image":"","background-repeat":"repeat","background-position":"center center","background-size":"auto","background-attachment":"scroll","background-type":"","background-media":"","overlay-type":"","overlay-color":"","overlay-opacity":"","overlay-gradient":""}},"ast-content-background-meta":{"desktop":{"background-color":"var(--ast-global-color-5)","background-image":"","background-repeat":"repeat","background-position":"center center","background-size":"auto","background-attachment":"scroll","background-type":"","background-media":"","overlay-type":"","overlay-color":"","overlay-opacity":"","overlay-gradient":""},"tablet":{"background-color":"var(--ast-global-color-5)","background-image":"","background-repeat":"repeat","background-position":"center center","background-size":"auto","background-attachment":"scroll","background-type":"","background-media":"","overlay-type":"","overlay-color":"","overlay-opacity":"","overlay-gradient":""},"mobile":{"background-color":"var(--ast-global-color-5)","background-image":"","background-repeat":"repeat","background-position":"center center","background-size":"auto","background-attachment":"scroll","background-type":"","background-media":"","overlay-type":"","overlay-color":"","overlay-opacity":"","overlay-gradient":""}}},"product_brand":[],"product_cat":[79],"product_tag":[83],"class_list":{"0":"post-2470","1":"product","2":"type-product","3":"status-publish","4":"has-post-thumbnail","6":"product_cat-roofing-sheet","7":"product_tag-galvanized-steel-roofing-sheet","8":"desktop-align-left","9":"tablet-align-left","10":"mobile-align-left","12":"first","13":"instock","14":"shipping-taxable","15":"product-type-simple"},"_links":{"self":[{"href":"https:\/\/www.hbyesonsteel.com\/es\/wp-json\/wp\/v2\/product\/2470","targetHints":{"allow":["GET"]}}],"collection":[{"href":"https:\/\/www.hbyesonsteel.com\/es\/wp-json\/wp\/v2\/product"}],"about":[{"href":"https:\/\/www.hbyesonsteel.com\/es\/wp-json\/wp\/v2\/types\/product"}],"wp:featuredmedia":[{"embeddable":true,"href":"https:\/\/www.hbyesonsteel.com\/es\/wp-json\/wp\/v2\/media\/2471"}],"wp:attachment":[{"href":"https:\/\/www.hbyesonsteel.com\/es\/wp-json\/wp\/v2\/media?parent=2470"}],"wp:term":[{"taxonomy":"product_brand","embeddable":true,"href":"https:\/\/www.hbyesonsteel.com\/es\/wp-json\/wp\/v2\/product_brand?post=2470"},{"taxonomy":"product_cat","embeddable":true,"href":"https:\/\/www.hbyesonsteel.com\/es\/wp-json\/wp\/v2\/product_cat?post=2470"},{"taxonomy":"product_tag","embeddable":true,"href":"https:\/\/www.hbyesonsteel.com\/es\/wp-json\/wp\/v2\/product_tag?post=2470"}],"curies":[{"name":"wp","href":"https:\/\/api.w.org\/{rel}","templated":true}]}}