{"id":2483,"date":"2025-10-21T15:51:44","date_gmt":"2025-10-21T07:51:44","guid":{"rendered":"https:\/\/www.hbyesonsteel.com\/?post_type=product&#038;p=2483"},"modified":"2025-10-21T15:51:44","modified_gmt":"2025-10-21T07:51:44","slug":"galvalume-roofing-sheet","status":"publish","type":"product","link":"https:\/\/www.hbyesonsteel.com\/es\/producto\/galvalume-roofing-sheet\/","title":{"rendered":"L\u00e1minas de cubierta de Galvalume"},"content":{"rendered":"<p>La chapa Galvalume para tejados es popular para aplicaciones comerciales, residenciales, agr\u00edcolas e industriales. Est\u00e1 recubierta de una aleaci\u00f3n de aluminio y zinc que le confiere una resistencia superior a la corrosi\u00f3n y al calor.<\/p>\n<p>Debido a su rendimiento superior, es una opci\u00f3n ideal para propietarios de viviendas, contratistas, arquitectos e inversores. HBYeson Steel dispone de una amplia gama de chapas galvalume para cubiertas met\u00e1licas en tama\u00f1os y dise\u00f1os para satisfacer sus necesidades. P\u00f3ngase en contacto con nosotros para obtener m\u00e1s informaci\u00f3n.<\/p>\n<table width=\"100%\" data-extentions-extra-tablecapture-id=\"586070\">\n<tbody>\n<tr>\n<td width=\"203\">Material<\/td>\n<td width=\"648\">GL steel (DC51D+AZ)<\/td>\n<\/tr>\n<tr>\n<td width=\"203\">Espesor<\/td>\n<td width=\"648\">0,15 mm-0,8 mm<\/td>\n<\/tr>\n<tr>\n<td width=\"203\">Anchura total<\/td>\n<td width=\"648\">700 mm-1.250 mm<\/td>\n<\/tr>\n<tr>\n<td width=\"203\">Anchura efectiva<\/td>\n<td width=\"648\">600 mm-1.050 mm<\/td>\n<\/tr>\n<tr>\n<td width=\"203\">Contenido del revestimiento de Al-Zn<\/td>\n<td width=\"648\">Aluminio (Al) 55%, zinc (Zn) 43,5%, silicio (Si) 1,5%<\/td>\n<\/tr>\n<tr>\n<td width=\"203\">Espesor del revestimiento de Al-Zn<\/td>\n<td width=\"648\">60 g\/\u33a1-185 g\/\u33a1<\/td>\n<\/tr>\n<tr>\n<td width=\"203\">Longitud<\/td>\n<td width=\"648\">Seg\u00fan sus necesidades<\/td>\n<\/tr>\n<tr>\n<td width=\"203\">Est\u00e1ndar<\/td>\n<td width=\"648\">GB, JIS, ASTM, EN<\/td>\n<\/tr>\n<tr>\n<td width=\"203\">Tratamiento de superficies<\/td>\n<td width=\"648\">Pasivado, resistencia a las huellas dactilares, aceitado, prepintado, etc.<\/td>\n<\/tr>\n<tr>\n<td width=\"203\">Embalaje<\/td>\n<td width=\"648\">Embalaje est\u00e1ndar para exportaci\u00f3n<\/td>\n<\/tr>\n<\/tbody>\n<\/table>","protected":false},"excerpt":{"rendered":"<p>Galvalume roofing sheet is lightweight, corrosion-resistant, weather-resistant, and heat-reflective, and is a common material for roofing and siding of outdoor buildings.<\/p>","protected":false},"featured_media":2484,"template":"","meta":{"site-sidebar-layout":"default","site-content-layout":"","ast-site-content-layout":"default","site-content-style":"default","site-sidebar-style":"default","ast-global-header-display":"","ast-banner-title-visibility":"","ast-main-header-display":"","ast-hfb-above-header-display":"","ast-hfb-below-header-display":"","ast-hfb-mobile-header-display":"","site-post-title":"","ast-breadcrumbs-content":"","ast-featured-img":"","footer-sml-layout":"","ast-disable-related-posts":"","theme-transparent-header-meta":"default","adv-header-id-meta":"","stick-header-meta":"","header-above-stick-meta":"","header-main-stick-meta":"","header-below-stick-meta":"","astra-migrate-meta-layouts":"set","ast-page-background-enabled":"default","ast-page-background-meta":{"desktop":{"background-color":"","background-image":"","background-repeat":"repeat","background-position":"center center","background-size":"auto","background-attachment":"scroll","background-type":"","background-media":"","overlay-type":"","overlay-color":"","overlay-opacity":"","overlay-gradient":""},"tablet":{"background-color":"","background-image":"","background-repeat":"repeat","background-position":"center center","background-size":"auto","background-attachment":"scroll","background-type":"","background-media":"","overlay-type":"","overlay-color":"","overlay-opacity":"","overlay-gradient":""},"mobile":{"background-color":"","background-image":"","background-repeat":"repeat","background-position":"center center","background-size":"auto","background-attachment":"scroll","background-type":"","background-media":"","overlay-type":"","overlay-color":"","overlay-opacity":"","overlay-gradient":""}},"ast-content-background-meta":{"desktop":{"background-color":"var(--ast-global-color-5)","background-image":"","background-repeat":"repeat","background-position":"center center","background-size":"auto","background-attachment":"scroll","background-type":"","background-media":"","overlay-type":"","overlay-color":"","overlay-opacity":"","overlay-gradient":""},"tablet":{"background-color":"var(--ast-global-color-5)","background-image":"","background-repeat":"repeat","background-position":"center center","background-size":"auto","background-attachment":"scroll","background-type":"","background-media":"","overlay-type":"","overlay-color":"","overlay-opacity":"","overlay-gradient":""},"mobile":{"background-color":"var(--ast-global-color-5)","background-image":"","background-repeat":"repeat","background-position":"center center","background-size":"auto","background-attachment":"scroll","background-type":"","background-media":"","overlay-type":"","overlay-color":"","overlay-opacity":"","overlay-gradient":""}}},"product_brand":[],"product_cat":[79],"product_tag":[84],"class_list":{"0":"post-2483","1":"product","2":"type-product","3":"status-publish","4":"has-post-thumbnail","6":"product_cat-roofing-sheet","7":"product_tag-galvalume-roofing-sheet","8":"desktop-align-left","9":"tablet-align-left","10":"mobile-align-left","12":"first","13":"instock","14":"shipping-taxable","15":"product-type-simple"},"_links":{"self":[{"href":"https:\/\/www.hbyesonsteel.com\/es\/wp-json\/wp\/v2\/product\/2483","targetHints":{"allow":["GET"]}}],"collection":[{"href":"https:\/\/www.hbyesonsteel.com\/es\/wp-json\/wp\/v2\/product"}],"about":[{"href":"https:\/\/www.hbyesonsteel.com\/es\/wp-json\/wp\/v2\/types\/product"}],"wp:featuredmedia":[{"embeddable":true,"href":"https:\/\/www.hbyesonsteel.com\/es\/wp-json\/wp\/v2\/media\/2484"}],"wp:attachment":[{"href":"https:\/\/www.hbyesonsteel.com\/es\/wp-json\/wp\/v2\/media?parent=2483"}],"wp:term":[{"taxonomy":"product_brand","embeddable":true,"href":"https:\/\/www.hbyesonsteel.com\/es\/wp-json\/wp\/v2\/product_brand?post=2483"},{"taxonomy":"product_cat","embeddable":true,"href":"https:\/\/www.hbyesonsteel.com\/es\/wp-json\/wp\/v2\/product_cat?post=2483"},{"taxonomy":"product_tag","embeddable":true,"href":"https:\/\/www.hbyesonsteel.com\/es\/wp-json\/wp\/v2\/product_tag?post=2483"}],"curies":[{"name":"wp","href":"https:\/\/api.w.org\/{rel}","templated":true}]}}