{"id":2757,"date":"2025-11-21T17:09:36","date_gmt":"2025-11-21T09:09:36","guid":{"rendered":"https:\/\/www.hbyesonsteel.com\/?post_type=product&#038;p=2757"},"modified":"2025-11-21T17:09:36","modified_gmt":"2025-11-21T09:09:36","slug":"hot-dip-galvalume-steel-sheet","status":"publish","type":"product","link":"https:\/\/www.hbyesonsteel.com\/es\/producto\/hot-dip-galvalume-steel-sheet\/","title":{"rendered":"Chapa de acero galvanizado en caliente"},"content":{"rendered":"<p>La chapa de acero galvanizado en caliente tambi\u00e9n se conoce como chapa de aluminio-cinc, chapa de aluminio-cinc de color natural, chapa de aluminio-cinc resistente a las huellas dactilares y chapa ligera de aluminio-cinc. Como el revestimiento de la superficie de la chapa es una aleaci\u00f3n compuesta de aluminio, zinc y otros oligoelementos, tiene una excelente resistencia a la corrosi\u00f3n y sustituye gradualmente a la chapa galvanizada. La chapa de aluminio-cinc se utiliza principalmente para techos de estructuras de acero, superficies de paredes, cuerpos de armarios de distribuci\u00f3n y placas de electrodom\u00e9sticos.<br \/>\nLa estructura mixta del revestimiento de aluminio-zinc-silicio por inmersi\u00f3n en caliente tiene ventajas \u00fanicas en la resistencia a la corrosi\u00f3n. Cuando se utiliza la placa de aluminio-zinc, primero se corroe el eut\u00e9ctico de zinc-aluminio en el esqueleto de fase rica en aluminio, que tiene un buen efecto protector sobre la incisi\u00f3n como el zinc puro. El producto corro\u00eddo no se desprende tan f\u00e1cilmente como la chapa galvanizada, sino que simplemente se almacena en el hueco del esqueleto de fase rica en aluminio, lo que puede evitar hasta cierto punto la corrosi\u00f3n posterior del revestimiento.<\/p>","protected":false},"excerpt":{"rendered":"<p>Hot Dip Galvalume Steel Sheet is one of the effective means to delay the environmental corrosion of iron and steel materials, it is the surface of the cleaned, activated iron and steel products immersed in molten zinc, through the reaction and diffusion between iron and zinc, in the iron and steel products surface plating good adhesion of zinc alloy coating.<\/p>","protected":false},"featured_media":2758,"template":"","meta":{"site-sidebar-layout":"default","site-content-layout":"","ast-site-content-layout":"default","site-content-style":"default","site-sidebar-style":"default","ast-global-header-display":"","ast-banner-title-visibility":"","ast-main-header-display":"","ast-hfb-above-header-display":"","ast-hfb-below-header-display":"","ast-hfb-mobile-header-display":"","site-post-title":"","ast-breadcrumbs-content":"","ast-featured-img":"","footer-sml-layout":"","ast-disable-related-posts":"","theme-transparent-header-meta":"default","adv-header-id-meta":"","stick-header-meta":"","header-above-stick-meta":"","header-main-stick-meta":"","header-below-stick-meta":"","astra-migrate-meta-layouts":"set","ast-page-background-enabled":"default","ast-page-background-meta":{"desktop":{"background-color":"","background-image":"","background-repeat":"repeat","background-position":"center center","background-size":"auto","background-attachment":"scroll","background-type":"","background-media":"","overlay-type":"","overlay-color":"","overlay-opacity":"","overlay-gradient":""},"tablet":{"background-color":"","background-image":"","background-repeat":"repeat","background-position":"center center","background-size":"auto","background-attachment":"scroll","background-type":"","background-media":"","overlay-type":"","overlay-color":"","overlay-opacity":"","overlay-gradient":""},"mobile":{"background-color":"","background-image":"","background-repeat":"repeat","background-position":"center center","background-size":"auto","background-attachment":"scroll","background-type":"","background-media":"","overlay-type":"","overlay-color":"","overlay-opacity":"","overlay-gradient":""}},"ast-content-background-meta":{"desktop":{"background-color":"var(--ast-global-color-5)","background-image":"","background-repeat":"repeat","background-position":"center center","background-size":"auto","background-attachment":"scroll","background-type":"","background-media":"","overlay-type":"","overlay-color":"","overlay-opacity":"","overlay-gradient":""},"tablet":{"background-color":"var(--ast-global-color-5)","background-image":"","background-repeat":"repeat","background-position":"center center","background-size":"auto","background-attachment":"scroll","background-type":"","background-media":"","overlay-type":"","overlay-color":"","overlay-opacity":"","overlay-gradient":""},"mobile":{"background-color":"var(--ast-global-color-5)","background-image":"","background-repeat":"repeat","background-position":"center center","background-size":"auto","background-attachment":"scroll","background-type":"","background-media":"","overlay-type":"","overlay-color":"","overlay-opacity":"","overlay-gradient":""}}},"product_brand":[],"product_cat":[100],"product_tag":[103],"class_list":{"0":"post-2757","1":"product","2":"type-product","3":"status-publish","4":"has-post-thumbnail","6":"product_cat-galvalume-steel-sheet","7":"product_tag-hot-dip-galvalume-steel-sheet","8":"desktop-align-left","9":"tablet-align-left","10":"mobile-align-left","12":"first","13":"instock","14":"shipping-taxable","15":"product-type-simple"},"_links":{"self":[{"href":"https:\/\/www.hbyesonsteel.com\/es\/wp-json\/wp\/v2\/product\/2757","targetHints":{"allow":["GET"]}}],"collection":[{"href":"https:\/\/www.hbyesonsteel.com\/es\/wp-json\/wp\/v2\/product"}],"about":[{"href":"https:\/\/www.hbyesonsteel.com\/es\/wp-json\/wp\/v2\/types\/product"}],"wp:featuredmedia":[{"embeddable":true,"href":"https:\/\/www.hbyesonsteel.com\/es\/wp-json\/wp\/v2\/media\/2758"}],"wp:attachment":[{"href":"https:\/\/www.hbyesonsteel.com\/es\/wp-json\/wp\/v2\/media?parent=2757"}],"wp:term":[{"taxonomy":"product_brand","embeddable":true,"href":"https:\/\/www.hbyesonsteel.com\/es\/wp-json\/wp\/v2\/product_brand?post=2757"},{"taxonomy":"product_cat","embeddable":true,"href":"https:\/\/www.hbyesonsteel.com\/es\/wp-json\/wp\/v2\/product_cat?post=2757"},{"taxonomy":"product_tag","embeddable":true,"href":"https:\/\/www.hbyesonsteel.com\/es\/wp-json\/wp\/v2\/product_tag?post=2757"}],"curies":[{"name":"wp","href":"https:\/\/api.w.org\/{rel}","templated":true}]}}