{"id":1826,"date":"2025-08-20T17:49:16","date_gmt":"2025-08-20T09:49:16","guid":{"rendered":"https:\/\/www.hbyesonsteel.com\/?post_type=product&#038;p=1826"},"modified":"2025-08-21T16:07:18","modified_gmt":"2025-08-21T08:07:18","slug":"201-stainless-steel-sheet","status":"publish","type":"product","link":"https:\/\/www.hbyesonsteel.com\/fr\/produit\/201-stainless-steel-sheet\/","title":{"rendered":"T\u00f4le d&#039;acier inoxydable 201"},"content":{"rendered":"<p>La plaque d&#039;acier inoxydable 201 est un acier aust\u00e9nitique hautes performances. Sa limite d&#039;\u00e9lasticit\u00e9 et sa r\u00e9sistance \u00e0 la traction augmentent avec la baisse des temp\u00e9ratures. Elle se distingue par sa r\u00e9sistance aux acides et aux alcalis, sa haute densit\u00e9, son absence de piq\u00fbres et son absence de polissage. Le type 201 est un substitut plus \u00e9conomique aux aciers inoxydables 301 et 304.<\/p>\n<p>HBYesonSteel fournit des t\u00f4les d&#039;acier inoxydable 201, id\u00e9ales pour les applications de soudage. Elles sont \u00e9galement id\u00e9ales pour les applications commerciales, architecturales, domestiques et autres. Elles sont utilis\u00e9es pour la fabrication de tubes industriels et d\u00e9coratifs, ainsi que pour la production de tous types de bo\u00eetiers de montre, et bien plus encore. Chez HBYesonSteel, nous proposons diff\u00e9rents types de plaques d&#039;acier inoxydable 201, avec diff\u00e9rentes dimensions, diff\u00e9rents traitements de surface et d&#039;autres options.<\/p>\n<p>Pour une solution imm\u00e9diate, contactez-nous d\u00e8s aujourd&#039;hui !<\/p>\n<table data-extentions-extra-tablecapture-id=\"509440\">\n<tbody>\n<tr>\n<td colspan=\"4\" width=\"1146\"><strong><b>Param\u00e8tres du produit : t\u00f4le\/plaque en acier inoxydable<\/b><\/strong><\/td>\n<\/tr>\n<tr>\n<td width=\"195\"><strong><b>Largeur<\/b><\/strong><\/td>\n<td colspan=\"3\" width=\"950\">10 mm ~ 2500 mm<\/td>\n<\/tr>\n<tr>\n<td width=\"195\"><strong><b>\u00c9paisseur<\/b><\/strong><\/td>\n<td width=\"241\">0,2 mm \u00e0 100 mm<\/td>\n<td width=\"422\"><strong><b>\u00c9paisseur<\/b><\/strong><strong><b>\u00a0<\/b><\/strong><strong><b>tol\u00e9rance<\/b><\/strong><\/td>\n<td width=\"287\">+\/-0,03 mm<\/td>\n<\/tr>\n<tr>\n<td width=\"195\"><strong><b>Standard<\/b><\/strong><\/td>\n<td colspan=\"3\" width=\"950\">ASTM\/ASME 240\/480, JIS 4305, DIN EN 10088-2<\/td>\n<\/tr>\n<tr>\n<td width=\"195\"><strong><b>Surface<\/b><\/strong><\/td>\n<td colspan=\"3\" width=\"950\">2B, BA, 8K, NO.1, NO.4, NO.3, hairline, \u00e0 carreaux, or, noir, or rose, etc.<\/td>\n<\/tr>\n<tr>\n<td width=\"195\"><strong><b>sp\u00e9cification<\/b><\/strong><\/td>\n<td colspan=\"3\" width=\"950\">1000*2000\/L,1219*2438\/L,1250*2500\/L,1500*3000\/L1500*6000\/L,1800*6000\/L,2000*6000\/L2200*6000L<\/td>\n<\/tr>\n<tr>\n<td width=\"195\"><strong><b>Grade<\/b><\/strong><\/td>\n<td colspan=\"3\" width=\"950\">304\u00a0304DQ\u00a0201\u00a0301\u00a0304L\u00a0304H\u00a0309S\u00a0310S\u00a0316L\u00a0316TI\u00a0317L\u00a0321\u00a0347\u00a0347H\u00a0430\u00a0410\u00a0410S\u00a0420\u00a0420J2\u00a0430\u00a0430LNT\u00a0430J1L\u00a0434\u00a0436L\u00a0439\u00a0441\u00a0443\u00a0444\u00a0904L\u00a02205\u00a02507\u00a0S32750\u00a0S32760\u00a0445J2\u00a0442etc<\/td>\n<\/tr>\n<\/tbody>\n<\/table>\n<p>&nbsp;<\/p>","protected":false},"excerpt":{"rendered":"<p>The 201 stainless steel plate is high-performance austenitic steel. It exhibits an increase in yield and tensile strength with decreasing temperatures. Acid and alkali resistance, high density, no pinholes, and no polishing were among its qualities. Type 201 is a less expensive substitute for stainless steel 301 and 304. HBYesonSteel supplies 201 stainless steel sheets [&hellip;]<\/p>\n","protected":false},"featured_media":1432,"template":"","meta":{"site-sidebar-layout":"default","site-content-layout":"","ast-site-content-layout":"default","site-content-style":"default","site-sidebar-style":"default","ast-global-header-display":"","ast-banner-title-visibility":"","ast-main-header-display":"","ast-hfb-above-header-display":"","ast-hfb-below-header-display":"","ast-hfb-mobile-header-display":"","site-post-title":"","ast-breadcrumbs-content":"","ast-featured-img":"","footer-sml-layout":"","ast-disable-related-posts":"","theme-transparent-header-meta":"default","adv-header-id-meta":"","stick-header-meta":"","header-above-stick-meta":"","header-main-stick-meta":"","header-below-stick-meta":"","astra-migrate-meta-layouts":"set","ast-page-background-enabled":"default","ast-page-background-meta":{"desktop":{"background-color":"","background-image":"","background-repeat":"repeat","background-position":"center center","background-size":"auto","background-attachment":"scroll","background-type":"","background-media":"","overlay-type":"","overlay-color":"","overlay-opacity":"","overlay-gradient":""},"tablet":{"background-color":"","background-image":"","background-repeat":"repeat","background-position":"center center","background-size":"auto","background-attachment":"scroll","background-type":"","background-media":"","overlay-type":"","overlay-color":"","overlay-opacity":"","overlay-gradient":""},"mobile":{"background-color":"","background-image":"","background-repeat":"repeat","background-position":"center center","background-size":"auto","background-attachment":"scroll","background-type":"","background-media":"","overlay-type":"","overlay-color":"","overlay-opacity":"","overlay-gradient":""}},"ast-content-background-meta":{"desktop":{"background-color":"var(--ast-global-color-5)","background-image":"","background-repeat":"repeat","background-position":"center center","background-size":"auto","background-attachment":"scroll","background-type":"","background-media":"","overlay-type":"","overlay-color":"","overlay-opacity":"","overlay-gradient":""},"tablet":{"background-color":"var(--ast-global-color-5)","background-image":"","background-repeat":"repeat","background-position":"center center","background-size":"auto","background-attachment":"scroll","background-type":"","background-media":"","overlay-type":"","overlay-color":"","overlay-opacity":"","overlay-gradient":""},"mobile":{"background-color":"var(--ast-global-color-5)","background-image":"","background-repeat":"repeat","background-position":"center center","background-size":"auto","background-attachment":"scroll","background-type":"","background-media":"","overlay-type":"","overlay-color":"","overlay-opacity":"","overlay-gradient":""}}},"product_brand":[],"product_cat":[48],"product_tag":[47],"class_list":{"0":"post-1826","1":"product","2":"type-product","3":"status-publish","4":"has-post-thumbnail","6":"product_cat-steel-sheet-plate","7":"product_tag-201-stainless-steel-sheet","8":"desktop-align-left","9":"tablet-align-left","10":"mobile-align-left","12":"first","13":"instock","14":"shipping-taxable","15":"product-type-simple"},"_links":{"self":[{"href":"https:\/\/www.hbyesonsteel.com\/fr\/wp-json\/wp\/v2\/product\/1826","targetHints":{"allow":["GET"]}}],"collection":[{"href":"https:\/\/www.hbyesonsteel.com\/fr\/wp-json\/wp\/v2\/product"}],"about":[{"href":"https:\/\/www.hbyesonsteel.com\/fr\/wp-json\/wp\/v2\/types\/product"}],"wp:featuredmedia":[{"embeddable":true,"href":"https:\/\/www.hbyesonsteel.com\/fr\/wp-json\/wp\/v2\/media\/1432"}],"wp:attachment":[{"href":"https:\/\/www.hbyesonsteel.com\/fr\/wp-json\/wp\/v2\/media?parent=1826"}],"wp:term":[{"taxonomy":"product_brand","embeddable":true,"href":"https:\/\/www.hbyesonsteel.com\/fr\/wp-json\/wp\/v2\/product_brand?post=1826"},{"taxonomy":"product_cat","embeddable":true,"href":"https:\/\/www.hbyesonsteel.com\/fr\/wp-json\/wp\/v2\/product_cat?post=1826"},{"taxonomy":"product_tag","embeddable":true,"href":"https:\/\/www.hbyesonsteel.com\/fr\/wp-json\/wp\/v2\/product_tag?post=1826"}],"curies":[{"name":"wp","href":"https:\/\/api.w.org\/{rel}","templated":true}]}}