{"id":1882,"date":"2025-08-22T09:12:52","date_gmt":"2025-08-22T01:12:52","guid":{"rendered":"https:\/\/www.hbyesonsteel.com\/?post_type=product&#038;p=1882"},"modified":"2025-08-22T09:12:52","modified_gmt":"2025-08-22T01:12:52","slug":"202-stainless-steel-sheet","status":"publish","type":"product","link":"https:\/\/www.hbyesonsteel.com\/fr\/produit\/202-stainless-steel-sheet\/","title":{"rendered":"T\u00f4le d&#039;acier inoxydable 202"},"content":{"rendered":"<p>La t\u00f4le d&#039;acier inoxydable 202 est largement utilis\u00e9e dans diverses industries comme nuance \u00e0 durcissement par pr\u00e9cipitation et d\u00e9pourvue de magn\u00e9tisme. Elle peut \u00eatre lamin\u00e9e \u00e0 chaud ou \u00e0 froid, offrant une grande polyvalence pour diverses applications. Chez HByesonsteel, nous proposons des services professionnels et personnalis\u00e9s, adapt\u00e9s \u00e0 diff\u00e9rentes tailles, formes et exigences sp\u00e9cifiques. N&#039;h\u00e9sitez pas \u00e0 nous faire part de vos besoins et nous mettrons tout en \u0153uvre pour vous satisfaire.<\/p>\n<table width=\"441\" data-extentions-extra-tablecapture-id=\"36388\">\n<tbody>\n<tr>\n<td width=\"121\">Largeur<\/td>\n<td width=\"320\">1000 \u2013 3500 mm<\/td>\n<\/tr>\n<tr>\n<td>\u00c9paisseur<\/td>\n<td width=\"320\">0,5 \u2013 200 mm<\/td>\n<\/tr>\n<tr>\n<td>Longueur<\/td>\n<td width=\"320\">2400 \u2013 6000 mm, ou coup\u00e9 \u00e0 longueur<\/td>\n<\/tr>\n<tr>\n<td>Finition de surface<\/td>\n<td width=\"320\">Finition moulin, n\u00b0 1, 2B, 2D, n\u00b0 4, n\u00b0 8, miroir, pinceau, ligne fine<\/td>\n<\/tr>\n<tr>\n<td>Standard<\/td>\n<td width=\"320\">JIS, AISI, ASTM, GB, DIN, EN<\/td>\n<\/tr>\n<tr>\n<td>sp\u00e9cification<\/td>\n<td width=\"320\">ASTM A240 \/ ASME SA240<\/td>\n<\/tr>\n<\/tbody>\n<\/table>","protected":false},"excerpt":{"rendered":"<p>202 stainless steel sheet is widely used in various industries as a precipitation hardening grade that does not possess magnetism. It can be both hot rolled and cold rolled, offering versatility for different applications. At HByesonsteel, we provide professional customized services, catering to different sizes, shapes, and specific requirements. Simply share your needs, and we [&hellip;]<\/p>\n","protected":false},"featured_media":1830,"template":"","meta":{"site-sidebar-layout":"default","site-content-layout":"","ast-site-content-layout":"default","site-content-style":"default","site-sidebar-style":"default","ast-global-header-display":"","ast-banner-title-visibility":"","ast-main-header-display":"","ast-hfb-above-header-display":"","ast-hfb-below-header-display":"","ast-hfb-mobile-header-display":"","site-post-title":"","ast-breadcrumbs-content":"","ast-featured-img":"","footer-sml-layout":"","ast-disable-related-posts":"","theme-transparent-header-meta":"default","adv-header-id-meta":"","stick-header-meta":"","header-above-stick-meta":"","header-main-stick-meta":"","header-below-stick-meta":"","astra-migrate-meta-layouts":"set","ast-page-background-enabled":"default","ast-page-background-meta":{"desktop":{"background-color":"","background-image":"","background-repeat":"repeat","background-position":"center center","background-size":"auto","background-attachment":"scroll","background-type":"","background-media":"","overlay-type":"","overlay-color":"","overlay-opacity":"","overlay-gradient":""},"tablet":{"background-color":"","background-image":"","background-repeat":"repeat","background-position":"center center","background-size":"auto","background-attachment":"scroll","background-type":"","background-media":"","overlay-type":"","overlay-color":"","overlay-opacity":"","overlay-gradient":""},"mobile":{"background-color":"","background-image":"","background-repeat":"repeat","background-position":"center center","background-size":"auto","background-attachment":"scroll","background-type":"","background-media":"","overlay-type":"","overlay-color":"","overlay-opacity":"","overlay-gradient":""}},"ast-content-background-meta":{"desktop":{"background-color":"var(--ast-global-color-5)","background-image":"","background-repeat":"repeat","background-position":"center center","background-size":"auto","background-attachment":"scroll","background-type":"","background-media":"","overlay-type":"","overlay-color":"","overlay-opacity":"","overlay-gradient":""},"tablet":{"background-color":"var(--ast-global-color-5)","background-image":"","background-repeat":"repeat","background-position":"center center","background-size":"auto","background-attachment":"scroll","background-type":"","background-media":"","overlay-type":"","overlay-color":"","overlay-opacity":"","overlay-gradient":""},"mobile":{"background-color":"var(--ast-global-color-5)","background-image":"","background-repeat":"repeat","background-position":"center center","background-size":"auto","background-attachment":"scroll","background-type":"","background-media":"","overlay-type":"","overlay-color":"","overlay-opacity":"","overlay-gradient":""}}},"product_brand":[],"product_cat":[48],"product_tag":[51],"class_list":{"0":"post-1882","1":"product","2":"type-product","3":"status-publish","4":"has-post-thumbnail","6":"product_cat-steel-sheet-plate","7":"product_tag-202-stainless-steel-sheet","8":"desktop-align-left","9":"tablet-align-left","10":"mobile-align-left","12":"first","13":"instock","14":"shipping-taxable","15":"product-type-simple"},"_links":{"self":[{"href":"https:\/\/www.hbyesonsteel.com\/fr\/wp-json\/wp\/v2\/product\/1882","targetHints":{"allow":["GET"]}}],"collection":[{"href":"https:\/\/www.hbyesonsteel.com\/fr\/wp-json\/wp\/v2\/product"}],"about":[{"href":"https:\/\/www.hbyesonsteel.com\/fr\/wp-json\/wp\/v2\/types\/product"}],"wp:featuredmedia":[{"embeddable":true,"href":"https:\/\/www.hbyesonsteel.com\/fr\/wp-json\/wp\/v2\/media\/1830"}],"wp:attachment":[{"href":"https:\/\/www.hbyesonsteel.com\/fr\/wp-json\/wp\/v2\/media?parent=1882"}],"wp:term":[{"taxonomy":"product_brand","embeddable":true,"href":"https:\/\/www.hbyesonsteel.com\/fr\/wp-json\/wp\/v2\/product_brand?post=1882"},{"taxonomy":"product_cat","embeddable":true,"href":"https:\/\/www.hbyesonsteel.com\/fr\/wp-json\/wp\/v2\/product_cat?post=1882"},{"taxonomy":"product_tag","embeddable":true,"href":"https:\/\/www.hbyesonsteel.com\/fr\/wp-json\/wp\/v2\/product_tag?post=1882"}],"curies":[{"name":"wp","href":"https:\/\/api.w.org\/{rel}","templated":true}]}}