{"id":1904,"date":"2025-08-22T11:21:12","date_gmt":"2025-08-22T03:21:12","guid":{"rendered":"https:\/\/www.hbyesonsteel.com\/?post_type=product&#038;p=1904"},"modified":"2025-08-22T11:21:12","modified_gmt":"2025-08-22T03:21:12","slug":"301-stainless-steel-sheet","status":"publish","type":"product","link":"https:\/\/www.hbyesonsteel.com\/fr\/produit\/301-stainless-steel-sheet\/","title":{"rendered":"T\u00f4le d&#039;acier inoxydable 301"},"content":{"rendered":"<p>La t\u00f4le d&#039;acier inoxydable 301 est un acier inoxydable aust\u00e9nitique qui peut \u00eatre travaill\u00e9 \u00e0 froid pour obtenir diff\u00e9rents \u00e9tats de surface. Elle est adapt\u00e9e au soudage, au formage et \u00e0 l&#039;emboutissage, et est disponible en plusieurs finitions de surface. La duret\u00e9 des t\u00f4les d&#039;acier inoxydable 301 augmente rapidement lors du travail m\u00e9canique. Nous proposons des duret\u00e9s 1\/4, 1\/2 et 1\/4 pour r\u00e9pondre aux diff\u00e9rentes exigences des applications.<\/p>\n<h2>Sp\u00e9cifications techniques<\/h2>\n<table data-extentions-extra-tablecapture-id=\"672956\">\n<tbody>\n<tr>\n<td>Largeur<\/td>\n<td>10 mm ~ 2500 mm<\/td>\n<\/tr>\n<tr>\n<td>\u00c9paisseur<\/td>\n<td>0,032\u2033~0,063\u2033<\/td>\n<\/tr>\n<tr>\n<td>Taille<\/td>\n<td>1000*2000\/L, 1219*2438\/L, 1250*2500\/L, 1500*3000\/L, 1500*6000\/L, 1800*6000\/L, 2000*6000\/L, 2200*6000\/L<\/td>\n<\/tr>\n<tr>\n<td>Standard<\/td>\n<td>AMS 5519, ASTM A666, AMS 5517, AMS 5518, AMS5901, AISI 301, ASTM-A167, ASTM-A177, ASTM-A554, DIN 1.4310, MIL S-5059, QQ S766, UNS S30100<\/td>\n<\/tr>\n<tr>\n<td>Surface<\/td>\n<td>2B, BA, 8K, N\u00b0 1, N\u00b0 4, N\u00b0 3, Ligne de cheveux<\/td>\n<\/tr>\n<\/tbody>\n<\/table>","protected":false},"excerpt":{"rendered":"<p>301 stainless steel sheet is a type of austenitic stainless steel that can be cold worked into various tempers. It is suitable for welding, forming, and drawing, and is available in multiple surface finishes. The hardness of 301 stainless steel sheets increases rapidly during mechanical working, and we offer 1\/4 hard, 1\/2 hard, and full [&hellip;]<\/p>\n","protected":false},"featured_media":1433,"template":"","meta":{"site-sidebar-layout":"default","site-content-layout":"","ast-site-content-layout":"default","site-content-style":"default","site-sidebar-style":"default","ast-global-header-display":"","ast-banner-title-visibility":"","ast-main-header-display":"","ast-hfb-above-header-display":"","ast-hfb-below-header-display":"","ast-hfb-mobile-header-display":"","site-post-title":"","ast-breadcrumbs-content":"","ast-featured-img":"","footer-sml-layout":"","ast-disable-related-posts":"","theme-transparent-header-meta":"default","adv-header-id-meta":"","stick-header-meta":"","header-above-stick-meta":"","header-main-stick-meta":"","header-below-stick-meta":"","astra-migrate-meta-layouts":"set","ast-page-background-enabled":"default","ast-page-background-meta":{"desktop":{"background-color":"","background-image":"","background-repeat":"repeat","background-position":"center center","background-size":"auto","background-attachment":"scroll","background-type":"","background-media":"","overlay-type":"","overlay-color":"","overlay-opacity":"","overlay-gradient":""},"tablet":{"background-color":"","background-image":"","background-repeat":"repeat","background-position":"center center","background-size":"auto","background-attachment":"scroll","background-type":"","background-media":"","overlay-type":"","overlay-color":"","overlay-opacity":"","overlay-gradient":""},"mobile":{"background-color":"","background-image":"","background-repeat":"repeat","background-position":"center center","background-size":"auto","background-attachment":"scroll","background-type":"","background-media":"","overlay-type":"","overlay-color":"","overlay-opacity":"","overlay-gradient":""}},"ast-content-background-meta":{"desktop":{"background-color":"var(--ast-global-color-5)","background-image":"","background-repeat":"repeat","background-position":"center center","background-size":"auto","background-attachment":"scroll","background-type":"","background-media":"","overlay-type":"","overlay-color":"","overlay-opacity":"","overlay-gradient":""},"tablet":{"background-color":"var(--ast-global-color-5)","background-image":"","background-repeat":"repeat","background-position":"center center","background-size":"auto","background-attachment":"scroll","background-type":"","background-media":"","overlay-type":"","overlay-color":"","overlay-opacity":"","overlay-gradient":""},"mobile":{"background-color":"var(--ast-global-color-5)","background-image":"","background-repeat":"repeat","background-position":"center center","background-size":"auto","background-attachment":"scroll","background-type":"","background-media":"","overlay-type":"","overlay-color":"","overlay-opacity":"","overlay-gradient":""}}},"product_brand":[],"product_cat":[48],"product_tag":[52],"class_list":{"0":"post-1904","1":"product","2":"type-product","3":"status-publish","4":"has-post-thumbnail","6":"product_cat-steel-sheet-plate","7":"product_tag-301-stainless-steel-sheet","8":"desktop-align-left","9":"tablet-align-left","10":"mobile-align-left","12":"first","13":"instock","14":"shipping-taxable","15":"product-type-simple"},"_links":{"self":[{"href":"https:\/\/www.hbyesonsteel.com\/fr\/wp-json\/wp\/v2\/product\/1904","targetHints":{"allow":["GET"]}}],"collection":[{"href":"https:\/\/www.hbyesonsteel.com\/fr\/wp-json\/wp\/v2\/product"}],"about":[{"href":"https:\/\/www.hbyesonsteel.com\/fr\/wp-json\/wp\/v2\/types\/product"}],"wp:featuredmedia":[{"embeddable":true,"href":"https:\/\/www.hbyesonsteel.com\/fr\/wp-json\/wp\/v2\/media\/1433"}],"wp:attachment":[{"href":"https:\/\/www.hbyesonsteel.com\/fr\/wp-json\/wp\/v2\/media?parent=1904"}],"wp:term":[{"taxonomy":"product_brand","embeddable":true,"href":"https:\/\/www.hbyesonsteel.com\/fr\/wp-json\/wp\/v2\/product_brand?post=1904"},{"taxonomy":"product_cat","embeddable":true,"href":"https:\/\/www.hbyesonsteel.com\/fr\/wp-json\/wp\/v2\/product_cat?post=1904"},{"taxonomy":"product_tag","embeddable":true,"href":"https:\/\/www.hbyesonsteel.com\/fr\/wp-json\/wp\/v2\/product_tag?post=1904"}],"curies":[{"name":"wp","href":"https:\/\/api.w.org\/{rel}","templated":true}]}}