{"id":1915,"date":"2025-08-22T15:33:07","date_gmt":"2025-08-22T07:33:07","guid":{"rendered":"https:\/\/www.hbyesonsteel.com\/?post_type=product&#038;p=1915"},"modified":"2025-08-22T15:33:08","modified_gmt":"2025-08-22T07:33:08","slug":"302-stainless-steel-sheet","status":"publish","type":"product","link":"https:\/\/www.hbyesonsteel.com\/fr\/produit\/302-stainless-steel-sheet\/","title":{"rendered":"T\u00f4le d&#039;acier inoxydable 302"},"content":{"rendered":"<p>La t\u00f4le d&#039;acier inoxydable 302 est disponible sous diff\u00e9rentes formes. Elle allie parfaitement maniabilit\u00e9 et r\u00e9sistance \u00e0 la corrosion. Fabriqu\u00e9e gr\u00e2ce \u00e0 un syst\u00e8me de fabrication sophistiqu\u00e9, elle est id\u00e9ale pour le soudage. Elle est trait\u00e9e thermiquement et chimiquement pour une r\u00e9sistance maximale.<\/p>\n<p>HByesonsteel est l&#039;un des principaux fabricants de t\u00f4les d&#039;acier inoxydable 302 en Chine. Nous fabriquons des t\u00f4les d&#039;acier inoxydable 302 \u00e0 partir de mat\u00e9riaux ductiles. Nous proposons des t\u00f4les d&#039;acier inoxydable de diff\u00e9rentes dimensions pour des applications sp\u00e9cifiques. Nos t\u00f4les d&#039;acier inoxydable 302 sont test\u00e9es pour leur durabilit\u00e9 et r\u00e9sistent m\u00eame \u00e0 un traitement thermique suppl\u00e9mentaire. Commandez d\u00e8s maintenant\u00a0!<\/p>\n<table data-extentions-extra-tablecapture-id=\"704943\">\n<tbody>\n<tr>\n<td colspan=\"4\" width=\"1146\"><strong><b>Param\u00e8tres du produit : t\u00f4le\/plaque en acier inoxydable<\/b><\/strong><\/td>\n<\/tr>\n<tr>\n<td width=\"195\"><strong><b>Largeur<\/b><\/strong><\/td>\n<td colspan=\"3\" width=\"950\">10 mm ~ 2500 mm<\/td>\n<\/tr>\n<tr>\n<td width=\"195\"><strong><b>\u00c9paisseur<\/b><\/strong><\/td>\n<td width=\"241\">0,2 mm \u00e0 100 mm<\/td>\n<td width=\"422\"><strong><b>\u00c9paisseur<\/b><\/strong><strong><b>\u00a0<\/b><\/strong><strong><b>tol\u00e9rance<\/b><\/strong><\/td>\n<td width=\"287\">+\/-0,03 mm<\/td>\n<\/tr>\n<tr>\n<td width=\"195\"><strong><b>Standard<\/b><\/strong><\/td>\n<td colspan=\"3\" width=\"950\">ASTM\/ASME 240\/480, JIS 4305, DIN EN 10088-2<\/td>\n<\/tr>\n<tr>\n<td width=\"195\"><strong><b>Surface<\/b><\/strong><\/td>\n<td colspan=\"3\" width=\"950\">2B, BA, 8K, NO.1, NO.4, NO.3, hairline, \u00e0 carreaux, or, noir, or rose, etc.<\/td>\n<\/tr>\n<tr>\n<td width=\"195\"><strong><b>sp\u00e9cification<\/b><\/strong><\/td>\n<td colspan=\"3\" width=\"950\">1000*2000\/L,1219*2438\/L,1250*2500\/L,1500*3000\/L1500*6000\/L,1800*6000\/L,2000*6000\/L2200*6000L<\/td>\n<\/tr>\n<tr>\n<td width=\"195\"><strong><b>Grade<\/b><\/strong><\/td>\n<td colspan=\"3\" width=\"950\">304 304DQ 201 301 304L 304H 309S 310S 316L 316TI 317L 321 347 347H<\/p>\n<p>430 410 410S 420 420J2 430 430LNT 430J1L 434 436L 439 441 443 444 904L 2205 2507 S32750 S32760 445J2 442etc<\/td>\n<\/tr>\n<\/tbody>\n<\/table>","protected":false},"excerpt":{"rendered":"<p>302 stainless steel sheet is available in different variety of forms. It has an excellent combination of fabricability and corrosion resistance. 302 stainless steel sheet is made using an extensive and advanced manufacturing system. The 302 type of stainless steel is ideal for the welding process. It is processed with heat and chemical treatment to [&hellip;]<\/p>\n","protected":false},"featured_media":1920,"template":"","meta":{"site-sidebar-layout":"default","site-content-layout":"","ast-site-content-layout":"default","site-content-style":"default","site-sidebar-style":"default","ast-global-header-display":"","ast-banner-title-visibility":"","ast-main-header-display":"","ast-hfb-above-header-display":"","ast-hfb-below-header-display":"","ast-hfb-mobile-header-display":"","site-post-title":"","ast-breadcrumbs-content":"","ast-featured-img":"","footer-sml-layout":"","ast-disable-related-posts":"","theme-transparent-header-meta":"default","adv-header-id-meta":"","stick-header-meta":"","header-above-stick-meta":"","header-main-stick-meta":"","header-below-stick-meta":"","astra-migrate-meta-layouts":"set","ast-page-background-enabled":"default","ast-page-background-meta":{"desktop":{"background-color":"","background-image":"","background-repeat":"repeat","background-position":"center center","background-size":"auto","background-attachment":"scroll","background-type":"","background-media":"","overlay-type":"","overlay-color":"","overlay-opacity":"","overlay-gradient":""},"tablet":{"background-color":"","background-image":"","background-repeat":"repeat","background-position":"center center","background-size":"auto","background-attachment":"scroll","background-type":"","background-media":"","overlay-type":"","overlay-color":"","overlay-opacity":"","overlay-gradient":""},"mobile":{"background-color":"","background-image":"","background-repeat":"repeat","background-position":"center center","background-size":"auto","background-attachment":"scroll","background-type":"","background-media":"","overlay-type":"","overlay-color":"","overlay-opacity":"","overlay-gradient":""}},"ast-content-background-meta":{"desktop":{"background-color":"var(--ast-global-color-5)","background-image":"","background-repeat":"repeat","background-position":"center center","background-size":"auto","background-attachment":"scroll","background-type":"","background-media":"","overlay-type":"","overlay-color":"","overlay-opacity":"","overlay-gradient":""},"tablet":{"background-color":"var(--ast-global-color-5)","background-image":"","background-repeat":"repeat","background-position":"center center","background-size":"auto","background-attachment":"scroll","background-type":"","background-media":"","overlay-type":"","overlay-color":"","overlay-opacity":"","overlay-gradient":""},"mobile":{"background-color":"var(--ast-global-color-5)","background-image":"","background-repeat":"repeat","background-position":"center center","background-size":"auto","background-attachment":"scroll","background-type":"","background-media":"","overlay-type":"","overlay-color":"","overlay-opacity":"","overlay-gradient":""}}},"product_brand":[],"product_cat":[48],"product_tag":[53],"class_list":{"0":"post-1915","1":"product","2":"type-product","3":"status-publish","4":"has-post-thumbnail","6":"product_cat-steel-sheet-plate","7":"product_tag-302-stainless-steel-sheet","8":"desktop-align-left","9":"tablet-align-left","10":"mobile-align-left","12":"first","13":"instock","14":"shipping-taxable","15":"product-type-simple"},"_links":{"self":[{"href":"https:\/\/www.hbyesonsteel.com\/fr\/wp-json\/wp\/v2\/product\/1915","targetHints":{"allow":["GET"]}}],"collection":[{"href":"https:\/\/www.hbyesonsteel.com\/fr\/wp-json\/wp\/v2\/product"}],"about":[{"href":"https:\/\/www.hbyesonsteel.com\/fr\/wp-json\/wp\/v2\/types\/product"}],"wp:featuredmedia":[{"embeddable":true,"href":"https:\/\/www.hbyesonsteel.com\/fr\/wp-json\/wp\/v2\/media\/1920"}],"wp:attachment":[{"href":"https:\/\/www.hbyesonsteel.com\/fr\/wp-json\/wp\/v2\/media?parent=1915"}],"wp:term":[{"taxonomy":"product_brand","embeddable":true,"href":"https:\/\/www.hbyesonsteel.com\/fr\/wp-json\/wp\/v2\/product_brand?post=1915"},{"taxonomy":"product_cat","embeddable":true,"href":"https:\/\/www.hbyesonsteel.com\/fr\/wp-json\/wp\/v2\/product_cat?post=1915"},{"taxonomy":"product_tag","embeddable":true,"href":"https:\/\/www.hbyesonsteel.com\/fr\/wp-json\/wp\/v2\/product_tag?post=1915"}],"curies":[{"name":"wp","href":"https:\/\/api.w.org\/{rel}","templated":true}]}}