{"id":1938,"date":"2025-08-25T14:23:16","date_gmt":"2025-08-25T06:23:16","guid":{"rendered":"https:\/\/www.hbyesonsteel.com\/?post_type=product&#038;p=1938"},"modified":"2025-08-25T14:23:16","modified_gmt":"2025-08-25T06:23:16","slug":"303-stainless-steel-sheet","status":"publish","type":"product","link":"https:\/\/www.hbyesonsteel.com\/fr\/produit\/303-stainless-steel-sheet\/","title":{"rendered":"T\u00f4le d&#039;acier inoxydable 303"},"content":{"rendered":"<p data-start=\"49\" data-end=\"108\"><strong data-start=\"49\" data-end=\"106\">Alliage 303 \u2013 Acier inoxydable aust\u00e9nitique \u00e0 usinage facile<\/strong><\/p>\n<p data-start=\"110\" data-end=\"564\">L&#039;alliage 303 est un acier inoxydable aust\u00e9nitique amagn\u00e9tique qui ne peut \u00eatre durci par traitement thermique. Il s&#039;agit d&#039;une version usinable de l&#039;acier inoxydable standard 18% au chrome et 8% au nickel (alliage 304). Sp\u00e9cialement d\u00e9velopp\u00e9 pour offrir <strong data-start=\"346\" data-end=\"372\">usinabilit\u00e9 am\u00e9lior\u00e9e<\/strong> tout en conservant une bonne r\u00e9sistance m\u00e9canique et une bonne r\u00e9sistance \u00e0 la corrosion, l&#039;alliage 303 est le <strong data-start=\"459\" data-end=\"512\">l&#039;acier inoxydable aust\u00e9nitique le plus facilement usinable<\/strong> en raison de la pr\u00e9sence de soufre dans sa composition.<\/p>\n<p data-start=\"566\" data-end=\"868\">Bien que l&#039;ajout de soufre am\u00e9liore consid\u00e9rablement l&#039;usinabilit\u00e9, il r\u00e9duit l\u00e9g\u00e8rement la r\u00e9sistance \u00e0 la corrosion et la t\u00e9nacit\u00e9 par rapport \u00e0 l&#039;alliage 304. Malgr\u00e9 cela, l&#039;alliage 303 offre toujours une excellente t\u00e9nacit\u00e9 et sa r\u00e9sistance \u00e0 la corrosion est <strong data-start=\"800\" data-end=\"833\">sup\u00e9rieur \u00e0 celui de l&#039;alliage 416<\/strong> et autres nuances d&#039;usinage libre.<\/p>\n<p data-start=\"870\" data-end=\"1085\">L&#039;alliage 303 est performant dans <strong data-start=\"897\" data-end=\"930\">environnements l\u00e9g\u00e8rement corrosifs<\/strong>, mais pour les applications n\u00e9cessitant une r\u00e9sistance optimale \u00e0 la corrosion, un <strong data-start=\"995\" data-end=\"1025\">traitement chimique de surface<\/strong> il est recommand\u00e9 d&#039;\u00e9liminer les sulfures de la surface finale.<\/p>\n<p data-start=\"1087\" data-end=\"1108\">\u2705 <strong data-start=\"1089\" data-end=\"1106\">Caract\u00e9ristiques principales :<\/strong><\/p>\n<ul data-start=\"1109\" data-end=\"1378\">\n<li data-start=\"1109\" data-end=\"1169\">\n<p data-start=\"1111\" data-end=\"1169\">Excellente usinabilit\u00e9 \u2013 id\u00e9al pour l&#039;usinage \u00e0 grande vitesse<\/p>\n<\/li>\n<li data-start=\"1170\" data-end=\"1235\">\n<p data-start=\"1172\" data-end=\"1235\">Bonnes propri\u00e9t\u00e9s m\u00e9caniques avec une r\u00e9sistance ad\u00e9quate \u00e0 la corrosion<\/p>\n<\/li>\n<li data-start=\"1236\" data-end=\"1304\">\n<p data-start=\"1238\" data-end=\"1304\">T\u00e9nacit\u00e9 sup\u00e9rieure par rapport aux nuances martensitiques \u00e0 usinage libre<\/p>\n<\/li>\n<li data-start=\"1305\" data-end=\"1378\">\n<p data-start=\"1307\" data-end=\"1378\">Id\u00e9al pour les applications o\u00f9 l&#039;efficacit\u00e9 de l&#039;usinage est une priorit\u00e9<\/p>\n<\/li>\n<\/ul>","protected":false},"excerpt":{"rendered":"<p>Alloy 303 is a non-magnetic, austenitic stainless steel that is not hardenable by heat treatment. It is the free machining modification of the basic 18% chromium \/ 8% nickel stainless steel. Alloy 303 was specially designed to exhibit impro<\/p>","protected":false},"featured_media":1939,"template":"","meta":{"site-sidebar-layout":"default","site-content-layout":"","ast-site-content-layout":"default","site-content-style":"default","site-sidebar-style":"default","ast-global-header-display":"","ast-banner-title-visibility":"","ast-main-header-display":"","ast-hfb-above-header-display":"","ast-hfb-below-header-display":"","ast-hfb-mobile-header-display":"","site-post-title":"","ast-breadcrumbs-content":"","ast-featured-img":"","footer-sml-layout":"","ast-disable-related-posts":"","theme-transparent-header-meta":"default","adv-header-id-meta":"","stick-header-meta":"","header-above-stick-meta":"","header-main-stick-meta":"","header-below-stick-meta":"","astra-migrate-meta-layouts":"set","ast-page-background-enabled":"default","ast-page-background-meta":{"desktop":{"background-color":"","background-image":"","background-repeat":"repeat","background-position":"center center","background-size":"auto","background-attachment":"scroll","background-type":"","background-media":"","overlay-type":"","overlay-color":"","overlay-opacity":"","overlay-gradient":""},"tablet":{"background-color":"","background-image":"","background-repeat":"repeat","background-position":"center center","background-size":"auto","background-attachment":"scroll","background-type":"","background-media":"","overlay-type":"","overlay-color":"","overlay-opacity":"","overlay-gradient":""},"mobile":{"background-color":"","background-image":"","background-repeat":"repeat","background-position":"center center","background-size":"auto","background-attachment":"scroll","background-type":"","background-media":"","overlay-type":"","overlay-color":"","overlay-opacity":"","overlay-gradient":""}},"ast-content-background-meta":{"desktop":{"background-color":"var(--ast-global-color-5)","background-image":"","background-repeat":"repeat","background-position":"center center","background-size":"auto","background-attachment":"scroll","background-type":"","background-media":"","overlay-type":"","overlay-color":"","overlay-opacity":"","overlay-gradient":""},"tablet":{"background-color":"var(--ast-global-color-5)","background-image":"","background-repeat":"repeat","background-position":"center center","background-size":"auto","background-attachment":"scroll","background-type":"","background-media":"","overlay-type":"","overlay-color":"","overlay-opacity":"","overlay-gradient":""},"mobile":{"background-color":"var(--ast-global-color-5)","background-image":"","background-repeat":"repeat","background-position":"center center","background-size":"auto","background-attachment":"scroll","background-type":"","background-media":"","overlay-type":"","overlay-color":"","overlay-opacity":"","overlay-gradient":""}}},"product_brand":[],"product_cat":[48],"product_tag":[54],"class_list":{"0":"post-1938","1":"product","2":"type-product","3":"status-publish","4":"has-post-thumbnail","6":"product_cat-steel-sheet-plate","7":"product_tag-303-stainless-steel-sheet","8":"desktop-align-left","9":"tablet-align-left","10":"mobile-align-left","12":"first","13":"instock","14":"shipping-taxable","15":"product-type-simple"},"_links":{"self":[{"href":"https:\/\/www.hbyesonsteel.com\/fr\/wp-json\/wp\/v2\/product\/1938","targetHints":{"allow":["GET"]}}],"collection":[{"href":"https:\/\/www.hbyesonsteel.com\/fr\/wp-json\/wp\/v2\/product"}],"about":[{"href":"https:\/\/www.hbyesonsteel.com\/fr\/wp-json\/wp\/v2\/types\/product"}],"wp:featuredmedia":[{"embeddable":true,"href":"https:\/\/www.hbyesonsteel.com\/fr\/wp-json\/wp\/v2\/media\/1939"}],"wp:attachment":[{"href":"https:\/\/www.hbyesonsteel.com\/fr\/wp-json\/wp\/v2\/media?parent=1938"}],"wp:term":[{"taxonomy":"product_brand","embeddable":true,"href":"https:\/\/www.hbyesonsteel.com\/fr\/wp-json\/wp\/v2\/product_brand?post=1938"},{"taxonomy":"product_cat","embeddable":true,"href":"https:\/\/www.hbyesonsteel.com\/fr\/wp-json\/wp\/v2\/product_cat?post=1938"},{"taxonomy":"product_tag","embeddable":true,"href":"https:\/\/www.hbyesonsteel.com\/fr\/wp-json\/wp\/v2\/product_tag?post=1938"}],"curies":[{"name":"wp","href":"https:\/\/api.w.org\/{rel}","templated":true}]}}