{"id":1950,"date":"2025-08-25T16:17:08","date_gmt":"2025-08-25T08:17:08","guid":{"rendered":"https:\/\/www.hbyesonsteel.com\/?post_type=product&#038;p=1950"},"modified":"2025-08-25T16:17:08","modified_gmt":"2025-08-25T08:17:08","slug":"309s-stainless-steel-sheet","status":"publish","type":"product","link":"https:\/\/www.hbyesonsteel.com\/fr\/produit\/309s-stainless-steel-sheet\/","title":{"rendered":"T\u00f4le d&#039;acier inoxydable 309S"},"content":{"rendered":"<p>La t\u00f4le d&#039;acier inoxydable 309S est un acier inoxydable aust\u00e9nitique lamin\u00e9 \u00e0 froid ou \u00e0 chaud. Elle est facile \u00e0 usiner, \u00e0 souder et \u00e0 emboutir, mais ne peut pas \u00eatre durcie par traitement thermique. Chez HByesonsteel, nous proposons des services personnalis\u00e9s pour r\u00e9pondre \u00e0 diff\u00e9rentes dimensions et nuances, garantissant ainsi la satisfaction de nos clients.<\/p>\n<table width=\"471\" data-extentions-extra-tablecapture-id=\"17534\">\n<tbody>\n<tr>\n<td width=\"110\">Largeur<\/td>\n<td width=\"361\">1000-3500 mm<\/td>\n<\/tr>\n<tr>\n<td>\u00c9paisseur<\/td>\n<td>0,6-100 mm<\/td>\n<\/tr>\n<tr>\n<td>Longueur<\/td>\n<td>Nous offrons un service de coupe \u00e0 longueur.<\/td>\n<\/tr>\n<tr>\n<td>Formulaires<\/td>\n<td width=\"361\">Bobines, tiges, bandes, barres plates, tubes, flans (cercles), t\u00f4les perfor\u00e9es, t\u00f4les stri\u00e9es, etc.<\/td>\n<\/tr>\n<tr>\n<td>Finition de surface<\/td>\n<td width=\"361\">2B, 2D, miroir, d\u00e9li\u00e9, \u00e0 carreaux, en relief, SATIN, BA, NO.8, 8K, NO.1, NO.4, sablage, pinceau, gravure, etc.<\/td>\n<\/tr>\n<tr>\n<td>Duret\u00e9<\/td>\n<td width=\"361\">Doux, \u00e9lastique, dur, mi-dur, quart-dur, etc.<\/td>\n<\/tr>\n<tr>\n<td>Normes<\/td>\n<td>ASME SA240, AMS 5523, ASTM A240<\/td>\n<\/tr>\n<\/tbody>\n<\/table>","protected":false},"excerpt":{"rendered":"<p>309S stainless steel sheet is a type of austenitic stainless steel that can be cold rolled or hot rolled. It offers easy fabrication, welding, and stamping capabilities, but it cannot be hardened through heat treatment. At HByesonsteel, we provide customized services to cater to different sizes and various grades, ensuring customer satisfaction. Width 1000-3500mm Thickness [&hellip;]<\/p>\n","protected":false},"featured_media":1438,"template":"","meta":{"site-sidebar-layout":"default","site-content-layout":"","ast-site-content-layout":"default","site-content-style":"default","site-sidebar-style":"default","ast-global-header-display":"","ast-banner-title-visibility":"","ast-main-header-display":"","ast-hfb-above-header-display":"","ast-hfb-below-header-display":"","ast-hfb-mobile-header-display":"","site-post-title":"","ast-breadcrumbs-content":"","ast-featured-img":"","footer-sml-layout":"","ast-disable-related-posts":"","theme-transparent-header-meta":"default","adv-header-id-meta":"","stick-header-meta":"","header-above-stick-meta":"","header-main-stick-meta":"","header-below-stick-meta":"","astra-migrate-meta-layouts":"set","ast-page-background-enabled":"default","ast-page-background-meta":{"desktop":{"background-color":"","background-image":"","background-repeat":"repeat","background-position":"center center","background-size":"auto","background-attachment":"scroll","background-type":"","background-media":"","overlay-type":"","overlay-color":"","overlay-opacity":"","overlay-gradient":""},"tablet":{"background-color":"","background-image":"","background-repeat":"repeat","background-position":"center center","background-size":"auto","background-attachment":"scroll","background-type":"","background-media":"","overlay-type":"","overlay-color":"","overlay-opacity":"","overlay-gradient":""},"mobile":{"background-color":"","background-image":"","background-repeat":"repeat","background-position":"center center","background-size":"auto","background-attachment":"scroll","background-type":"","background-media":"","overlay-type":"","overlay-color":"","overlay-opacity":"","overlay-gradient":""}},"ast-content-background-meta":{"desktop":{"background-color":"var(--ast-global-color-5)","background-image":"","background-repeat":"repeat","background-position":"center center","background-size":"auto","background-attachment":"scroll","background-type":"","background-media":"","overlay-type":"","overlay-color":"","overlay-opacity":"","overlay-gradient":""},"tablet":{"background-color":"var(--ast-global-color-5)","background-image":"","background-repeat":"repeat","background-position":"center center","background-size":"auto","background-attachment":"scroll","background-type":"","background-media":"","overlay-type":"","overlay-color":"","overlay-opacity":"","overlay-gradient":""},"mobile":{"background-color":"var(--ast-global-color-5)","background-image":"","background-repeat":"repeat","background-position":"center center","background-size":"auto","background-attachment":"scroll","background-type":"","background-media":"","overlay-type":"","overlay-color":"","overlay-opacity":"","overlay-gradient":""}}},"product_brand":[],"product_cat":[48],"product_tag":[55],"class_list":{"0":"post-1950","1":"product","2":"type-product","3":"status-publish","4":"has-post-thumbnail","6":"product_cat-steel-sheet-plate","7":"product_tag-309s-stainless-steel-sheet","8":"desktop-align-left","9":"tablet-align-left","10":"mobile-align-left","12":"first","13":"instock","14":"shipping-taxable","15":"product-type-simple"},"_links":{"self":[{"href":"https:\/\/www.hbyesonsteel.com\/fr\/wp-json\/wp\/v2\/product\/1950","targetHints":{"allow":["GET"]}}],"collection":[{"href":"https:\/\/www.hbyesonsteel.com\/fr\/wp-json\/wp\/v2\/product"}],"about":[{"href":"https:\/\/www.hbyesonsteel.com\/fr\/wp-json\/wp\/v2\/types\/product"}],"wp:featuredmedia":[{"embeddable":true,"href":"https:\/\/www.hbyesonsteel.com\/fr\/wp-json\/wp\/v2\/media\/1438"}],"wp:attachment":[{"href":"https:\/\/www.hbyesonsteel.com\/fr\/wp-json\/wp\/v2\/media?parent=1950"}],"wp:term":[{"taxonomy":"product_brand","embeddable":true,"href":"https:\/\/www.hbyesonsteel.com\/fr\/wp-json\/wp\/v2\/product_brand?post=1950"},{"taxonomy":"product_cat","embeddable":true,"href":"https:\/\/www.hbyesonsteel.com\/fr\/wp-json\/wp\/v2\/product_cat?post=1950"},{"taxonomy":"product_tag","embeddable":true,"href":"https:\/\/www.hbyesonsteel.com\/fr\/wp-json\/wp\/v2\/product_tag?post=1950"}],"curies":[{"name":"wp","href":"https:\/\/api.w.org\/{rel}","templated":true}]}}