{"id":1968,"date":"2025-08-26T16:25:11","date_gmt":"2025-08-26T08:25:11","guid":{"rendered":"https:\/\/www.hbyesonsteel.com\/?post_type=product&#038;p=1968"},"modified":"2025-08-26T16:25:11","modified_gmt":"2025-08-26T08:25:11","slug":"310-stainless-steel-sheet","status":"publish","type":"product","link":"https:\/\/www.hbyesonsteel.com\/fr\/produit\/310-stainless-steel-sheet\/","title":{"rendered":"T\u00f4le d&#039;acier inoxydable 310"},"content":{"rendered":"<p class=\"ds-markdown-paragraph\">Les t\u00f4les d&#039;acier inoxydable 310, 310H et 310S sont des aciers inoxydables aust\u00e9nitiques largement utilis\u00e9s dans les environnements \u00e0 haute temp\u00e9rature gr\u00e2ce \u00e0 leurs performances exceptionnelles. Elles sont \u00e9galement parfaitement adapt\u00e9es aux applications cryog\u00e9niques gr\u00e2ce \u00e0 leur faible perm\u00e9abilit\u00e9 magn\u00e9tique et \u00e0 leur excellente t\u00e9nacit\u00e9. Les alliages de la s\u00e9rie 310 contiennent du nickel 20% et du chrome 25%, offrant une r\u00e9sistance exceptionnelle \u00e0 la corrosion et \u00e0 l&#039;oxydation.<\/p>\n<p class=\"ds-markdown-paragraph\">YesonSteel poss\u00e8de des capacit\u00e9s de traitement avanc\u00e9es et propose la fabrication sur mesure de t\u00f4les d&#039;acier inoxydable 310. Nous pouvons personnaliser les t\u00f4les pour r\u00e9pondre pr\u00e9cis\u00e9ment \u00e0 vos exigences en termes de dimensions, de forme, d&#039;\u00e9paisseur, de finition de surface et autres sp\u00e9cifications.<\/p>\n<p class=\"ds-markdown-paragraph\">Pour plus de d\u00e9tails sur nos t\u00f4les en acier inoxydable 310, veuillez nous contacter.<\/p>\n<table data-extentions-extra-tablecapture-id=\"86794\">\n<tbody>\n<tr>\n<td colspan=\"4\" width=\"1146\"><strong><b>Param\u00e8tres du produit : t\u00f4le\/plaque en acier inoxydable<\/b><\/strong><\/td>\n<\/tr>\n<tr>\n<td width=\"195\"><strong><b>Largeur<\/b><\/strong><\/td>\n<td colspan=\"3\" width=\"950\">10 mm ~ 2500 mm<\/td>\n<\/tr>\n<tr>\n<td width=\"195\"><strong><b>\u00c9paisseur<\/b><\/strong><\/td>\n<td width=\"241\">0,2 mm \u00e0 100 mm<\/td>\n<td width=\"422\"><strong><b>\u00c9paisseur<\/b><\/strong><strong><b>\u00a0<\/b><\/strong><strong><b>tol\u00e9rance<\/b><\/strong><\/td>\n<td width=\"287\">+\/-0,03 mm<\/td>\n<\/tr>\n<tr>\n<td width=\"195\"><strong><b>Standard<\/b><\/strong><\/td>\n<td colspan=\"3\" width=\"950\">ASTM\/ASME 240\/480, JIS 4305, DIN EN 10088-2<\/td>\n<\/tr>\n<tr>\n<td width=\"195\"><strong><b>Surface<\/b><\/strong><\/td>\n<td colspan=\"3\" width=\"950\">2B, BA, 8K, NO.1, NO.4, NO.3, hairline, \u00e0 carreaux, or, noir, or rose, etc.<\/td>\n<\/tr>\n<tr>\n<td width=\"195\"><strong><b>sp\u00e9cification<\/b><\/strong><\/td>\n<td colspan=\"3\" width=\"950\">1000*2000\/L,1219*2438\/L,1250*2500\/L,1500*3000\/L1500*6000\/L,1800*6000\/L,2000*6000\/L2200*6000L<\/td>\n<\/tr>\n<tr>\n<td width=\"195\"><strong><b>Grade<\/b><\/strong><\/td>\n<td colspan=\"3\" width=\"950\">304 304DQ 201 301 304L 304H 309S 310S 316L 316TI 317L 321 347 347H<br \/>\n430 410 410S 420 420J2 430 430LNT 430J1L 434 436L 439 441 443 444 904L 2205 2507 S32750 S32760 445J2 442etc<\/td>\n<\/tr>\n<\/tbody>\n<\/table>","protected":false},"excerpt":{"rendered":"<p>310, 310H, and 310S stainless steel sheets are austenitic stainless steels widely employed in high-temperature environments due to their exceptional performance. They are also well-suited for cryogenic applications owing to their low magnetic permeability and excellent toughness. The 310 series alloys contain 20% nickel and 25% chromium, providing outstanding resistance to corrosion and oxidation. YesonSteel [&hellip;]<\/p>\n","protected":false},"featured_media":1969,"template":"","meta":{"site-sidebar-layout":"default","site-content-layout":"","ast-site-content-layout":"default","site-content-style":"default","site-sidebar-style":"default","ast-global-header-display":"","ast-banner-title-visibility":"","ast-main-header-display":"","ast-hfb-above-header-display":"","ast-hfb-below-header-display":"","ast-hfb-mobile-header-display":"","site-post-title":"","ast-breadcrumbs-content":"","ast-featured-img":"","footer-sml-layout":"","ast-disable-related-posts":"","theme-transparent-header-meta":"default","adv-header-id-meta":"","stick-header-meta":"","header-above-stick-meta":"","header-main-stick-meta":"","header-below-stick-meta":"","astra-migrate-meta-layouts":"set","ast-page-background-enabled":"default","ast-page-background-meta":{"desktop":{"background-color":"","background-image":"","background-repeat":"repeat","background-position":"center center","background-size":"auto","background-attachment":"scroll","background-type":"","background-media":"","overlay-type":"","overlay-color":"","overlay-opacity":"","overlay-gradient":""},"tablet":{"background-color":"","background-image":"","background-repeat":"repeat","background-position":"center center","background-size":"auto","background-attachment":"scroll","background-type":"","background-media":"","overlay-type":"","overlay-color":"","overlay-opacity":"","overlay-gradient":""},"mobile":{"background-color":"","background-image":"","background-repeat":"repeat","background-position":"center center","background-size":"auto","background-attachment":"scroll","background-type":"","background-media":"","overlay-type":"","overlay-color":"","overlay-opacity":"","overlay-gradient":""}},"ast-content-background-meta":{"desktop":{"background-color":"var(--ast-global-color-5)","background-image":"","background-repeat":"repeat","background-position":"center center","background-size":"auto","background-attachment":"scroll","background-type":"","background-media":"","overlay-type":"","overlay-color":"","overlay-opacity":"","overlay-gradient":""},"tablet":{"background-color":"var(--ast-global-color-5)","background-image":"","background-repeat":"repeat","background-position":"center center","background-size":"auto","background-attachment":"scroll","background-type":"","background-media":"","overlay-type":"","overlay-color":"","overlay-opacity":"","overlay-gradient":""},"mobile":{"background-color":"var(--ast-global-color-5)","background-image":"","background-repeat":"repeat","background-position":"center center","background-size":"auto","background-attachment":"scroll","background-type":"","background-media":"","overlay-type":"","overlay-color":"","overlay-opacity":"","overlay-gradient":""}}},"product_brand":[],"product_cat":[48],"product_tag":[56],"class_list":{"0":"post-1968","1":"product","2":"type-product","3":"status-publish","4":"has-post-thumbnail","6":"product_cat-steel-sheet-plate","7":"product_tag-310-stainless-steel-sheet","8":"desktop-align-left","9":"tablet-align-left","10":"mobile-align-left","12":"first","13":"instock","14":"shipping-taxable","15":"product-type-simple"},"_links":{"self":[{"href":"https:\/\/www.hbyesonsteel.com\/fr\/wp-json\/wp\/v2\/product\/1968","targetHints":{"allow":["GET"]}}],"collection":[{"href":"https:\/\/www.hbyesonsteel.com\/fr\/wp-json\/wp\/v2\/product"}],"about":[{"href":"https:\/\/www.hbyesonsteel.com\/fr\/wp-json\/wp\/v2\/types\/product"}],"wp:featuredmedia":[{"embeddable":true,"href":"https:\/\/www.hbyesonsteel.com\/fr\/wp-json\/wp\/v2\/media\/1969"}],"wp:attachment":[{"href":"https:\/\/www.hbyesonsteel.com\/fr\/wp-json\/wp\/v2\/media?parent=1968"}],"wp:term":[{"taxonomy":"product_brand","embeddable":true,"href":"https:\/\/www.hbyesonsteel.com\/fr\/wp-json\/wp\/v2\/product_brand?post=1968"},{"taxonomy":"product_cat","embeddable":true,"href":"https:\/\/www.hbyesonsteel.com\/fr\/wp-json\/wp\/v2\/product_cat?post=1968"},{"taxonomy":"product_tag","embeddable":true,"href":"https:\/\/www.hbyesonsteel.com\/fr\/wp-json\/wp\/v2\/product_tag?post=1968"}],"curies":[{"name":"wp","href":"https:\/\/api.w.org\/{rel}","templated":true}]}}