{"id":1996,"date":"2025-08-28T14:50:16","date_gmt":"2025-08-28T06:50:16","guid":{"rendered":"https:\/\/www.hbyesonsteel.com\/?post_type=product&#038;p=1996"},"modified":"2025-08-28T14:50:16","modified_gmt":"2025-08-28T06:50:16","slug":"316-stainless-steel-sheet","status":"publish","type":"product","link":"https:\/\/www.hbyesonsteel.com\/fr\/produit\/316-stainless-steel-sheet\/","title":{"rendered":"T\u00f4le d&#039;acier inoxydable 316"},"content":{"rendered":"<p data-start=\"149\" data-end=\"413\">La t\u00f4le d&#039;acier inoxydable 316 appartient \u00e0 la <strong data-start=\"190\" data-end=\"231\">famille des aciers inoxydables aust\u00e9nitiques<\/strong> et est non magn\u00e9tique \u00e0 l&#039;\u00e9tat recuit. Connu sous le nom <strong data-start=\"288\" data-end=\"320\">acier inoxydable de qualit\u00e9 marine<\/strong>, il est largement choisi pour les applications dans l&#039;eau de mer et d&#039;autres environnements hautement corrosifs.<\/p>\n<p data-start=\"415\" data-end=\"694\">Nous fournissons <strong data-start=\"425\" data-end=\"455\">t\u00f4les d&#039;acier inoxydable 316<\/strong> dans des largeurs allant de <strong data-start=\"479\" data-end=\"495\">1 pied \u00e0 4 pieds<\/strong> (ou coupe sur mesure) et longueurs \u00e0 partir de <strong data-start=\"529\" data-end=\"545\">1 pied \u00e0 8 pieds<\/strong> (ou d\u00e9coupe sur mesure). Toutes les feuilles r\u00e9pondent aux normes de qualit\u00e9 internationales, notamment <strong data-start=\"621\" data-end=\"691\">ASTM A240 \/ A480 \/ A666, ASME SA240, AMS 5524 \/ 5507 et QQ-S 766<\/strong>.<\/p>\n<h3 data-start=\"701\" data-end=\"719\">Caract\u00e9ristiques principales<\/h3>\n<ul data-start=\"720\" data-end=\"1120\">\n<li data-start=\"720\" data-end=\"834\">\n<p data-start=\"722\" data-end=\"834\"><strong data-start=\"722\" data-end=\"752\">Haute r\u00e9sistance et durabilit\u00e9<\/strong> \u2013 excellente capacit\u00e9 de charge et r\u00e9sistance \u00e0 la rupture \u00e0 haute temp\u00e9rature.<\/p>\n<\/li>\n<li data-start=\"835\" data-end=\"928\">\n<p data-start=\"837\" data-end=\"928\"><strong data-start=\"837\" data-end=\"873\">R\u00e9sistance \u00e0 la corrosion et \u00e0 l&#039;oxydation<\/strong> \u2013 id\u00e9al pour les conditions marines et atmosph\u00e9riques difficiles.<\/p>\n<\/li>\n<li data-start=\"929\" data-end=\"1021\">\n<p data-start=\"931\" data-end=\"1021\"><strong data-start=\"931\" data-end=\"960\">Formabilit\u00e9 et soudabilit\u00e9<\/strong> \u2013 facile \u00e0 fabriquer et adapt\u00e9 aux applications complexes.<\/p>\n<\/li>\n<li data-start=\"1022\" data-end=\"1120\">\n<p data-start=\"1024\" data-end=\"1120\"><strong data-start=\"1024\" data-end=\"1054\">R\u00e9sistance aux piq\u00fbres et au fluage<\/strong> \u2013 fiable dans les environnements chimiques et industriels difficiles.<\/p>\n<\/li>\n<\/ul>\n<h3 data-start=\"1127\" data-end=\"1145\">Applications<\/h3>\n<p data-start=\"1146\" data-end=\"1228\">En dehors de la <strong data-start=\"1161\" data-end=\"1180\">industrie maritime<\/strong>La t\u00f4le d&#039;acier inoxydable 316 est largement utilis\u00e9e dans :<\/p>\n<ul data-start=\"1229\" data-end=\"1558\">\n<li data-start=\"1229\" data-end=\"1271\">\n<p data-start=\"1231\" data-end=\"1271\"><strong data-start=\"1231\" data-end=\"1269\">\u00c9quipements pharmaceutiques et m\u00e9dicaux<\/strong><\/p>\n<\/li>\n<li data-start=\"1272\" data-end=\"1315\">\n<p data-start=\"1274\" data-end=\"1315\"><strong data-start=\"1274\" data-end=\"1313\">Traitement chimique et p\u00e9trochimique<\/strong><\/p>\n<\/li>\n<li data-start=\"1316\" data-end=\"1345\">\n<p data-start=\"1318\" data-end=\"1345\"><strong data-start=\"1318\" data-end=\"1343\">Industrie des p\u00e2tes et papiers<\/strong><\/p>\n<\/li>\n<li data-start=\"1346\" data-end=\"1385\">\n<p data-start=\"1348\" data-end=\"1385\"><strong data-start=\"1348\" data-end=\"1383\">Machines a\u00e9rospatiales et textiles<\/strong><\/p>\n<\/li>\n<li data-start=\"1386\" data-end=\"1433\">\n<p data-start=\"1388\" data-end=\"1433\"><strong data-start=\"1388\" data-end=\"1431\">Applications architecturales et d\u00e9coratives<\/strong><\/p>\n<\/li>\n<li data-start=\"1434\" data-end=\"1467\">\n<p data-start=\"1436\" data-end=\"1467\"><strong data-start=\"1436\" data-end=\"1465\">\u00c9quipement de transformation des aliments<\/strong><\/p>\n<\/li>\n<li data-start=\"1468\" data-end=\"1515\">\n<p data-start=\"1470\" data-end=\"1515\"><strong data-start=\"1470\" data-end=\"1513\">Moteurs, moteurs et composants de machines<\/strong><\/p>\n<\/li>\n<li data-start=\"1516\" data-end=\"1558\">\n<p data-start=\"1518\" data-end=\"1558\"><strong data-start=\"1518\" data-end=\"1556\">\u00c9quipements de raffinage du p\u00e9trole et du p\u00e9trole<\/strong><\/p>\n<\/li>\n<\/ul>\n<p data-start=\"1560\" data-end=\"1746\">Les produits typiques comprennent <strong data-start=\"1585\" data-end=\"1743\">\u00e9changeurs de chaleur, conteneurs chimiques, paillasses de laboratoire, r\u00e9cipients sous pression, r\u00e9servoirs, vannes, pompes, brides, raccords, fixations filet\u00e9es et accessoires de bateau<\/strong>.<\/p>\n<h3 data-start=\"1753\" data-end=\"1804\">Finitions de surface de la t\u00f4le d&#039;acier inoxydable 316<\/h3>\n<p data-start=\"1806\" data-end=\"1940\">Les t\u00f4les en acier inoxydable 316 sont disponibles dans une vari\u00e9t\u00e9 de finitions de surface, chacune offrant des performances et des qualit\u00e9s esth\u00e9tiques uniques :<\/p>\n<ul data-start=\"1942\" data-end=\"3091\">\n<li data-start=\"1942\" data-end=\"2101\">\n<p data-start=\"1944\" data-end=\"2101\"><strong data-start=\"1944\" data-end=\"1957\">Finition 2B<\/strong> \u2013 Surface lisse, mate et r\u00e9fl\u00e9chissante obtenue par laminage \u00e0 froid, recuit et d\u00e9capage. Largement utilis\u00e9 \u00e0 des fins industrielles et architecturales.<\/p>\n<\/li>\n<li data-start=\"2102\" data-end=\"2244\">\n<p data-start=\"2104\" data-end=\"2244\"><strong data-start=\"2104\" data-end=\"2136\">Finition n\u00b0 4 (bross\u00e9e\/satin\u00e9e)<\/strong> \u2013 Aspect textur\u00e9 cr\u00e9\u00e9 par polissage m\u00e9canique ; moins r\u00e9fl\u00e9chissant que le 2B, id\u00e9al pour une utilisation d\u00e9corative.<\/p>\n<\/li>\n<li data-start=\"2245\" data-end=\"2372\">\n<p data-start=\"2247\" data-end=\"2372\"><strong data-start=\"2247\" data-end=\"2278\">Finition BA (recuit brillant)<\/strong> \u2013 Surface hautement r\u00e9fl\u00e9chissante, semblable \u00e0 un miroir, obtenue par recuit dans un four \u00e0 atmosph\u00e8re contr\u00f4l\u00e9e.<\/p>\n<\/li>\n<li data-start=\"2373\" data-end=\"2495\">\n<p data-start=\"2375\" data-end=\"2495\"><strong data-start=\"2375\" data-end=\"2394\">Finition capillaire<\/strong> \u2013 Polissage fin, uniforme et unidirectionnel ressemblant \u00e0 des lignes capillaires ; populaire pour les conceptions architecturales.<\/p>\n<\/li>\n<li data-start=\"2496\" data-end=\"2602\">\n<p data-start=\"2498\" data-end=\"2602\"><strong data-start=\"2498\" data-end=\"2515\">Finition miroir<\/strong> \u2013 Surface extr\u00eamement lisse et r\u00e9fl\u00e9chissante ; utilis\u00e9e dans les applications d\u00e9coratives haut de gamme.<\/p>\n<\/li>\n<li data-start=\"2603\" data-end=\"2726\">\n<p data-start=\"2605\" data-end=\"2726\"><strong data-start=\"2605\" data-end=\"2624\">Finition en relief<\/strong> \u2013 Motifs en relief ou en creux produits par gaufrage m\u00e9canique ; ajoute une texture visuelle et fonctionnelle.<\/p>\n<\/li>\n<li data-start=\"2727\" data-end=\"2845\">\n<p data-start=\"2729\" data-end=\"2845\"><strong data-start=\"2729\" data-end=\"2746\">Finition grav\u00e9e<\/strong> \u2013 Motifs grav\u00e9s chimiquement ou \u00e9lectrolytiquement ; souvent utilis\u00e9s dans des projets artistiques et d\u00e9coratifs.<\/p>\n<\/li>\n<li data-start=\"2846\" data-end=\"2980\">\n<p data-start=\"2848\" data-end=\"2980\"><strong data-start=\"2848\" data-end=\"2866\">Finition color\u00e9e<\/strong> \u2013 Obtenu par galvanoplastie, PVD (d\u00e9p\u00f4t physique en phase vapeur) ou rev\u00eatement en poudre pour une large gamme de teintes.<\/p>\n<\/li>\n<li data-start=\"2981\" data-end=\"3091\">\n<p data-start=\"2983\" data-end=\"3091\"><strong data-start=\"2983\" data-end=\"3003\">Finition \u00e0 motifs<\/strong> \u2013 Textures ou motifs personnalis\u00e9s press\u00e9s ou gaufr\u00e9s pour l\u2019apparence et la performance.<\/p>\n<\/li>\n<\/ul>\n<p data-start=\"3093\" data-end=\"3241\"><strong data-start=\"3093\" data-end=\"3122\">Choisir la bonne finition<\/strong> d\u00e9pend des exigences de l&#039;application \u2014 \u00e9quilibrage <strong data-start=\"3169\" data-end=\"3238\">esth\u00e9tique, r\u00e9sistance \u00e0 la corrosion, nettoyabilit\u00e9 et fonctionnalit\u00e9<\/strong>.<\/p>\n<table data-extentions-extra-tablecapture-id=\"362438\">\n<tbody>\n<tr>\n<td>R\u00e9sistance \u00e0 la traction<\/td>\n<td>\u00c9lasticit\u00e9<\/td>\n<td>R\u00e9sistance au cisaillement<\/td>\n<td>Duret\u00e9 Brinell<\/td>\n<td>Densit\u00e9<\/td>\n<td>Limite d&#039;\u00e9lasticit\u00e9<\/td>\n<td>\u00c9longation<\/td>\n<\/tr>\n<tr>\n<td>70 000 psi<\/td>\n<td>29 000 ksi<\/td>\n<td>11 500 psi<\/td>\n<td>217<\/td>\n<td>0,29 lb\/po<\/td>\n<td>34 800 psi<\/td>\n<td>40%<\/td>\n<\/tr>\n<\/tbody>\n<\/table>","protected":false},"excerpt":{"rendered":"<p>316 stainless steel sheet belongs to the austenitic family of stainless steels and is non-magnetic in the annealed condition. Known as marine grade stainless steel, it is widely chosen for applications in seawater and other highly corrosive environments. We supply 316 stainless steel sheets in widths ranging from 1 ft to 4 ft (or custom [&hellip;]<\/p>\n","protected":false},"featured_media":1997,"template":"","meta":{"site-sidebar-layout":"default","site-content-layout":"","ast-site-content-layout":"default","site-content-style":"default","site-sidebar-style":"default","ast-global-header-display":"","ast-banner-title-visibility":"","ast-main-header-display":"","ast-hfb-above-header-display":"","ast-hfb-below-header-display":"","ast-hfb-mobile-header-display":"","site-post-title":"","ast-breadcrumbs-content":"","ast-featured-img":"","footer-sml-layout":"","ast-disable-related-posts":"","theme-transparent-header-meta":"default","adv-header-id-meta":"","stick-header-meta":"","header-above-stick-meta":"","header-main-stick-meta":"","header-below-stick-meta":"","astra-migrate-meta-layouts":"set","ast-page-background-enabled":"default","ast-page-background-meta":{"desktop":{"background-color":"","background-image":"","background-repeat":"repeat","background-position":"center center","background-size":"auto","background-attachment":"scroll","background-type":"","background-media":"","overlay-type":"","overlay-color":"","overlay-opacity":"","overlay-gradient":""},"tablet":{"background-color":"","background-image":"","background-repeat":"repeat","background-position":"center center","background-size":"auto","background-attachment":"scroll","background-type":"","background-media":"","overlay-type":"","overlay-color":"","overlay-opacity":"","overlay-gradient":""},"mobile":{"background-color":"","background-image":"","background-repeat":"repeat","background-position":"center center","background-size":"auto","background-attachment":"scroll","background-type":"","background-media":"","overlay-type":"","overlay-color":"","overlay-opacity":"","overlay-gradient":""}},"ast-content-background-meta":{"desktop":{"background-color":"var(--ast-global-color-5)","background-image":"","background-repeat":"repeat","background-position":"center center","background-size":"auto","background-attachment":"scroll","background-type":"","background-media":"","overlay-type":"","overlay-color":"","overlay-opacity":"","overlay-gradient":""},"tablet":{"background-color":"var(--ast-global-color-5)","background-image":"","background-repeat":"repeat","background-position":"center center","background-size":"auto","background-attachment":"scroll","background-type":"","background-media":"","overlay-type":"","overlay-color":"","overlay-opacity":"","overlay-gradient":""},"mobile":{"background-color":"var(--ast-global-color-5)","background-image":"","background-repeat":"repeat","background-position":"center center","background-size":"auto","background-attachment":"scroll","background-type":"","background-media":"","overlay-type":"","overlay-color":"","overlay-opacity":"","overlay-gradient":""}}},"product_brand":[],"product_cat":[48],"product_tag":[57],"class_list":{"0":"post-1996","1":"product","2":"type-product","3":"status-publish","4":"has-post-thumbnail","6":"product_cat-steel-sheet-plate","7":"product_tag-316-stainless-steel-sheet","8":"desktop-align-left","9":"tablet-align-left","10":"mobile-align-left","12":"first","13":"instock","14":"shipping-taxable","15":"product-type-simple"},"_links":{"self":[{"href":"https:\/\/www.hbyesonsteel.com\/fr\/wp-json\/wp\/v2\/product\/1996","targetHints":{"allow":["GET"]}}],"collection":[{"href":"https:\/\/www.hbyesonsteel.com\/fr\/wp-json\/wp\/v2\/product"}],"about":[{"href":"https:\/\/www.hbyesonsteel.com\/fr\/wp-json\/wp\/v2\/types\/product"}],"wp:featuredmedia":[{"embeddable":true,"href":"https:\/\/www.hbyesonsteel.com\/fr\/wp-json\/wp\/v2\/media\/1997"}],"wp:attachment":[{"href":"https:\/\/www.hbyesonsteel.com\/fr\/wp-json\/wp\/v2\/media?parent=1996"}],"wp:term":[{"taxonomy":"product_brand","embeddable":true,"href":"https:\/\/www.hbyesonsteel.com\/fr\/wp-json\/wp\/v2\/product_brand?post=1996"},{"taxonomy":"product_cat","embeddable":true,"href":"https:\/\/www.hbyesonsteel.com\/fr\/wp-json\/wp\/v2\/product_cat?post=1996"},{"taxonomy":"product_tag","embeddable":true,"href":"https:\/\/www.hbyesonsteel.com\/fr\/wp-json\/wp\/v2\/product_tag?post=1996"}],"curies":[{"name":"wp","href":"https:\/\/api.w.org\/{rel}","templated":true}]}}