{"id":2470,"date":"2025-10-20T14:19:33","date_gmt":"2025-10-20T06:19:33","guid":{"rendered":"https:\/\/www.hbyesonsteel.com\/?post_type=product&#038;p=2470"},"modified":"2025-10-20T14:21:59","modified_gmt":"2025-10-20T06:21:59","slug":"galvanized-steel-roofing-sheet","status":"publish","type":"product","link":"https:\/\/www.hbyesonsteel.com\/fr\/produit\/galvanized-steel-roofing-sheet\/","title":{"rendered":"T\u00f4le de couverture en acier galvanis\u00e9"},"content":{"rendered":"<p>La t\u00f4le de couverture en acier galvanis\u00e9 combine l'acier galvanis\u00e9 et la conception ondul\u00e9e pour offrir une grande r\u00e9sistance. Elle est \u00e9galement l\u00e9g\u00e8re, ce qui la rend facile et rapide \u00e0 installer. C'est pourquoi les panneaux de toiture galvanis\u00e9s sont largement utilis\u00e9s dans les b\u00e2timents agricoles, industriels, commerciaux et r\u00e9sidentiels, tels que les entrep\u00f4ts, les maisons de fortune, les granges, les garages, etc. HBYeson Steel propose \u00e0 la vente des t\u00f4les de toiture galvanis\u00e9es de diff\u00e9rentes \u00e9paisseurs, longueurs et conceptions. Nous pouvons \u00e9galement vous proposer des solutions personnalis\u00e9es pour mieux r\u00e9pondre \u00e0 vos projets. N'h\u00e9sitez pas \u00e0 nous contacter pour plus de d\u00e9tails !<\/p>\n<table width=\"100%\" data-extentions-extra-tablecapture-id=\"411427\">\n<tbody>\n<tr>\n<td width=\"193\">\u00c9paisseur du rev\u00eatement de zinc<\/td>\n<td width=\"658\">40 g\/m<sup>2<\/sup>-275 g\/m<sup>2<\/sup><\/td>\n<\/tr>\n<tr>\n<td width=\"193\">\u00c9paisseur<\/td>\n<td width=\"658\">0,15 mm-0,8 mm<\/td>\n<\/tr>\n<tr>\n<td width=\"193\">Largeur totale<\/td>\n<td width=\"658\">750 mm-1 250 mm<\/td>\n<\/tr>\n<tr>\n<td width=\"193\">Largeur effective<\/td>\n<td width=\"658\">600 mm-1 050 mm<\/td>\n<\/tr>\n<tr>\n<td width=\"193\">Profils<\/td>\n<td width=\"658\">Ondes, carreaux, IBR, etc.<\/td>\n<\/tr>\n<tr>\n<td width=\"193\">Longueur<\/td>\n<td width=\"658\">Selon vos besoins<\/td>\n<\/tr>\n<tr>\n<td width=\"193\">Paillettes<\/td>\n<td width=\"658\">Grandes paillettes, paillettes normales, petites paillettes, paillettes z\u00e9ro<\/td>\n<\/tr>\n<tr>\n<td width=\"193\">MOQ<\/td>\n<td width=\"658\">10 tonnes ou 500 pi\u00e8ces<\/td>\n<\/tr>\n<tr>\n<td width=\"193\">Emballage<\/td>\n<td width=\"658\">Emballage standard pour l'exportation<\/td>\n<\/tr>\n<\/tbody>\n<\/table>","protected":false},"excerpt":{"rendered":"<p>Zinc roofing is galvanized corrugated sheets, base material is galvanized steel sheet. After cold forming through the module, it became the corrugated sheet. The product has various designed type and specification, such as Wave type,Trapezoidal type,Glazed type. As widely used for roofing material, it is also called roof sheet.<\/p>","protected":false},"featured_media":2471,"template":"","meta":{"site-sidebar-layout":"default","site-content-layout":"","ast-site-content-layout":"default","site-content-style":"default","site-sidebar-style":"default","ast-global-header-display":"","ast-banner-title-visibility":"","ast-main-header-display":"","ast-hfb-above-header-display":"","ast-hfb-below-header-display":"","ast-hfb-mobile-header-display":"","site-post-title":"","ast-breadcrumbs-content":"","ast-featured-img":"","footer-sml-layout":"","ast-disable-related-posts":"","theme-transparent-header-meta":"default","adv-header-id-meta":"","stick-header-meta":"","header-above-stick-meta":"","header-main-stick-meta":"","header-below-stick-meta":"","astra-migrate-meta-layouts":"set","ast-page-background-enabled":"default","ast-page-background-meta":{"desktop":{"background-color":"","background-image":"","background-repeat":"repeat","background-position":"center center","background-size":"auto","background-attachment":"scroll","background-type":"","background-media":"","overlay-type":"","overlay-color":"","overlay-opacity":"","overlay-gradient":""},"tablet":{"background-color":"","background-image":"","background-repeat":"repeat","background-position":"center center","background-size":"auto","background-attachment":"scroll","background-type":"","background-media":"","overlay-type":"","overlay-color":"","overlay-opacity":"","overlay-gradient":""},"mobile":{"background-color":"","background-image":"","background-repeat":"repeat","background-position":"center center","background-size":"auto","background-attachment":"scroll","background-type":"","background-media":"","overlay-type":"","overlay-color":"","overlay-opacity":"","overlay-gradient":""}},"ast-content-background-meta":{"desktop":{"background-color":"var(--ast-global-color-5)","background-image":"","background-repeat":"repeat","background-position":"center center","background-size":"auto","background-attachment":"scroll","background-type":"","background-media":"","overlay-type":"","overlay-color":"","overlay-opacity":"","overlay-gradient":""},"tablet":{"background-color":"var(--ast-global-color-5)","background-image":"","background-repeat":"repeat","background-position":"center center","background-size":"auto","background-attachment":"scroll","background-type":"","background-media":"","overlay-type":"","overlay-color":"","overlay-opacity":"","overlay-gradient":""},"mobile":{"background-color":"var(--ast-global-color-5)","background-image":"","background-repeat":"repeat","background-position":"center center","background-size":"auto","background-attachment":"scroll","background-type":"","background-media":"","overlay-type":"","overlay-color":"","overlay-opacity":"","overlay-gradient":""}}},"product_brand":[],"product_cat":[79],"product_tag":[83],"class_list":{"0":"post-2470","1":"product","2":"type-product","3":"status-publish","4":"has-post-thumbnail","6":"product_cat-roofing-sheet","7":"product_tag-galvanized-steel-roofing-sheet","8":"desktop-align-left","9":"tablet-align-left","10":"mobile-align-left","12":"first","13":"instock","14":"shipping-taxable","15":"product-type-simple"},"_links":{"self":[{"href":"https:\/\/www.hbyesonsteel.com\/fr\/wp-json\/wp\/v2\/product\/2470","targetHints":{"allow":["GET"]}}],"collection":[{"href":"https:\/\/www.hbyesonsteel.com\/fr\/wp-json\/wp\/v2\/product"}],"about":[{"href":"https:\/\/www.hbyesonsteel.com\/fr\/wp-json\/wp\/v2\/types\/product"}],"wp:featuredmedia":[{"embeddable":true,"href":"https:\/\/www.hbyesonsteel.com\/fr\/wp-json\/wp\/v2\/media\/2471"}],"wp:attachment":[{"href":"https:\/\/www.hbyesonsteel.com\/fr\/wp-json\/wp\/v2\/media?parent=2470"}],"wp:term":[{"taxonomy":"product_brand","embeddable":true,"href":"https:\/\/www.hbyesonsteel.com\/fr\/wp-json\/wp\/v2\/product_brand?post=2470"},{"taxonomy":"product_cat","embeddable":true,"href":"https:\/\/www.hbyesonsteel.com\/fr\/wp-json\/wp\/v2\/product_cat?post=2470"},{"taxonomy":"product_tag","embeddable":true,"href":"https:\/\/www.hbyesonsteel.com\/fr\/wp-json\/wp\/v2\/product_tag?post=2470"}],"curies":[{"name":"wp","href":"https:\/\/api.w.org\/{rel}","templated":true}]}}