{"id":2483,"date":"2025-10-21T15:51:44","date_gmt":"2025-10-21T07:51:44","guid":{"rendered":"https:\/\/www.hbyesonsteel.com\/?post_type=product&#038;p=2483"},"modified":"2025-10-21T15:51:44","modified_gmt":"2025-10-21T07:51:44","slug":"galvalume-roofing-sheet","status":"publish","type":"product","link":"https:\/\/www.hbyesonsteel.com\/fr\/produit\/galvalume-roofing-sheet\/","title":{"rendered":"T\u00f4le d'\u00e9tanch\u00e9it\u00e9 en galvalume"},"content":{"rendered":"<p>La t\u00f4le de toiture Galvalume est populaire pour les applications commerciales, r\u00e9sidentielles, agricoles et industrielles. Elle est recouverte d'une couche d'alliage aluminium-zinc qui lui conf\u00e8re une r\u00e9sistance sup\u00e9rieure \u00e0 la corrosion et \u00e0 la chaleur.<\/p>\n<p>En raison de ses performances sup\u00e9rieures, il s'agit d'une option id\u00e9ale pour les propri\u00e9taires, les entrepreneurs, les architectes et les investisseurs. HBYeson Steel dispose d'une large gamme de t\u00f4les de couverture en m\u00e9tal galvalume dans des tailles et des designs qui r\u00e9pondent \u00e0 vos besoins. N'h\u00e9sitez pas \u00e0 nous contacter pour plus de d\u00e9tails !<\/p>\n<table width=\"100%\" data-extentions-extra-tablecapture-id=\"586070\">\n<tbody>\n<tr>\n<td width=\"203\">Mat\u00e9riau<\/td>\n<td width=\"648\">GL steel (DC51D+AZ)<\/td>\n<\/tr>\n<tr>\n<td width=\"203\">\u00c9paisseur<\/td>\n<td width=\"648\">0,15 mm-0,8 mm<\/td>\n<\/tr>\n<tr>\n<td width=\"203\">Largeur totale<\/td>\n<td width=\"648\">700 mm-1 250 mm<\/td>\n<\/tr>\n<tr>\n<td width=\"203\">Largeur effective<\/td>\n<td width=\"648\">600 mm-1 050 mm<\/td>\n<\/tr>\n<tr>\n<td width=\"203\">Contenu du rev\u00eatement Al-Zn<\/td>\n<td width=\"648\">Aluminium (Al) 55%, zinc (Zn) 43,5%, silicium (Si) 1,5%<\/td>\n<\/tr>\n<tr>\n<td width=\"203\">\u00c9paisseur du rev\u00eatement Al-Zn<\/td>\n<td width=\"648\">60 g\/\u33a1-185 g\/\u33a1<\/td>\n<\/tr>\n<tr>\n<td width=\"203\">Longueur<\/td>\n<td width=\"648\">Selon vos besoins<\/td>\n<\/tr>\n<tr>\n<td width=\"203\">Standard<\/td>\n<td width=\"648\">GB, JIS, ASTM, EN<\/td>\n<\/tr>\n<tr>\n<td width=\"203\">Traitement de surface<\/td>\n<td width=\"648\">Passivation, r\u00e9sistance aux empreintes digitales, huilage, pr\u00e9-peinture, etc.<\/td>\n<\/tr>\n<tr>\n<td width=\"203\">Emballage<\/td>\n<td width=\"648\">Emballage standard pour l'exportation<\/td>\n<\/tr>\n<\/tbody>\n<\/table>","protected":false},"excerpt":{"rendered":"<p>Galvalume roofing sheet is lightweight, corrosion-resistant, weather-resistant, and heat-reflective, and is a common material for roofing and siding of outdoor buildings.<\/p>","protected":false},"featured_media":2484,"template":"","meta":{"site-sidebar-layout":"default","site-content-layout":"","ast-site-content-layout":"default","site-content-style":"default","site-sidebar-style":"default","ast-global-header-display":"","ast-banner-title-visibility":"","ast-main-header-display":"","ast-hfb-above-header-display":"","ast-hfb-below-header-display":"","ast-hfb-mobile-header-display":"","site-post-title":"","ast-breadcrumbs-content":"","ast-featured-img":"","footer-sml-layout":"","ast-disable-related-posts":"","theme-transparent-header-meta":"default","adv-header-id-meta":"","stick-header-meta":"","header-above-stick-meta":"","header-main-stick-meta":"","header-below-stick-meta":"","astra-migrate-meta-layouts":"set","ast-page-background-enabled":"default","ast-page-background-meta":{"desktop":{"background-color":"","background-image":"","background-repeat":"repeat","background-position":"center center","background-size":"auto","background-attachment":"scroll","background-type":"","background-media":"","overlay-type":"","overlay-color":"","overlay-opacity":"","overlay-gradient":""},"tablet":{"background-color":"","background-image":"","background-repeat":"repeat","background-position":"center center","background-size":"auto","background-attachment":"scroll","background-type":"","background-media":"","overlay-type":"","overlay-color":"","overlay-opacity":"","overlay-gradient":""},"mobile":{"background-color":"","background-image":"","background-repeat":"repeat","background-position":"center center","background-size":"auto","background-attachment":"scroll","background-type":"","background-media":"","overlay-type":"","overlay-color":"","overlay-opacity":"","overlay-gradient":""}},"ast-content-background-meta":{"desktop":{"background-color":"var(--ast-global-color-5)","background-image":"","background-repeat":"repeat","background-position":"center center","background-size":"auto","background-attachment":"scroll","background-type":"","background-media":"","overlay-type":"","overlay-color":"","overlay-opacity":"","overlay-gradient":""},"tablet":{"background-color":"var(--ast-global-color-5)","background-image":"","background-repeat":"repeat","background-position":"center center","background-size":"auto","background-attachment":"scroll","background-type":"","background-media":"","overlay-type":"","overlay-color":"","overlay-opacity":"","overlay-gradient":""},"mobile":{"background-color":"var(--ast-global-color-5)","background-image":"","background-repeat":"repeat","background-position":"center center","background-size":"auto","background-attachment":"scroll","background-type":"","background-media":"","overlay-type":"","overlay-color":"","overlay-opacity":"","overlay-gradient":""}}},"product_brand":[],"product_cat":[79],"product_tag":[84],"class_list":{"0":"post-2483","1":"product","2":"type-product","3":"status-publish","4":"has-post-thumbnail","6":"product_cat-roofing-sheet","7":"product_tag-galvalume-roofing-sheet","8":"desktop-align-left","9":"tablet-align-left","10":"mobile-align-left","12":"first","13":"instock","14":"shipping-taxable","15":"product-type-simple"},"_links":{"self":[{"href":"https:\/\/www.hbyesonsteel.com\/fr\/wp-json\/wp\/v2\/product\/2483","targetHints":{"allow":["GET"]}}],"collection":[{"href":"https:\/\/www.hbyesonsteel.com\/fr\/wp-json\/wp\/v2\/product"}],"about":[{"href":"https:\/\/www.hbyesonsteel.com\/fr\/wp-json\/wp\/v2\/types\/product"}],"wp:featuredmedia":[{"embeddable":true,"href":"https:\/\/www.hbyesonsteel.com\/fr\/wp-json\/wp\/v2\/media\/2484"}],"wp:attachment":[{"href":"https:\/\/www.hbyesonsteel.com\/fr\/wp-json\/wp\/v2\/media?parent=2483"}],"wp:term":[{"taxonomy":"product_brand","embeddable":true,"href":"https:\/\/www.hbyesonsteel.com\/fr\/wp-json\/wp\/v2\/product_brand?post=2483"},{"taxonomy":"product_cat","embeddable":true,"href":"https:\/\/www.hbyesonsteel.com\/fr\/wp-json\/wp\/v2\/product_cat?post=2483"},{"taxonomy":"product_tag","embeddable":true,"href":"https:\/\/www.hbyesonsteel.com\/fr\/wp-json\/wp\/v2\/product_tag?post=2483"}],"curies":[{"name":"wp","href":"https:\/\/api.w.org\/{rel}","templated":true}]}}