{"id":2497,"date":"2025-10-22T15:30:51","date_gmt":"2025-10-22T07:30:51","guid":{"rendered":"https:\/\/www.hbyesonsteel.com\/?post_type=product&#038;p=2497"},"modified":"2025-10-22T15:30:51","modified_gmt":"2025-10-22T07:30:51","slug":"aluzinc-roofing-sheet","status":"publish","type":"product","link":"https:\/\/www.hbyesonsteel.com\/fr\/produit\/aluzinc-roofing-sheet\/","title":{"rendered":"T\u00f4le d'\u00e9tanch\u00e9it\u00e9 en aluzinc"},"content":{"rendered":"<p>La t\u00f4le de couverture en aluzinc est un mat\u00e9riau de construction de haute qualit\u00e9 avec un aspect paillet\u00e9 blanc argent\u00e9. Elle est souvent utilis\u00e9e dans des environnements ext\u00e9rieurs humides et chauds et dans certaines zones industrielles o\u00f9 la corrosion est importante. La couche d'alliage zinc-aluminium peut prot\u00e9ger l'acier de la corrosion par l'air et d'autres substances, et sa dur\u00e9e de vie peut atteindre 20 ans ou m\u00eame plus. Actuellement, le groupe YESON peut produire de l'acier aluzinc d'un poids de AZ20-AZ350g, et assurer le d\u00e9capage, le pliage, la coupe, le formage et d'autres traitements.<\/p>","protected":false},"excerpt":{"rendered":"<p>Aluzinc roofing sheet is a high-quality building material with a silvery-white spangled appearance. It is often used in humid and hot outdoor environments and some industrial areas with severe corrosion. The zinc-aluminum alloy layer can protect the steel from being corroded by air and other substances, and its service life can be up to 20 [&hellip;]<\/p>\n","protected":false},"featured_media":2498,"template":"","meta":{"site-sidebar-layout":"default","site-content-layout":"","ast-site-content-layout":"default","site-content-style":"default","site-sidebar-style":"default","ast-global-header-display":"","ast-banner-title-visibility":"","ast-main-header-display":"","ast-hfb-above-header-display":"","ast-hfb-below-header-display":"","ast-hfb-mobile-header-display":"","site-post-title":"","ast-breadcrumbs-content":"","ast-featured-img":"","footer-sml-layout":"","ast-disable-related-posts":"","theme-transparent-header-meta":"default","adv-header-id-meta":"","stick-header-meta":"","header-above-stick-meta":"","header-main-stick-meta":"","header-below-stick-meta":"","astra-migrate-meta-layouts":"set","ast-page-background-enabled":"default","ast-page-background-meta":{"desktop":{"background-color":"","background-image":"","background-repeat":"repeat","background-position":"center center","background-size":"auto","background-attachment":"scroll","background-type":"","background-media":"","overlay-type":"","overlay-color":"","overlay-opacity":"","overlay-gradient":""},"tablet":{"background-color":"","background-image":"","background-repeat":"repeat","background-position":"center center","background-size":"auto","background-attachment":"scroll","background-type":"","background-media":"","overlay-type":"","overlay-color":"","overlay-opacity":"","overlay-gradient":""},"mobile":{"background-color":"","background-image":"","background-repeat":"repeat","background-position":"center center","background-size":"auto","background-attachment":"scroll","background-type":"","background-media":"","overlay-type":"","overlay-color":"","overlay-opacity":"","overlay-gradient":""}},"ast-content-background-meta":{"desktop":{"background-color":"var(--ast-global-color-5)","background-image":"","background-repeat":"repeat","background-position":"center center","background-size":"auto","background-attachment":"scroll","background-type":"","background-media":"","overlay-type":"","overlay-color":"","overlay-opacity":"","overlay-gradient":""},"tablet":{"background-color":"var(--ast-global-color-5)","background-image":"","background-repeat":"repeat","background-position":"center center","background-size":"auto","background-attachment":"scroll","background-type":"","background-media":"","overlay-type":"","overlay-color":"","overlay-opacity":"","overlay-gradient":""},"mobile":{"background-color":"var(--ast-global-color-5)","background-image":"","background-repeat":"repeat","background-position":"center center","background-size":"auto","background-attachment":"scroll","background-type":"","background-media":"","overlay-type":"","overlay-color":"","overlay-opacity":"","overlay-gradient":""}}},"product_brand":[],"product_cat":[79],"product_tag":[85],"class_list":{"0":"post-2497","1":"product","2":"type-product","3":"status-publish","4":"has-post-thumbnail","6":"product_cat-roofing-sheet","7":"product_tag-aluzinc-roofing-sheet","8":"desktop-align-left","9":"tablet-align-left","10":"mobile-align-left","12":"first","13":"instock","14":"shipping-taxable","15":"product-type-simple"},"_links":{"self":[{"href":"https:\/\/www.hbyesonsteel.com\/fr\/wp-json\/wp\/v2\/product\/2497","targetHints":{"allow":["GET"]}}],"collection":[{"href":"https:\/\/www.hbyesonsteel.com\/fr\/wp-json\/wp\/v2\/product"}],"about":[{"href":"https:\/\/www.hbyesonsteel.com\/fr\/wp-json\/wp\/v2\/types\/product"}],"wp:featuredmedia":[{"embeddable":true,"href":"https:\/\/www.hbyesonsteel.com\/fr\/wp-json\/wp\/v2\/media\/2498"}],"wp:attachment":[{"href":"https:\/\/www.hbyesonsteel.com\/fr\/wp-json\/wp\/v2\/media?parent=2497"}],"wp:term":[{"taxonomy":"product_brand","embeddable":true,"href":"https:\/\/www.hbyesonsteel.com\/fr\/wp-json\/wp\/v2\/product_brand?post=2497"},{"taxonomy":"product_cat","embeddable":true,"href":"https:\/\/www.hbyesonsteel.com\/fr\/wp-json\/wp\/v2\/product_cat?post=2497"},{"taxonomy":"product_tag","embeddable":true,"href":"https:\/\/www.hbyesonsteel.com\/fr\/wp-json\/wp\/v2\/product_tag?post=2497"}],"curies":[{"name":"wp","href":"https:\/\/api.w.org\/{rel}","templated":true}]}}