{"id":2757,"date":"2025-11-21T17:09:36","date_gmt":"2025-11-21T09:09:36","guid":{"rendered":"https:\/\/www.hbyesonsteel.com\/?post_type=product&#038;p=2757"},"modified":"2025-11-21T17:09:36","modified_gmt":"2025-11-21T09:09:36","slug":"hot-dip-galvalume-steel-sheet","status":"publish","type":"product","link":"https:\/\/www.hbyesonsteel.com\/fr\/produit\/hot-dip-galvalume-steel-sheet\/","title":{"rendered":"T\u00f4le d'acier galvanis\u00e9e par immersion \u00e0 chaud"},"content":{"rendered":"<p>La t\u00f4le d'acier galvanis\u00e9e \u00e0 chaud est \u00e9galement appel\u00e9e t\u00f4le plaqu\u00e9e aluminium-zinc, t\u00f4le plaqu\u00e9e aluminium-zinc de couleur naturelle, t\u00f4le plaqu\u00e9e aluminium-zinc r\u00e9sistante aux empreintes digitales et t\u00f4le plaqu\u00e9e aluminium-zinc de couleur claire. Le rev\u00eatement de surface de la t\u00f4le \u00e9tant un alliage compos\u00e9 d'aluminium, de zinc et d'autres oligo-\u00e9l\u00e9ments, elle pr\u00e9sente une r\u00e9sistance exceptionnelle \u00e0 la corrosion et remplace progressivement la t\u00f4le galvanis\u00e9e. La t\u00f4le plaqu\u00e9e aluminium-zinc est principalement utilis\u00e9e pour le toit des structures en acier, la surface des murs, le corps des armoires \u00e9lectriques et les panneaux des appareils \u00e9lectrom\u00e9nagers.<br \/>\nLa structure mixte du rev\u00eatement aluminium-zinc-silicium par immersion \u00e0 chaud pr\u00e9sente des avantages uniques en mati\u00e8re de r\u00e9sistance \u00e0 la corrosion. Lorsque la plaque aluminium-zinc est utilis\u00e9e, l'eutectique zinc-aluminium dans le squelette de la phase riche en aluminium est d'abord corrod\u00e9, ce qui a un bon effet protecteur sur l'incision comme le zinc pur. Le produit corrod\u00e9 ne tombe pas aussi facilement que la plaque galvanis\u00e9e, mais il est simplement stock\u00e9 dans l'espace du squelette de la phase riche en aluminium, ce qui peut emp\u00eacher la corrosion ult\u00e9rieure du rev\u00eatement dans une certaine mesure.<\/p>","protected":false},"excerpt":{"rendered":"<p>Hot Dip Galvalume Steel Sheet is one of the effective means to delay the environmental corrosion of iron and steel materials, it is the surface of the cleaned, activated iron and steel products immersed in molten zinc, through the reaction and diffusion between iron and zinc, in the iron and steel products surface plating good adhesion of zinc alloy coating.<\/p>","protected":false},"featured_media":2758,"template":"","meta":{"site-sidebar-layout":"default","site-content-layout":"","ast-site-content-layout":"default","site-content-style":"default","site-sidebar-style":"default","ast-global-header-display":"","ast-banner-title-visibility":"","ast-main-header-display":"","ast-hfb-above-header-display":"","ast-hfb-below-header-display":"","ast-hfb-mobile-header-display":"","site-post-title":"","ast-breadcrumbs-content":"","ast-featured-img":"","footer-sml-layout":"","ast-disable-related-posts":"","theme-transparent-header-meta":"default","adv-header-id-meta":"","stick-header-meta":"","header-above-stick-meta":"","header-main-stick-meta":"","header-below-stick-meta":"","astra-migrate-meta-layouts":"set","ast-page-background-enabled":"default","ast-page-background-meta":{"desktop":{"background-color":"","background-image":"","background-repeat":"repeat","background-position":"center center","background-size":"auto","background-attachment":"scroll","background-type":"","background-media":"","overlay-type":"","overlay-color":"","overlay-opacity":"","overlay-gradient":""},"tablet":{"background-color":"","background-image":"","background-repeat":"repeat","background-position":"center center","background-size":"auto","background-attachment":"scroll","background-type":"","background-media":"","overlay-type":"","overlay-color":"","overlay-opacity":"","overlay-gradient":""},"mobile":{"background-color":"","background-image":"","background-repeat":"repeat","background-position":"center center","background-size":"auto","background-attachment":"scroll","background-type":"","background-media":"","overlay-type":"","overlay-color":"","overlay-opacity":"","overlay-gradient":""}},"ast-content-background-meta":{"desktop":{"background-color":"var(--ast-global-color-5)","background-image":"","background-repeat":"repeat","background-position":"center center","background-size":"auto","background-attachment":"scroll","background-type":"","background-media":"","overlay-type":"","overlay-color":"","overlay-opacity":"","overlay-gradient":""},"tablet":{"background-color":"var(--ast-global-color-5)","background-image":"","background-repeat":"repeat","background-position":"center center","background-size":"auto","background-attachment":"scroll","background-type":"","background-media":"","overlay-type":"","overlay-color":"","overlay-opacity":"","overlay-gradient":""},"mobile":{"background-color":"var(--ast-global-color-5)","background-image":"","background-repeat":"repeat","background-position":"center center","background-size":"auto","background-attachment":"scroll","background-type":"","background-media":"","overlay-type":"","overlay-color":"","overlay-opacity":"","overlay-gradient":""}}},"product_brand":[],"product_cat":[100],"product_tag":[103],"class_list":{"0":"post-2757","1":"product","2":"type-product","3":"status-publish","4":"has-post-thumbnail","6":"product_cat-galvalume-steel-sheet","7":"product_tag-hot-dip-galvalume-steel-sheet","8":"desktop-align-left","9":"tablet-align-left","10":"mobile-align-left","12":"first","13":"instock","14":"shipping-taxable","15":"product-type-simple"},"_links":{"self":[{"href":"https:\/\/www.hbyesonsteel.com\/fr\/wp-json\/wp\/v2\/product\/2757","targetHints":{"allow":["GET"]}}],"collection":[{"href":"https:\/\/www.hbyesonsteel.com\/fr\/wp-json\/wp\/v2\/product"}],"about":[{"href":"https:\/\/www.hbyesonsteel.com\/fr\/wp-json\/wp\/v2\/types\/product"}],"wp:featuredmedia":[{"embeddable":true,"href":"https:\/\/www.hbyesonsteel.com\/fr\/wp-json\/wp\/v2\/media\/2758"}],"wp:attachment":[{"href":"https:\/\/www.hbyesonsteel.com\/fr\/wp-json\/wp\/v2\/media?parent=2757"}],"wp:term":[{"taxonomy":"product_brand","embeddable":true,"href":"https:\/\/www.hbyesonsteel.com\/fr\/wp-json\/wp\/v2\/product_brand?post=2757"},{"taxonomy":"product_cat","embeddable":true,"href":"https:\/\/www.hbyesonsteel.com\/fr\/wp-json\/wp\/v2\/product_cat?post=2757"},{"taxonomy":"product_tag","embeddable":true,"href":"https:\/\/www.hbyesonsteel.com\/fr\/wp-json\/wp\/v2\/product_tag?post=2757"}],"curies":[{"name":"wp","href":"https:\/\/api.w.org\/{rel}","templated":true}]}}