{"id":1950,"date":"2025-08-25T16:17:08","date_gmt":"2025-08-25T08:17:08","guid":{"rendered":"https:\/\/www.hbyesonsteel.com\/?post_type=product&#038;p=1950"},"modified":"2025-08-25T16:17:08","modified_gmt":"2025-08-25T08:17:08","slug":"309s-stainless-steel-sheet","status":"publish","type":"product","link":"https:\/\/www.hbyesonsteel.com\/pt\/produto\/309s-stainless-steel-sheet\/","title":{"rendered":"Chapa de a\u00e7o inoxid\u00e1vel 309S"},"content":{"rendered":"<p>A chapa de a\u00e7o inoxid\u00e1vel 309S \u00e9 um tipo de a\u00e7o inoxid\u00e1vel austen\u00edtico que pode ser laminado a frio ou a quente. Oferece f\u00e1cil fabrica\u00e7\u00e3o, soldagem e estampagem, mas n\u00e3o pode ser endurecida por tratamento t\u00e9rmico. Na HByesonsteel, oferecemos servi\u00e7os personalizados para atender a diferentes tamanhos e qualidades, garantindo a satisfa\u00e7\u00e3o do cliente.<\/p>\n<table width=\"471\" data-extentions-extra-tablecapture-id=\"17534\">\n<tbody>\n<tr>\n<td width=\"110\">Largura<\/td>\n<td width=\"361\">1000-3500 mm<\/td>\n<\/tr>\n<tr>\n<td>Grossura<\/td>\n<td>0,6-100 mm<\/td>\n<\/tr>\n<tr>\n<td>Comprimento<\/td>\n<td>Oferecemos servi\u00e7os de corte sob medida.<\/td>\n<\/tr>\n<tr>\n<td>Formul\u00e1rios<\/td>\n<td width=\"361\">Bobinas, hastes, tiras, barras planas, tubos, blanks (c\u00edrculos), chapas perfuradas, chapas quadriculadas, etc.<\/td>\n<\/tr>\n<tr>\n<td>Acabamento de superf\u00edcie<\/td>\n<td width=\"361\">2B, 2D, espelho, linha fina, xadrez, relevo, ACETINADO, BA, N\u00ba 8, 8K, N\u00ba 1, N\u00ba 4, jato de areia, pincel, gravura, etc.<\/td>\n<\/tr>\n<tr>\n<td>Dureza<\/td>\n<td width=\"361\">Macio, el\u00e1stico, duro, meio duro, um quarto duro, etc.<\/td>\n<\/tr>\n<tr>\n<td>Padr\u00f5es<\/td>\n<td>ASME SA240, AMS 5523, ASTM A240<\/td>\n<\/tr>\n<\/tbody>\n<\/table>","protected":false},"excerpt":{"rendered":"<p>309S stainless steel sheet is a type of austenitic stainless steel that can be cold rolled or hot rolled. It offers easy fabrication, welding, and stamping capabilities, but it cannot be hardened through heat treatment. At HByesonsteel, we provide customized services to cater to different sizes and various grades, ensuring customer satisfaction. Width 1000-3500mm Thickness [&hellip;]<\/p>\n","protected":false},"featured_media":1438,"template":"","meta":{"site-sidebar-layout":"default","site-content-layout":"","ast-site-content-layout":"default","site-content-style":"default","site-sidebar-style":"default","ast-global-header-display":"","ast-banner-title-visibility":"","ast-main-header-display":"","ast-hfb-above-header-display":"","ast-hfb-below-header-display":"","ast-hfb-mobile-header-display":"","site-post-title":"","ast-breadcrumbs-content":"","ast-featured-img":"","footer-sml-layout":"","ast-disable-related-posts":"","theme-transparent-header-meta":"default","adv-header-id-meta":"","stick-header-meta":"","header-above-stick-meta":"","header-main-stick-meta":"","header-below-stick-meta":"","astra-migrate-meta-layouts":"set","ast-page-background-enabled":"default","ast-page-background-meta":{"desktop":{"background-color":"","background-image":"","background-repeat":"repeat","background-position":"center center","background-size":"auto","background-attachment":"scroll","background-type":"","background-media":"","overlay-type":"","overlay-color":"","overlay-opacity":"","overlay-gradient":""},"tablet":{"background-color":"","background-image":"","background-repeat":"repeat","background-position":"center center","background-size":"auto","background-attachment":"scroll","background-type":"","background-media":"","overlay-type":"","overlay-color":"","overlay-opacity":"","overlay-gradient":""},"mobile":{"background-color":"","background-image":"","background-repeat":"repeat","background-position":"center center","background-size":"auto","background-attachment":"scroll","background-type":"","background-media":"","overlay-type":"","overlay-color":"","overlay-opacity":"","overlay-gradient":""}},"ast-content-background-meta":{"desktop":{"background-color":"var(--ast-global-color-5)","background-image":"","background-repeat":"repeat","background-position":"center center","background-size":"auto","background-attachment":"scroll","background-type":"","background-media":"","overlay-type":"","overlay-color":"","overlay-opacity":"","overlay-gradient":""},"tablet":{"background-color":"var(--ast-global-color-5)","background-image":"","background-repeat":"repeat","background-position":"center center","background-size":"auto","background-attachment":"scroll","background-type":"","background-media":"","overlay-type":"","overlay-color":"","overlay-opacity":"","overlay-gradient":""},"mobile":{"background-color":"var(--ast-global-color-5)","background-image":"","background-repeat":"repeat","background-position":"center center","background-size":"auto","background-attachment":"scroll","background-type":"","background-media":"","overlay-type":"","overlay-color":"","overlay-opacity":"","overlay-gradient":""}}},"product_brand":[],"product_cat":[48],"product_tag":[55],"class_list":{"0":"post-1950","1":"product","2":"type-product","3":"status-publish","4":"has-post-thumbnail","6":"product_cat-steel-sheet-plate","7":"product_tag-309s-stainless-steel-sheet","8":"desktop-align-left","9":"tablet-align-left","10":"mobile-align-left","12":"first","13":"instock","14":"shipping-taxable","15":"product-type-simple"},"_links":{"self":[{"href":"https:\/\/www.hbyesonsteel.com\/pt\/wp-json\/wp\/v2\/product\/1950","targetHints":{"allow":["GET"]}}],"collection":[{"href":"https:\/\/www.hbyesonsteel.com\/pt\/wp-json\/wp\/v2\/product"}],"about":[{"href":"https:\/\/www.hbyesonsteel.com\/pt\/wp-json\/wp\/v2\/types\/product"}],"wp:featuredmedia":[{"embeddable":true,"href":"https:\/\/www.hbyesonsteel.com\/pt\/wp-json\/wp\/v2\/media\/1438"}],"wp:attachment":[{"href":"https:\/\/www.hbyesonsteel.com\/pt\/wp-json\/wp\/v2\/media?parent=1950"}],"wp:term":[{"taxonomy":"product_brand","embeddable":true,"href":"https:\/\/www.hbyesonsteel.com\/pt\/wp-json\/wp\/v2\/product_brand?post=1950"},{"taxonomy":"product_cat","embeddable":true,"href":"https:\/\/www.hbyesonsteel.com\/pt\/wp-json\/wp\/v2\/product_cat?post=1950"},{"taxonomy":"product_tag","embeddable":true,"href":"https:\/\/www.hbyesonsteel.com\/pt\/wp-json\/wp\/v2\/product_tag?post=1950"}],"curies":[{"name":"wp","href":"https:\/\/api.w.org\/{rel}","templated":true}]}}