{"id":1996,"date":"2025-08-28T14:50:16","date_gmt":"2025-08-28T06:50:16","guid":{"rendered":"https:\/\/www.hbyesonsteel.com\/?post_type=product&#038;p=1996"},"modified":"2025-08-28T14:50:16","modified_gmt":"2025-08-28T06:50:16","slug":"316-stainless-steel-sheet","status":"publish","type":"product","link":"https:\/\/www.hbyesonsteel.com\/pt\/produto\/316-stainless-steel-sheet\/","title":{"rendered":"Chapa de a\u00e7o inoxid\u00e1vel 316"},"content":{"rendered":"<p data-start=\"149\" data-end=\"413\">A chapa de a\u00e7o inoxid\u00e1vel 316 pertence \u00e0 <strong data-start=\"190\" data-end=\"231\">fam\u00edlia austen\u00edtica de a\u00e7os inoxid\u00e1veis<\/strong> e n\u00e3o \u00e9 magn\u00e9tico na condi\u00e7\u00e3o recozida. Conhecido como <strong data-start=\"288\" data-end=\"320\">a\u00e7o inoxid\u00e1vel de grau mar\u00edtimo<\/strong>, \u00e9 amplamente escolhido para aplica\u00e7\u00f5es em \u00e1gua do mar e outros ambientes altamente corrosivos.<\/p>\n<p data-start=\"415\" data-end=\"694\">N\u00f3s fornecemos <strong data-start=\"425\" data-end=\"455\">316 chapas de a\u00e7o inoxid\u00e1vel<\/strong> em larguras que variam de <strong data-start=\"479\" data-end=\"495\">1 p\u00e9 a 4 p\u00e9s<\/strong> (ou corte personalizado) e comprimentos de <strong data-start=\"529\" data-end=\"545\">1 p\u00e9 a 8 p\u00e9s<\/strong> (ou corte personalizado). Todas as folhas atendem aos padr\u00f5es internacionais de qualidade, incluindo <strong data-start=\"621\" data-end=\"691\">ASTM A240 \/ A480 \/ A666, ASME SA240, AMS 5524 \/ 5507 e QQ-S 766<\/strong>.<\/p>\n<h3 data-start=\"701\" data-end=\"719\">Principais caracter\u00edsticas<\/h3>\n<ul data-start=\"720\" data-end=\"1120\">\n<li data-start=\"720\" data-end=\"834\">\n<p data-start=\"722\" data-end=\"834\"><strong data-start=\"722\" data-end=\"752\">Alta resist\u00eancia e durabilidade<\/strong> \u2013 excelente capacidade de carga e resist\u00eancia \u00e0 ruptura em alta temperatura.<\/p>\n<\/li>\n<li data-start=\"835\" data-end=\"928\">\n<p data-start=\"837\" data-end=\"928\"><strong data-start=\"837\" data-end=\"873\">Resist\u00eancia \u00e0 corros\u00e3o e oxida\u00e7\u00e3o<\/strong> \u2013 ideal para condi\u00e7\u00f5es mar\u00edtimas e atmosf\u00e9ricas adversas.<\/p>\n<\/li>\n<li data-start=\"929\" data-end=\"1021\">\n<p data-start=\"931\" data-end=\"1021\"><strong data-start=\"931\" data-end=\"960\">Conformabilidade e soldabilidade<\/strong> \u2013 f\u00e1cil de fabricar e adequado para aplica\u00e7\u00f5es complexas.<\/p>\n<\/li>\n<li data-start=\"1022\" data-end=\"1120\">\n<p data-start=\"1024\" data-end=\"1120\"><strong data-start=\"1024\" data-end=\"1054\">Resist\u00eancia \u00e0 corros\u00e3o e flu\u00eancia<\/strong> \u2013 confi\u00e1vel em ambientes qu\u00edmicos e industriais desafiadores.<\/p>\n<\/li>\n<\/ul>\n<h3 data-start=\"1127\" data-end=\"1145\">Aplica\u00e7\u00f5es<\/h3>\n<p data-start=\"1146\" data-end=\"1228\">Al\u00e9m do <strong data-start=\"1161\" data-end=\"1180\">ind\u00fastria naval<\/strong>A chapa de a\u00e7o inoxid\u00e1vel 316 \u00e9 amplamente utilizada em:<\/p>\n<ul data-start=\"1229\" data-end=\"1558\">\n<li data-start=\"1229\" data-end=\"1271\">\n<p data-start=\"1231\" data-end=\"1271\"><strong data-start=\"1231\" data-end=\"1269\">Equipamentos farmac\u00eauticos e m\u00e9dicos<\/strong><\/p>\n<\/li>\n<li data-start=\"1272\" data-end=\"1315\">\n<p data-start=\"1274\" data-end=\"1315\"><strong data-start=\"1274\" data-end=\"1313\">Processamento qu\u00edmico e petroqu\u00edmico<\/strong><\/p>\n<\/li>\n<li data-start=\"1316\" data-end=\"1345\">\n<p data-start=\"1318\" data-end=\"1345\"><strong data-start=\"1318\" data-end=\"1343\">Ind\u00fastria de celulose e papel<\/strong><\/p>\n<\/li>\n<li data-start=\"1346\" data-end=\"1385\">\n<p data-start=\"1348\" data-end=\"1385\"><strong data-start=\"1348\" data-end=\"1383\">M\u00e1quinas aeroespaciais e t\u00eaxteis<\/strong><\/p>\n<\/li>\n<li data-start=\"1386\" data-end=\"1433\">\n<p data-start=\"1388\" data-end=\"1433\"><strong data-start=\"1388\" data-end=\"1431\">Aplica\u00e7\u00f5es arquitet\u00f4nicas e decorativas<\/strong><\/p>\n<\/li>\n<li data-start=\"1434\" data-end=\"1467\">\n<p data-start=\"1436\" data-end=\"1467\"><strong data-start=\"1436\" data-end=\"1465\">Equipamentos de processamento de alimentos<\/strong><\/p>\n<\/li>\n<li data-start=\"1468\" data-end=\"1515\">\n<p data-start=\"1470\" data-end=\"1515\"><strong data-start=\"1470\" data-end=\"1513\">Motores, motores e componentes de m\u00e1quinas<\/strong><\/p>\n<\/li>\n<li data-start=\"1516\" data-end=\"1558\">\n<p data-start=\"1518\" data-end=\"1558\"><strong data-start=\"1518\" data-end=\"1556\">Equipamentos de refino de petr\u00f3leo e petr\u00f3leo<\/strong><\/p>\n<\/li>\n<\/ul>\n<p data-start=\"1560\" data-end=\"1746\">Os produtos t\u00edpicos incluem <strong data-start=\"1585\" data-end=\"1743\">trocadores de calor, recipientes qu\u00edmicos, bancadas de laborat\u00f3rio, vasos de press\u00e3o, tanques, v\u00e1lvulas, bombas, flanges, conex\u00f5es, fixadores roscados e conex\u00f5es para barcos<\/strong>.<\/p>\n<h3 data-start=\"1753\" data-end=\"1804\">Acabamentos de superf\u00edcie de chapa de a\u00e7o inoxid\u00e1vel 316<\/h3>\n<p data-start=\"1806\" data-end=\"1940\">As chapas de a\u00e7o inoxid\u00e1vel 316 est\u00e3o dispon\u00edveis em uma variedade de acabamentos de superf\u00edcie, cada um oferecendo desempenho e qualidades est\u00e9ticas \u00fanicas:<\/p>\n<ul data-start=\"1942\" data-end=\"3091\">\n<li data-start=\"1942\" data-end=\"2101\">\n<p data-start=\"1944\" data-end=\"2101\"><strong data-start=\"1944\" data-end=\"1957\">Acabamento 2B<\/strong> \u2013 Superf\u00edcie lisa, fosca e refletiva, obtida por lamina\u00e7\u00e3o a frio, recozimento e decapagem. Amplamente utilizada para fins industriais e arquitet\u00f4nicos.<\/p>\n<\/li>\n<li data-start=\"2102\" data-end=\"2244\">\n<p data-start=\"2104\" data-end=\"2244\"><strong data-start=\"2104\" data-end=\"2136\">Acabamento n\u00ba 4 (escovado\/acetinado)<\/strong> \u2013 Aspecto texturizado criado por polimento mec\u00e2nico; menos reflexivo que 2B, ideal para uso decorativo.<\/p>\n<\/li>\n<li data-start=\"2245\" data-end=\"2372\">\n<p data-start=\"2247\" data-end=\"2372\"><strong data-start=\"2247\" data-end=\"2278\">Acabamento BA (recozido brilhante)<\/strong> \u2013 Superf\u00edcie altamente refletiva, semelhante a um espelho, proveniente do recozimento em forno de atmosfera controlada.<\/p>\n<\/li>\n<li data-start=\"2373\" data-end=\"2495\">\n<p data-start=\"2375\" data-end=\"2495\"><strong data-start=\"2375\" data-end=\"2394\">Acabamento de linha fina<\/strong> \u2013 Polimento fino, consistente e unidirecional, semelhante a fios de cabelo; popular em projetos arquitet\u00f4nicos.<\/p>\n<\/li>\n<li data-start=\"2496\" data-end=\"2602\">\n<p data-start=\"2498\" data-end=\"2602\"><strong data-start=\"2498\" data-end=\"2515\">Acabamento espelhado<\/strong> \u2013 Superf\u00edcie extremamente lisa e refletiva; usada em aplica\u00e7\u00f5es decorativas de alta qualidade.<\/p>\n<\/li>\n<li data-start=\"2603\" data-end=\"2726\">\n<p data-start=\"2605\" data-end=\"2726\"><strong data-start=\"2605\" data-end=\"2624\">Acabamento em relevo<\/strong> \u2013 Padr\u00f5es elevados ou rebaixados produzidos por estampagem mec\u00e2nica; adiciona textura visual e funcional.<\/p>\n<\/li>\n<li data-start=\"2727\" data-end=\"2845\">\n<p data-start=\"2729\" data-end=\"2845\"><strong data-start=\"2729\" data-end=\"2746\">Acabamento gravado<\/strong> \u2013 Desenhos gravados qu\u00edmica ou eletroliticamente; frequentemente usados em projetos art\u00edsticos e decorativos.<\/p>\n<\/li>\n<li data-start=\"2846\" data-end=\"2980\">\n<p data-start=\"2848\" data-end=\"2980\"><strong data-start=\"2848\" data-end=\"2866\">Acabamento colorido<\/strong> \u2013 Obtido por meio de galvanoplastia, PVD (Deposi\u00e7\u00e3o F\u00edsica de Vapor) ou revestimento em p\u00f3 para uma ampla gama de tons.<\/p>\n<\/li>\n<li data-start=\"2981\" data-end=\"3091\">\n<p data-start=\"2983\" data-end=\"3091\"><strong data-start=\"2983\" data-end=\"3003\">Acabamento estampado<\/strong> \u2013 Texturas ou designs personalizados prensados ou em relevo para melhor apar\u00eancia e desempenho.<\/p>\n<\/li>\n<\/ul>\n<p data-start=\"3093\" data-end=\"3241\"><strong data-start=\"3093\" data-end=\"3122\">Escolhendo o acabamento certo<\/strong> depende dos requisitos da aplica\u00e7\u00e3o \u2014 balanceamento <strong data-start=\"3169\" data-end=\"3238\">est\u00e9tica, resist\u00eancia \u00e0 corros\u00e3o, facilidade de limpeza e funcionalidade<\/strong>.<\/p>\n<table data-extentions-extra-tablecapture-id=\"362438\">\n<tbody>\n<tr>\n<td>Resist\u00eancia \u00e0 trac\u00e7\u00e3o<\/td>\n<td>Elasticidade<\/td>\n<td>Resist\u00eancia ao cisalhamento<\/td>\n<td>Dureza Brinell<\/td>\n<td>Densidade<\/td>\n<td>Limite de escoamento<\/td>\n<td>Alongamento<\/td>\n<\/tr>\n<tr>\n<td>70.000 psi<\/td>\n<td>29.000 ksi<\/td>\n<td>11.500 psi<\/td>\n<td>217<\/td>\n<td>0,29 lb\/pol.<\/td>\n<td>34.800 psi<\/td>\n<td>40%<\/td>\n<\/tr>\n<\/tbody>\n<\/table>","protected":false},"excerpt":{"rendered":"<p>316 stainless steel sheet belongs to the austenitic family of stainless steels and is non-magnetic in the annealed condition. Known as marine grade stainless steel, it is widely chosen for applications in seawater and other highly corrosive environments. We supply 316 stainless steel sheets in widths ranging from 1 ft to 4 ft (or custom [&hellip;]<\/p>\n","protected":false},"featured_media":1997,"template":"","meta":{"site-sidebar-layout":"default","site-content-layout":"","ast-site-content-layout":"default","site-content-style":"default","site-sidebar-style":"default","ast-global-header-display":"","ast-banner-title-visibility":"","ast-main-header-display":"","ast-hfb-above-header-display":"","ast-hfb-below-header-display":"","ast-hfb-mobile-header-display":"","site-post-title":"","ast-breadcrumbs-content":"","ast-featured-img":"","footer-sml-layout":"","ast-disable-related-posts":"","theme-transparent-header-meta":"default","adv-header-id-meta":"","stick-header-meta":"","header-above-stick-meta":"","header-main-stick-meta":"","header-below-stick-meta":"","astra-migrate-meta-layouts":"set","ast-page-background-enabled":"default","ast-page-background-meta":{"desktop":{"background-color":"","background-image":"","background-repeat":"repeat","background-position":"center center","background-size":"auto","background-attachment":"scroll","background-type":"","background-media":"","overlay-type":"","overlay-color":"","overlay-opacity":"","overlay-gradient":""},"tablet":{"background-color":"","background-image":"","background-repeat":"repeat","background-position":"center center","background-size":"auto","background-attachment":"scroll","background-type":"","background-media":"","overlay-type":"","overlay-color":"","overlay-opacity":"","overlay-gradient":""},"mobile":{"background-color":"","background-image":"","background-repeat":"repeat","background-position":"center center","background-size":"auto","background-attachment":"scroll","background-type":"","background-media":"","overlay-type":"","overlay-color":"","overlay-opacity":"","overlay-gradient":""}},"ast-content-background-meta":{"desktop":{"background-color":"var(--ast-global-color-5)","background-image":"","background-repeat":"repeat","background-position":"center center","background-size":"auto","background-attachment":"scroll","background-type":"","background-media":"","overlay-type":"","overlay-color":"","overlay-opacity":"","overlay-gradient":""},"tablet":{"background-color":"var(--ast-global-color-5)","background-image":"","background-repeat":"repeat","background-position":"center center","background-size":"auto","background-attachment":"scroll","background-type":"","background-media":"","overlay-type":"","overlay-color":"","overlay-opacity":"","overlay-gradient":""},"mobile":{"background-color":"var(--ast-global-color-5)","background-image":"","background-repeat":"repeat","background-position":"center center","background-size":"auto","background-attachment":"scroll","background-type":"","background-media":"","overlay-type":"","overlay-color":"","overlay-opacity":"","overlay-gradient":""}}},"product_brand":[],"product_cat":[48],"product_tag":[57],"class_list":{"0":"post-1996","1":"product","2":"type-product","3":"status-publish","4":"has-post-thumbnail","6":"product_cat-steel-sheet-plate","7":"product_tag-316-stainless-steel-sheet","8":"desktop-align-left","9":"tablet-align-left","10":"mobile-align-left","12":"first","13":"instock","14":"shipping-taxable","15":"product-type-simple"},"_links":{"self":[{"href":"https:\/\/www.hbyesonsteel.com\/pt\/wp-json\/wp\/v2\/product\/1996","targetHints":{"allow":["GET"]}}],"collection":[{"href":"https:\/\/www.hbyesonsteel.com\/pt\/wp-json\/wp\/v2\/product"}],"about":[{"href":"https:\/\/www.hbyesonsteel.com\/pt\/wp-json\/wp\/v2\/types\/product"}],"wp:featuredmedia":[{"embeddable":true,"href":"https:\/\/www.hbyesonsteel.com\/pt\/wp-json\/wp\/v2\/media\/1997"}],"wp:attachment":[{"href":"https:\/\/www.hbyesonsteel.com\/pt\/wp-json\/wp\/v2\/media?parent=1996"}],"wp:term":[{"taxonomy":"product_brand","embeddable":true,"href":"https:\/\/www.hbyesonsteel.com\/pt\/wp-json\/wp\/v2\/product_brand?post=1996"},{"taxonomy":"product_cat","embeddable":true,"href":"https:\/\/www.hbyesonsteel.com\/pt\/wp-json\/wp\/v2\/product_cat?post=1996"},{"taxonomy":"product_tag","embeddable":true,"href":"https:\/\/www.hbyesonsteel.com\/pt\/wp-json\/wp\/v2\/product_tag?post=1996"}],"curies":[{"name":"wp","href":"https:\/\/api.w.org\/{rel}","templated":true}]}}