{"id":2442,"date":"2025-10-16T11:47:05","date_gmt":"2025-10-16T03:47:05","guid":{"rendered":"https:\/\/www.hbyesonsteel.com\/?post_type=product&#038;p=2442"},"modified":"2025-10-16T11:47:05","modified_gmt":"2025-10-16T03:47:05","slug":"stone-coated-steel-roof-tile","status":"publish","type":"product","link":"https:\/\/www.hbyesonsteel.com\/pt\/produto\/stone-coated-steel-roof-tile\/","title":{"rendered":"Telha de a\u00e7o revestida a pedra"},"content":{"rendered":"<p>Stone coated steel roof tile are made from aluminized zinc plated steel, then coated with stone chips and attached to the steel with an acrylic film. Combining the durability of steel with the texture of stone chips, this roof tile provides long-term protection and elegant aesthetics. It resists wind, impact, and corrosion, while being significantly lighter than traditional tiles\u2014suitable for various roof slopes and architectural styles.<\/p>\n<table data-extentions-extra-tablecapture-id=\"585208\">\n<tbody>\n<tr>\n<td>Nome do produto:<\/td>\n<td>Telha de a\u00e7o revestida a pedra<\/td>\n<\/tr>\n<tr>\n<td>Material :<\/td>\n<td>A\u00e7o galvalume (chapa de a\u00e7o aluzinco), lascas de pedra natural, cola de resina acr\u00edlica<\/td>\n<\/tr>\n<tr>\n<td>Cor :<\/td>\n<td>Preto, vermelho, azul, verde, personalizado<\/td>\n<\/tr>\n<tr>\n<td>Tamanho do azulejo :<\/td>\n<td>1760x400mm<\/td>\n<\/tr>\n<tr>\n<td>Tamanho efetivo :<\/td>\n<td>1710x350mm<\/td>\n<\/tr>\n<tr>\n<td>Espessura :<\/td>\n<td>0.35mm,0.40mm,0.45mm,0.50mm,0.55mm<\/td>\n<\/tr>\n<tr>\n<td>Peso :<\/td>\n<td>3.35-4.50kgs\/unidade<\/td>\n<\/tr>\n<tr>\n<td>\u00c1rea de cobertura :<\/td>\n<td>0,6m2 \/pc<\/td>\n<\/tr>\n<tr>\n<td>Azulejos\/m2 :<\/td>\n<td>1.68pcs<\/td>\n<\/tr>\n<tr>\n<td>Certificado :<\/td>\n<td>SONCAP,COC,UL,ISO9001<\/td>\n<\/tr>\n<tr>\n<td>Usado :<\/td>\n<td>Telhado de constru\u00e7\u00e3o residencial e comercial<\/td>\n<\/tr>\n<tr>\n<td>Garantia :<\/td>\n<td>50 anos<\/td>\n<\/tr>\n<\/tbody>\n<\/table>","protected":false},"excerpt":{"rendered":"<p>Stone coated steel roof tile are made from aluminized zinc plated steel, then coated with stone chips and attached to the steel with an acrylic film. Combining the durability of steel with the texture of stone chips, this roof tile provides long-term protection and elegant aesthetics. It resists wind, impact, and corrosion, while being significantly [&hellip;]<\/p>\n","protected":false},"featured_media":2443,"template":"","meta":{"site-sidebar-layout":"default","site-content-layout":"","ast-site-content-layout":"default","site-content-style":"default","site-sidebar-style":"default","ast-global-header-display":"","ast-banner-title-visibility":"","ast-main-header-display":"","ast-hfb-above-header-display":"","ast-hfb-below-header-display":"","ast-hfb-mobile-header-display":"","site-post-title":"","ast-breadcrumbs-content":"","ast-featured-img":"","footer-sml-layout":"","ast-disable-related-posts":"","theme-transparent-header-meta":"default","adv-header-id-meta":"","stick-header-meta":"","header-above-stick-meta":"","header-main-stick-meta":"","header-below-stick-meta":"","astra-migrate-meta-layouts":"set","ast-page-background-enabled":"default","ast-page-background-meta":{"desktop":{"background-color":"","background-image":"","background-repeat":"repeat","background-position":"center center","background-size":"auto","background-attachment":"scroll","background-type":"","background-media":"","overlay-type":"","overlay-color":"","overlay-opacity":"","overlay-gradient":""},"tablet":{"background-color":"","background-image":"","background-repeat":"repeat","background-position":"center center","background-size":"auto","background-attachment":"scroll","background-type":"","background-media":"","overlay-type":"","overlay-color":"","overlay-opacity":"","overlay-gradient":""},"mobile":{"background-color":"","background-image":"","background-repeat":"repeat","background-position":"center center","background-size":"auto","background-attachment":"scroll","background-type":"","background-media":"","overlay-type":"","overlay-color":"","overlay-opacity":"","overlay-gradient":""}},"ast-content-background-meta":{"desktop":{"background-color":"var(--ast-global-color-5)","background-image":"","background-repeat":"repeat","background-position":"center center","background-size":"auto","background-attachment":"scroll","background-type":"","background-media":"","overlay-type":"","overlay-color":"","overlay-opacity":"","overlay-gradient":""},"tablet":{"background-color":"var(--ast-global-color-5)","background-image":"","background-repeat":"repeat","background-position":"center center","background-size":"auto","background-attachment":"scroll","background-type":"","background-media":"","overlay-type":"","overlay-color":"","overlay-opacity":"","overlay-gradient":""},"mobile":{"background-color":"var(--ast-global-color-5)","background-image":"","background-repeat":"repeat","background-position":"center center","background-size":"auto","background-attachment":"scroll","background-type":"","background-media":"","overlay-type":"","overlay-color":"","overlay-opacity":"","overlay-gradient":""}}},"product_brand":[],"product_cat":[79],"product_tag":[81],"class_list":{"0":"post-2442","1":"product","2":"type-product","3":"status-publish","4":"has-post-thumbnail","6":"product_cat-roofing-sheet","7":"product_tag-stone-coated-steel-roof-tile","8":"desktop-align-left","9":"tablet-align-left","10":"mobile-align-left","12":"first","13":"instock","14":"shipping-taxable","15":"product-type-simple"},"_links":{"self":[{"href":"https:\/\/www.hbyesonsteel.com\/pt\/wp-json\/wp\/v2\/product\/2442","targetHints":{"allow":["GET"]}}],"collection":[{"href":"https:\/\/www.hbyesonsteel.com\/pt\/wp-json\/wp\/v2\/product"}],"about":[{"href":"https:\/\/www.hbyesonsteel.com\/pt\/wp-json\/wp\/v2\/types\/product"}],"wp:featuredmedia":[{"embeddable":true,"href":"https:\/\/www.hbyesonsteel.com\/pt\/wp-json\/wp\/v2\/media\/2443"}],"wp:attachment":[{"href":"https:\/\/www.hbyesonsteel.com\/pt\/wp-json\/wp\/v2\/media?parent=2442"}],"wp:term":[{"taxonomy":"product_brand","embeddable":true,"href":"https:\/\/www.hbyesonsteel.com\/pt\/wp-json\/wp\/v2\/product_brand?post=2442"},{"taxonomy":"product_cat","embeddable":true,"href":"https:\/\/www.hbyesonsteel.com\/pt\/wp-json\/wp\/v2\/product_cat?post=2442"},{"taxonomy":"product_tag","embeddable":true,"href":"https:\/\/www.hbyesonsteel.com\/pt\/wp-json\/wp\/v2\/product_tag?post=2442"}],"curies":[{"name":"wp","href":"https:\/\/api.w.org\/{rel}","templated":true}]}}