{"id":2470,"date":"2025-10-20T14:19:33","date_gmt":"2025-10-20T06:19:33","guid":{"rendered":"https:\/\/www.hbyesonsteel.com\/?post_type=product&#038;p=2470"},"modified":"2025-10-20T14:21:59","modified_gmt":"2025-10-20T06:21:59","slug":"galvanized-steel-roofing-sheet","status":"publish","type":"product","link":"https:\/\/www.hbyesonsteel.com\/pt\/produto\/galvanized-steel-roofing-sheet\/","title":{"rendered":"Chapas de a\u00e7o galvanizado para telhados"},"content":{"rendered":"<p>A chapa de a\u00e7o galvanizado para telhados combina a\u00e7o galvanizado com design ondulado para proporcionar grande resist\u00eancia. \u00c9 tamb\u00e9m leve, o que torna a sua instala\u00e7\u00e3o f\u00e1cil e r\u00e1pida. \u00c9 por isso que os pain\u00e9is de telhado galvanizado s\u00e3o amplamente utilizados em edif\u00edcios agr\u00edcolas, industriais, comerciais e residenciais, tais como armaz\u00e9ns, casas improvisadas, celeiros, garagens, etc. HBYeson Steel tem telhas galvanizadas para venda em diferentes espessuras, comprimentos e desenhos. Al\u00e9m disso, vamos oferecer solu\u00e7\u00f5es personalizadas para melhor atender seus projetos. Bem-vindo a contactar-nos para mais detalhes!<\/p>\n<table width=\"100%\" data-extentions-extra-tablecapture-id=\"411427\">\n<tbody>\n<tr>\n<td width=\"193\">Espessura do revestimento de zinco<\/td>\n<td width=\"658\">40 g\/m<sup>2<\/sup>-275 g\/m<sup>2<\/sup><\/td>\n<\/tr>\n<tr>\n<td width=\"193\">Grossura<\/td>\n<td width=\"658\">0,15 mm-0,8 mm<\/td>\n<\/tr>\n<tr>\n<td width=\"193\">Largura total<\/td>\n<td width=\"658\">750 mm-1.250 mm<\/td>\n<\/tr>\n<tr>\n<td width=\"193\">Largura efectiva<\/td>\n<td width=\"658\">600 mm-1.050 mm<\/td>\n<\/tr>\n<tr>\n<td width=\"193\">Perfis<\/td>\n<td width=\"658\">Ondulado, Ladrilhos, IBR, etc.<\/td>\n<\/tr>\n<tr>\n<td width=\"193\">Comprimento<\/td>\n<td width=\"658\">De acordo com as suas necessidades<\/td>\n<\/tr>\n<tr>\n<td width=\"193\">Lantejoulas<\/td>\n<td width=\"658\">Lantejoulas grandes, lantejoulas normais, lantejoulas pequenas, lantejoulas zero<\/td>\n<\/tr>\n<tr>\n<td width=\"193\">MOQ<\/td>\n<td width=\"658\">10 toneladas ou 500 pe\u00e7as<\/td>\n<\/tr>\n<tr>\n<td width=\"193\">Embalagem<\/td>\n<td width=\"658\">Embalagem normalizada para exporta\u00e7\u00e3o<\/td>\n<\/tr>\n<\/tbody>\n<\/table>","protected":false},"excerpt":{"rendered":"<p>Zinc roofing is galvanized corrugated sheets, base material is galvanized steel sheet. After cold forming through the module, it became the corrugated sheet. The product has various designed type and specification, such as Wave type,Trapezoidal type,Glazed type. As widely used for roofing material, it is also called roof sheet.<\/p>","protected":false},"featured_media":2471,"template":"","meta":{"site-sidebar-layout":"default","site-content-layout":"","ast-site-content-layout":"default","site-content-style":"default","site-sidebar-style":"default","ast-global-header-display":"","ast-banner-title-visibility":"","ast-main-header-display":"","ast-hfb-above-header-display":"","ast-hfb-below-header-display":"","ast-hfb-mobile-header-display":"","site-post-title":"","ast-breadcrumbs-content":"","ast-featured-img":"","footer-sml-layout":"","ast-disable-related-posts":"","theme-transparent-header-meta":"default","adv-header-id-meta":"","stick-header-meta":"","header-above-stick-meta":"","header-main-stick-meta":"","header-below-stick-meta":"","astra-migrate-meta-layouts":"set","ast-page-background-enabled":"default","ast-page-background-meta":{"desktop":{"background-color":"","background-image":"","background-repeat":"repeat","background-position":"center center","background-size":"auto","background-attachment":"scroll","background-type":"","background-media":"","overlay-type":"","overlay-color":"","overlay-opacity":"","overlay-gradient":""},"tablet":{"background-color":"","background-image":"","background-repeat":"repeat","background-position":"center center","background-size":"auto","background-attachment":"scroll","background-type":"","background-media":"","overlay-type":"","overlay-color":"","overlay-opacity":"","overlay-gradient":""},"mobile":{"background-color":"","background-image":"","background-repeat":"repeat","background-position":"center center","background-size":"auto","background-attachment":"scroll","background-type":"","background-media":"","overlay-type":"","overlay-color":"","overlay-opacity":"","overlay-gradient":""}},"ast-content-background-meta":{"desktop":{"background-color":"var(--ast-global-color-5)","background-image":"","background-repeat":"repeat","background-position":"center center","background-size":"auto","background-attachment":"scroll","background-type":"","background-media":"","overlay-type":"","overlay-color":"","overlay-opacity":"","overlay-gradient":""},"tablet":{"background-color":"var(--ast-global-color-5)","background-image":"","background-repeat":"repeat","background-position":"center center","background-size":"auto","background-attachment":"scroll","background-type":"","background-media":"","overlay-type":"","overlay-color":"","overlay-opacity":"","overlay-gradient":""},"mobile":{"background-color":"var(--ast-global-color-5)","background-image":"","background-repeat":"repeat","background-position":"center center","background-size":"auto","background-attachment":"scroll","background-type":"","background-media":"","overlay-type":"","overlay-color":"","overlay-opacity":"","overlay-gradient":""}}},"product_brand":[],"product_cat":[79],"product_tag":[83],"class_list":{"0":"post-2470","1":"product","2":"type-product","3":"status-publish","4":"has-post-thumbnail","6":"product_cat-roofing-sheet","7":"product_tag-galvanized-steel-roofing-sheet","8":"desktop-align-left","9":"tablet-align-left","10":"mobile-align-left","12":"first","13":"instock","14":"shipping-taxable","15":"product-type-simple"},"_links":{"self":[{"href":"https:\/\/www.hbyesonsteel.com\/pt\/wp-json\/wp\/v2\/product\/2470","targetHints":{"allow":["GET"]}}],"collection":[{"href":"https:\/\/www.hbyesonsteel.com\/pt\/wp-json\/wp\/v2\/product"}],"about":[{"href":"https:\/\/www.hbyesonsteel.com\/pt\/wp-json\/wp\/v2\/types\/product"}],"wp:featuredmedia":[{"embeddable":true,"href":"https:\/\/www.hbyesonsteel.com\/pt\/wp-json\/wp\/v2\/media\/2471"}],"wp:attachment":[{"href":"https:\/\/www.hbyesonsteel.com\/pt\/wp-json\/wp\/v2\/media?parent=2470"}],"wp:term":[{"taxonomy":"product_brand","embeddable":true,"href":"https:\/\/www.hbyesonsteel.com\/pt\/wp-json\/wp\/v2\/product_brand?post=2470"},{"taxonomy":"product_cat","embeddable":true,"href":"https:\/\/www.hbyesonsteel.com\/pt\/wp-json\/wp\/v2\/product_cat?post=2470"},{"taxonomy":"product_tag","embeddable":true,"href":"https:\/\/www.hbyesonsteel.com\/pt\/wp-json\/wp\/v2\/product_tag?post=2470"}],"curies":[{"name":"wp","href":"https:\/\/api.w.org\/{rel}","templated":true}]}}