{"id":2483,"date":"2025-10-21T15:51:44","date_gmt":"2025-10-21T07:51:44","guid":{"rendered":"https:\/\/www.hbyesonsteel.com\/?post_type=product&#038;p=2483"},"modified":"2025-10-21T15:51:44","modified_gmt":"2025-10-21T07:51:44","slug":"galvalume-roofing-sheet","status":"publish","type":"product","link":"https:\/\/www.hbyesonsteel.com\/pt\/produto\/galvalume-roofing-sheet\/","title":{"rendered":"Folha de cobertura galvalume"},"content":{"rendered":"<p>A chapa de cobertura Galvalume \u00e9 popular para aplica\u00e7\u00f5es comerciais, residenciais, agr\u00edcolas e industriais. \u00c9 coberta com um revestimento de liga de alum\u00ednio-zinco, o que lhe confere uma resist\u00eancia superior \u00e0 corros\u00e3o e ao calor.<\/p>\n<p>Devido ao seu desempenho superior, \u00e9 uma op\u00e7\u00e3o ideal para propriet\u00e1rios de casas, empreiteiros, arquitectos e investidores. HBYeson Steel tem uma vasta gama de telhas de metal galvalume em tamanhos e desenhos para atender \u00e0s suas necessidades. Bem-vindo a contactar-nos para mais detalhes!<\/p>\n<table width=\"100%\" data-extentions-extra-tablecapture-id=\"586070\">\n<tbody>\n<tr>\n<td width=\"203\">Material<\/td>\n<td width=\"648\">GL steel (DC51D+AZ)<\/td>\n<\/tr>\n<tr>\n<td width=\"203\">Grossura<\/td>\n<td width=\"648\">0,15 mm-0,8 mm<\/td>\n<\/tr>\n<tr>\n<td width=\"203\">Largura total<\/td>\n<td width=\"648\">700mm-1,250 mm<\/td>\n<\/tr>\n<tr>\n<td width=\"203\">Largura efectiva<\/td>\n<td width=\"648\">600mm-1,050 mm<\/td>\n<\/tr>\n<tr>\n<td width=\"203\">Conte\u00fado do revestimento de Al-Zn<\/td>\n<td width=\"648\">Alum\u00ednio (Al) 55%, zinco (Zn) 43,5%, sil\u00edcio (Si) 1,5%<\/td>\n<\/tr>\n<tr>\n<td width=\"203\">Espessura do revestimento de Al-Zn<\/td>\n<td width=\"648\">60 g\/\u33a1-185 g\/\u33a1<\/td>\n<\/tr>\n<tr>\n<td width=\"203\">Comprimento<\/td>\n<td width=\"648\">De acordo com as suas necessidades<\/td>\n<\/tr>\n<tr>\n<td width=\"203\">Padr\u00e3o<\/td>\n<td width=\"648\">GB, JIS, ASTM, EN<\/td>\n<\/tr>\n<tr>\n<td width=\"203\">Tratamento de superf\u00edcie<\/td>\n<td width=\"648\">Passiva\u00e7\u00e3o, resist\u00eancia \u00e0s impress\u00f5es digitais, lubrifica\u00e7\u00e3o, pr\u00e9-pintura, etc.<\/td>\n<\/tr>\n<tr>\n<td width=\"203\">Embalagem<\/td>\n<td width=\"648\">Embalagem normalizada para exporta\u00e7\u00e3o<\/td>\n<\/tr>\n<\/tbody>\n<\/table>","protected":false},"excerpt":{"rendered":"<p>Galvalume roofing sheet is lightweight, corrosion-resistant, weather-resistant, and heat-reflective, and is a common material for roofing and siding of outdoor buildings.<\/p>","protected":false},"featured_media":2484,"template":"","meta":{"site-sidebar-layout":"default","site-content-layout":"","ast-site-content-layout":"default","site-content-style":"default","site-sidebar-style":"default","ast-global-header-display":"","ast-banner-title-visibility":"","ast-main-header-display":"","ast-hfb-above-header-display":"","ast-hfb-below-header-display":"","ast-hfb-mobile-header-display":"","site-post-title":"","ast-breadcrumbs-content":"","ast-featured-img":"","footer-sml-layout":"","ast-disable-related-posts":"","theme-transparent-header-meta":"default","adv-header-id-meta":"","stick-header-meta":"","header-above-stick-meta":"","header-main-stick-meta":"","header-below-stick-meta":"","astra-migrate-meta-layouts":"set","ast-page-background-enabled":"default","ast-page-background-meta":{"desktop":{"background-color":"","background-image":"","background-repeat":"repeat","background-position":"center center","background-size":"auto","background-attachment":"scroll","background-type":"","background-media":"","overlay-type":"","overlay-color":"","overlay-opacity":"","overlay-gradient":""},"tablet":{"background-color":"","background-image":"","background-repeat":"repeat","background-position":"center center","background-size":"auto","background-attachment":"scroll","background-type":"","background-media":"","overlay-type":"","overlay-color":"","overlay-opacity":"","overlay-gradient":""},"mobile":{"background-color":"","background-image":"","background-repeat":"repeat","background-position":"center center","background-size":"auto","background-attachment":"scroll","background-type":"","background-media":"","overlay-type":"","overlay-color":"","overlay-opacity":"","overlay-gradient":""}},"ast-content-background-meta":{"desktop":{"background-color":"var(--ast-global-color-5)","background-image":"","background-repeat":"repeat","background-position":"center center","background-size":"auto","background-attachment":"scroll","background-type":"","background-media":"","overlay-type":"","overlay-color":"","overlay-opacity":"","overlay-gradient":""},"tablet":{"background-color":"var(--ast-global-color-5)","background-image":"","background-repeat":"repeat","background-position":"center center","background-size":"auto","background-attachment":"scroll","background-type":"","background-media":"","overlay-type":"","overlay-color":"","overlay-opacity":"","overlay-gradient":""},"mobile":{"background-color":"var(--ast-global-color-5)","background-image":"","background-repeat":"repeat","background-position":"center center","background-size":"auto","background-attachment":"scroll","background-type":"","background-media":"","overlay-type":"","overlay-color":"","overlay-opacity":"","overlay-gradient":""}}},"product_brand":[],"product_cat":[79],"product_tag":[84],"class_list":{"0":"post-2483","1":"product","2":"type-product","3":"status-publish","4":"has-post-thumbnail","6":"product_cat-roofing-sheet","7":"product_tag-galvalume-roofing-sheet","8":"desktop-align-left","9":"tablet-align-left","10":"mobile-align-left","12":"first","13":"instock","14":"shipping-taxable","15":"product-type-simple"},"_links":{"self":[{"href":"https:\/\/www.hbyesonsteel.com\/pt\/wp-json\/wp\/v2\/product\/2483","targetHints":{"allow":["GET"]}}],"collection":[{"href":"https:\/\/www.hbyesonsteel.com\/pt\/wp-json\/wp\/v2\/product"}],"about":[{"href":"https:\/\/www.hbyesonsteel.com\/pt\/wp-json\/wp\/v2\/types\/product"}],"wp:featuredmedia":[{"embeddable":true,"href":"https:\/\/www.hbyesonsteel.com\/pt\/wp-json\/wp\/v2\/media\/2484"}],"wp:attachment":[{"href":"https:\/\/www.hbyesonsteel.com\/pt\/wp-json\/wp\/v2\/media?parent=2483"}],"wp:term":[{"taxonomy":"product_brand","embeddable":true,"href":"https:\/\/www.hbyesonsteel.com\/pt\/wp-json\/wp\/v2\/product_brand?post=2483"},{"taxonomy":"product_cat","embeddable":true,"href":"https:\/\/www.hbyesonsteel.com\/pt\/wp-json\/wp\/v2\/product_cat?post=2483"},{"taxonomy":"product_tag","embeddable":true,"href":"https:\/\/www.hbyesonsteel.com\/pt\/wp-json\/wp\/v2\/product_tag?post=2483"}],"curies":[{"name":"wp","href":"https:\/\/api.w.org\/{rel}","templated":true}]}}