{"id":2757,"date":"2025-11-21T17:09:36","date_gmt":"2025-11-21T09:09:36","guid":{"rendered":"https:\/\/www.hbyesonsteel.com\/?post_type=product&#038;p=2757"},"modified":"2025-11-21T17:09:36","modified_gmt":"2025-11-21T09:09:36","slug":"hot-dip-galvalume-steel-sheet","status":"publish","type":"product","link":"https:\/\/www.hbyesonsteel.com\/pt\/produto\/hot-dip-galvalume-steel-sheet\/","title":{"rendered":"Chapa de a\u00e7o galvalume por imers\u00e3o a quente"},"content":{"rendered":"<p>A chapa de a\u00e7o galvalume por imers\u00e3o a quente tamb\u00e9m \u00e9 chamada de chapa de alum\u00ednio-zinco, chapa de alum\u00ednio-zinco de cor natural, chapa de alum\u00ednio-zinco resistente a impress\u00f5es digitais e chapa de alum\u00ednio-zinco leve. Como o revestimento da superf\u00edcie da chapa \u00e9 uma liga composta por alum\u00ednio, zinco e outros oligoelementos, tem uma excelente resist\u00eancia \u00e0 corros\u00e3o e substitui gradualmente a chapa galvanizada. A chapa de alum\u00ednio-zinco \u00e9 utilizada principalmente para telhados de estruturas de a\u00e7o, superf\u00edcies de paredes, corpos de arm\u00e1rios de distribui\u00e7\u00e3o e placas de electrodom\u00e9sticos.<br \/>\nA estrutura mista do revestimento de alum\u00ednio-zinco-sil\u00edcio por imers\u00e3o a quente tem vantagens \u00fanicas em termos de resist\u00eancia \u00e0 corros\u00e3o. Quando a placa de alum\u00ednio-zinco \u00e9 usada, o eut\u00e9tico de zinco-alum\u00ednio no esqueleto da fase rica em alum\u00ednio \u00e9 primeiro corro\u00eddo, o que tem um bom efeito protetor na incis\u00e3o como zinco puro. O produto corro\u00eddo n\u00e3o \u00e9 t\u00e3o f\u00e1cil de cair como a placa galvanizada, mas \u00e9 apenas armazenado na lacuna do esqueleto da fase rica em alum\u00ednio, o que pode impedir a corros\u00e3o adicional do revestimento at\u00e9 certo ponto.<\/p>","protected":false},"excerpt":{"rendered":"<p>Hot Dip Galvalume Steel Sheet is one of the effective means to delay the environmental corrosion of iron and steel materials, it is the surface of the cleaned, activated iron and steel products immersed in molten zinc, through the reaction and diffusion between iron and zinc, in the iron and steel products surface plating good adhesion of zinc alloy coating.<\/p>","protected":false},"featured_media":2758,"template":"","meta":{"site-sidebar-layout":"default","site-content-layout":"","ast-site-content-layout":"default","site-content-style":"default","site-sidebar-style":"default","ast-global-header-display":"","ast-banner-title-visibility":"","ast-main-header-display":"","ast-hfb-above-header-display":"","ast-hfb-below-header-display":"","ast-hfb-mobile-header-display":"","site-post-title":"","ast-breadcrumbs-content":"","ast-featured-img":"","footer-sml-layout":"","ast-disable-related-posts":"","theme-transparent-header-meta":"default","adv-header-id-meta":"","stick-header-meta":"","header-above-stick-meta":"","header-main-stick-meta":"","header-below-stick-meta":"","astra-migrate-meta-layouts":"set","ast-page-background-enabled":"default","ast-page-background-meta":{"desktop":{"background-color":"","background-image":"","background-repeat":"repeat","background-position":"center center","background-size":"auto","background-attachment":"scroll","background-type":"","background-media":"","overlay-type":"","overlay-color":"","overlay-opacity":"","overlay-gradient":""},"tablet":{"background-color":"","background-image":"","background-repeat":"repeat","background-position":"center center","background-size":"auto","background-attachment":"scroll","background-type":"","background-media":"","overlay-type":"","overlay-color":"","overlay-opacity":"","overlay-gradient":""},"mobile":{"background-color":"","background-image":"","background-repeat":"repeat","background-position":"center center","background-size":"auto","background-attachment":"scroll","background-type":"","background-media":"","overlay-type":"","overlay-color":"","overlay-opacity":"","overlay-gradient":""}},"ast-content-background-meta":{"desktop":{"background-color":"var(--ast-global-color-5)","background-image":"","background-repeat":"repeat","background-position":"center center","background-size":"auto","background-attachment":"scroll","background-type":"","background-media":"","overlay-type":"","overlay-color":"","overlay-opacity":"","overlay-gradient":""},"tablet":{"background-color":"var(--ast-global-color-5)","background-image":"","background-repeat":"repeat","background-position":"center center","background-size":"auto","background-attachment":"scroll","background-type":"","background-media":"","overlay-type":"","overlay-color":"","overlay-opacity":"","overlay-gradient":""},"mobile":{"background-color":"var(--ast-global-color-5)","background-image":"","background-repeat":"repeat","background-position":"center center","background-size":"auto","background-attachment":"scroll","background-type":"","background-media":"","overlay-type":"","overlay-color":"","overlay-opacity":"","overlay-gradient":""}}},"product_brand":[],"product_cat":[100],"product_tag":[103],"class_list":{"0":"post-2757","1":"product","2":"type-product","3":"status-publish","4":"has-post-thumbnail","6":"product_cat-galvalume-steel-sheet","7":"product_tag-hot-dip-galvalume-steel-sheet","8":"desktop-align-left","9":"tablet-align-left","10":"mobile-align-left","12":"first","13":"instock","14":"shipping-taxable","15":"product-type-simple"},"_links":{"self":[{"href":"https:\/\/www.hbyesonsteel.com\/pt\/wp-json\/wp\/v2\/product\/2757","targetHints":{"allow":["GET"]}}],"collection":[{"href":"https:\/\/www.hbyesonsteel.com\/pt\/wp-json\/wp\/v2\/product"}],"about":[{"href":"https:\/\/www.hbyesonsteel.com\/pt\/wp-json\/wp\/v2\/types\/product"}],"wp:featuredmedia":[{"embeddable":true,"href":"https:\/\/www.hbyesonsteel.com\/pt\/wp-json\/wp\/v2\/media\/2758"}],"wp:attachment":[{"href":"https:\/\/www.hbyesonsteel.com\/pt\/wp-json\/wp\/v2\/media?parent=2757"}],"wp:term":[{"taxonomy":"product_brand","embeddable":true,"href":"https:\/\/www.hbyesonsteel.com\/pt\/wp-json\/wp\/v2\/product_brand?post=2757"},{"taxonomy":"product_cat","embeddable":true,"href":"https:\/\/www.hbyesonsteel.com\/pt\/wp-json\/wp\/v2\/product_cat?post=2757"},{"taxonomy":"product_tag","embeddable":true,"href":"https:\/\/www.hbyesonsteel.com\/pt\/wp-json\/wp\/v2\/product_tag?post=2757"}],"curies":[{"name":"wp","href":"https:\/\/api.w.org\/{rel}","templated":true}]}}